{"id":78703,"date":"2025-02-03T16:22:36","date_gmt":"2025-02-03T16:22:36","guid":{"rendered":"https:\/\/clinicaanjosdaguarda.com.br\/?page_id=78703"},"modified":"2025-02-03T16:31:32","modified_gmt":"2025-02-03T16:31:32","slug":"regiao-dos-lagos","status":"publish","type":"page","link":"https:\/\/clinicaanjosdaguarda.com.br\/es\/regiao-dos-lagos\/","title":{"rendered":"Regi\u00e3o dos Lagos"},"content":{"rendered":"<div data-elementor-type=\"wp-page\" data-elementor-id=\"78703\" class=\"elementor elementor-78703\" data-elementor-post-type=\"page\">\n\t\t\t\t\t\t<section class=\"elementor-section elementor-top-section elementor-element elementor-element-819f44f elementor-section-boxed elementor-section-height-default elementor-section-height-default\" data-id=\"819f44f\" data-element_type=\"section\" data-e-type=\"section\">\n\t\t\t\t\t\t<div class=\"elementor-container elementor-column-gap-default\">\n\t\t\t\t\t<div class=\"elementor-column elementor-col-100 elementor-top-column elementor-element elementor-element-267e6a8\" data-fullscreen-column-settings=\"{&quot;fullscreen&quot;:&quot;&quot;}\" data-id=\"267e6a8\" data-element_type=\"column\" data-e-type=\"column\">\n\t\t\t<div class=\"elementor-widget-wrap elementor-element-populated\">\n\t\t\t\t\t\t<div class=\"elementor-element elementor-element-5182faf elementor-widget elementor-widget-spacer\" data-id=\"5182faf\" data-element_type=\"widget\" data-e-type=\"widget\" data-widget_type=\"spacer.default\">\n\t\t\t\t<div class=\"elementor-widget-container\">\n\t\t\t\t\t\t\t<div class=\"elementor-spacer\">\n\t\t\t<div class=\"elementor-spacer-inner\"><\/div>\n\t\t<\/div>\n\t\t\t\t\t\t<\/div>\n\t\t\t\t<\/div>\n\t\t\t\t\t<\/div>\n\t\t<\/div>\n\t\t\t\t\t<\/div>\n\t\t<\/section>\n\t\t\t\t<section class=\"elementor-section elementor-top-section elementor-element elementor-element-225b734 elementor-section-height-min-height elementor-section-content-middle elementor-section-boxed elementor-section-height-default elementor-section-items-middle\" data-id=\"225b734\" data-element_type=\"section\" data-e-type=\"section\" data-settings=\"{&quot;background_background&quot;:&quot;classic&quot;}\">\n\t\t\t\t\t\t\t<div class=\"elementor-background-overlay\"><\/div>\n\t\t\t\t\t\t\t<div class=\"elementor-container elementor-column-gap-default\">\n\t\t\t\t\t<div class=\"elementor-column elementor-col-100 elementor-top-column elementor-element elementor-element-7d3bef1\" data-fullscreen-column-settings=\"{&quot;fullscreen&quot;:&quot;&quot;}\" data-id=\"7d3bef1\" data-element_type=\"column\" data-e-type=\"column\" data-settings=\"{&quot;background_background&quot;:&quot;classic&quot;}\">\n\t\t\t<div class=\"elementor-widget-wrap elementor-element-populated\">\n\t\t\t\t\t\t\t<\/div>\n\t\t<\/div>\n\t\t\t\t\t<\/div>\n\t\t<\/section>\n\t\t\t\t<section class=\"elementor-section elementor-top-section elementor-element elementor-element-7cfb84b elementor-section-boxed elementor-section-height-default elementor-section-height-default\" data-id=\"7cfb84b\" data-element_type=\"section\" data-e-type=\"section\">\n\t\t\t\t\t\t<div class=\"elementor-container elementor-column-gap-default\">\n\t\t\t\t\t<div class=\"elementor-column elementor-col-50 elementor-top-column elementor-element elementor-element-adf7bae elementor-invisible\" data-fullscreen-column-settings=\"{&quot;fullscreen&quot;:&quot;&quot;}\" data-id=\"adf7bae\" data-element_type=\"column\" data-e-type=\"column\" data-settings=\"{&quot;background_background&quot;:&quot;classic&quot;,&quot;animation&quot;:&quot;fadeInLeft&quot;}\">\n\t\t\t<div class=\"elementor-widget-wrap elementor-element-populated\">\n\t\t\t\t\t\t<div class=\"elementor-element elementor-element-5d94071 elementor-widget elementor-widget-image\" data-id=\"5d94071\" data-element_type=\"widget\" data-e-type=\"widget\" data-widget_type=\"image.default\">\n\t\t\t\t<div class=\"elementor-widget-container\">\n\t\t\t\t\t\t\t\t\t\t\t\t\t\t\t<img fetchpriority=\"high\" decoding=\"async\" width=\"800\" height=\"600\" src=\"https:\/\/clinicaanjosdaguarda.com.br\/wp-content\/uploads\/2025\/02\/Praia-das-Conchas.jpg\" class=\"elementor-animation-shrink attachment-large size-large wp-image-78695\" alt=\"\" srcset=\"https:\/\/clinicaanjosdaguarda.com.br\/wp-content\/uploads\/2025\/02\/Praia-das-Conchas.jpg 800w, https:\/\/clinicaanjosdaguarda.com.br\/wp-content\/uploads\/2025\/02\/Praia-das-Conchas-300x225.jpg 300w, https:\/\/clinicaanjosdaguarda.com.br\/wp-content\/uploads\/2025\/02\/Praia-das-Conchas-768x576.jpg 768w, https:\/\/clinicaanjosdaguarda.com.br\/wp-content\/uploads\/2025\/02\/Praia-das-Conchas-16x12.jpg 16w, https:\/\/clinicaanjosdaguarda.com.br\/wp-content\/uploads\/2025\/02\/Praia-das-Conchas-200x150.jpg 200w\" sizes=\"(max-width: 800px) 100vw, 800px\" \/>\t\t\t\t\t\t\t\t\t\t\t\t\t\t\t<\/div>\n\t\t\t\t<\/div>\n\t\t\t\t\t<\/div>\n\t\t<\/div>\n\t\t\t\t<div class=\"elementor-column elementor-col-50 elementor-top-column elementor-element elementor-element-6da8773 elementor-invisible\" data-fullscreen-column-settings=\"{&quot;fullscreen&quot;:&quot;&quot;}\" data-id=\"6da8773\" data-element_type=\"column\" data-e-type=\"column\" data-settings=\"{&quot;animation&quot;:&quot;fadeInRight&quot;}\">\n\t\t\t<div class=\"elementor-widget-wrap elementor-element-populated\">\n\t\t\t\t\t\t<div class=\"elementor-element elementor-element-2f4c8c3 elementor-widget elementor-widget-text-editor\" data-id=\"2f4c8c3\" data-element_type=\"widget\" data-e-type=\"widget\" data-widget_type=\"text-editor.default\">\n\t\t\t\t<div class=\"elementor-widget-container\">\n\t\t\t\t\t\t\t\t\t<h6 class=\"what-title text-dark my-3\"><strong>Cl\u00ednica Anjos da Guarda Regi\u00e3o dos Lagos<\/strong><\/h6><p style=\"text-align: justify;\"><b>Endere\u00e7o: <\/b>Rua Meira J\u00fanior, 525 \u2013 Porto Azul, Cabo Frio\/RJ<b><br \/><\/b><\/p><p style=\"text-align: justify;\"><b>WhatsApp\/ Celular: <\/b><a href=\"http:\/\/wa.me\/552299268-4109\">(22) 99268-4109<\/a> <b>(<\/b>24h)<\/p>\t\t\t\t\t\t\t\t<\/div>\n\t\t\t\t<\/div>\n\t\t\t\t\t<\/div>\n\t\t<\/div>\n\t\t\t\t\t<\/div>\n\t\t<\/section>\n\t\t\t\t<\/div>","protected":false},"excerpt":{"rendered":"<p>Cl\u00ednica Anjos da Guarda Regi\u00e3o dos Lagos Endere\u00e7o: Rua Meira J\u00fanior, 525 \u2013 Porto Azul, Cabo Frio\/RJ WhatsApp\/ Celular: (22) 99268-4109 (24h)<\/p>","protected":false},"author":1,"featured_media":0,"parent":0,"menu_order":0,"comment_status":"closed","ping_status":"closed","template":"","meta":{"footnotes":""},"class_list":["post-78703","page","type-page","status-publish","hentry"],"_links":{"self":[{"href":"https:\/\/clinicaanjosdaguarda.com.br\/es\/wp-json\/wp\/v2\/pages\/78703","targetHints":{"allow":["GET"]}}],"collection":[{"href":"https:\/\/clinicaanjosdaguarda.com.br\/es\/wp-json\/wp\/v2\/pages"}],"about":[{"href":"https:\/\/clinicaanjosdaguarda.com.br\/es\/wp-json\/wp\/v2\/types\/page"}],"author":[{"embeddable":true,"href":"https:\/\/clinicaanjosdaguarda.com.br\/es\/wp-json\/wp\/v2\/users\/1"}],"replies":[{"embeddable":true,"href":"https:\/\/clinicaanjosdaguarda.com.br\/es\/wp-json\/wp\/v2\/comments?post=78703"}],"version-history":[{"count":6,"href":"https:\/\/clinicaanjosdaguarda.com.br\/es\/wp-json\/wp\/v2\/pages\/78703\/revisions"}],"predecessor-version":[{"id":78721,"href":"https:\/\/clinicaanjosdaguarda.com.br\/es\/wp-json\/wp\/v2\/pages\/78703\/revisions\/78721"}],"wp:attachment":[{"href":"https:\/\/clinicaanjosdaguarda.com.br\/es\/wp-json\/wp\/v2\/media?parent=78703"}],"curies":[{"name":"wp","href":"https:\/\/api.w.org\/{rel}","templated":true}]}}