{"id":78575,"date":"2024-10-14T22:52:48","date_gmt":"2024-10-14T22:52:48","guid":{"rendered":"https:\/\/clinicaanjosdaguarda.com.br\/?page_id=78575"},"modified":"2024-10-14T22:56:36","modified_gmt":"2024-10-14T22:56:36","slug":"campinas","status":"publish","type":"page","link":"https:\/\/clinicaanjosdaguarda.com.br\/es\/campinas\/","title":{"rendered":"Campinas"},"content":{"rendered":"<div data-elementor-type=\"wp-page\" data-elementor-id=\"78575\" class=\"elementor elementor-78575\" data-elementor-post-type=\"page\">\n\t\t\t\t\t\t<section class=\"elementor-section elementor-top-section elementor-element elementor-element-d0dbcaa elementor-section-boxed elementor-section-height-default elementor-section-height-default\" data-id=\"d0dbcaa\" data-element_type=\"section\" data-e-type=\"section\">\n\t\t\t\t\t\t<div class=\"elementor-container elementor-column-gap-default\">\n\t\t\t\t\t<div class=\"elementor-column elementor-col-100 elementor-top-column elementor-element elementor-element-3a213a3\" data-fullscreen-column-settings=\"{&quot;fullscreen&quot;:&quot;&quot;}\" data-id=\"3a213a3\" data-element_type=\"column\" data-e-type=\"column\">\n\t\t\t<div class=\"elementor-widget-wrap elementor-element-populated\">\n\t\t\t\t\t\t<div class=\"elementor-element elementor-element-647a115 elementor-widget elementor-widget-spacer\" data-id=\"647a115\" data-element_type=\"widget\" data-e-type=\"widget\" data-widget_type=\"spacer.default\">\n\t\t\t\t<div class=\"elementor-widget-container\">\n\t\t\t\t\t\t\t<div class=\"elementor-spacer\">\n\t\t\t<div class=\"elementor-spacer-inner\"><\/div>\n\t\t<\/div>\n\t\t\t\t\t\t<\/div>\n\t\t\t\t<\/div>\n\t\t\t\t\t<\/div>\n\t\t<\/div>\n\t\t\t\t\t<\/div>\n\t\t<\/section>\n\t\t\t\t<section class=\"elementor-section elementor-top-section elementor-element elementor-element-80914ef elementor-section-height-min-height elementor-section-content-middle elementor-section-boxed elementor-section-height-default elementor-section-items-middle\" data-id=\"80914ef\" data-element_type=\"section\" data-e-type=\"section\" data-settings=\"{&quot;background_background&quot;:&quot;classic&quot;}\">\n\t\t\t\t\t\t\t<div class=\"elementor-background-overlay\"><\/div>\n\t\t\t\t\t\t\t<div class=\"elementor-container elementor-column-gap-default\">\n\t\t\t\t\t<div class=\"elementor-column elementor-col-100 elementor-top-column elementor-element elementor-element-c5469cc\" data-fullscreen-column-settings=\"{&quot;fullscreen&quot;:&quot;&quot;}\" data-id=\"c5469cc\" data-element_type=\"column\" data-e-type=\"column\" data-settings=\"{&quot;background_background&quot;:&quot;classic&quot;}\">\n\t\t\t<div class=\"elementor-widget-wrap elementor-element-populated\">\n\t\t\t\t\t\t\t<\/div>\n\t\t<\/div>\n\t\t\t\t\t<\/div>\n\t\t<\/section>\n\t\t\t\t<section class=\"elementor-section elementor-top-section elementor-element elementor-element-8eaa089 elementor-section-boxed elementor-section-height-default elementor-section-height-default\" data-id=\"8eaa089\" data-element_type=\"section\" data-e-type=\"section\">\n\t\t\t\t\t\t<div class=\"elementor-container elementor-column-gap-default\">\n\t\t\t\t\t<div class=\"elementor-column elementor-col-50 elementor-top-column elementor-element elementor-element-cfeec00 elementor-invisible\" data-fullscreen-column-settings=\"{&quot;fullscreen&quot;:&quot;&quot;}\" data-id=\"cfeec00\" data-element_type=\"column\" data-e-type=\"column\" data-settings=\"{&quot;background_background&quot;:&quot;classic&quot;,&quot;animation&quot;:&quot;fadeInLeft&quot;}\">\n\t\t\t<div class=\"elementor-widget-wrap elementor-element-populated\">\n\t\t\t\t\t\t<div class=\"elementor-element elementor-element-e7de0b4 elementor-widget elementor-widget-image\" data-id=\"e7de0b4\" data-element_type=\"widget\" data-e-type=\"widget\" data-widget_type=\"image.default\">\n\t\t\t\t<div class=\"elementor-widget-container\">\n\t\t\t\t\t\t\t\t\t\t\t\t\t\t\t<img fetchpriority=\"high\" decoding=\"async\" width=\"281\" height=\"179\" src=\"https:\/\/clinicaanjosdaguarda.com.br\/wp-content\/uploads\/2024\/10\/images-5.jpeg\" class=\"elementor-animation-shrink attachment-large size-large wp-image-78580\" alt=\"\" srcset=\"https:\/\/clinicaanjosdaguarda.com.br\/wp-content\/uploads\/2024\/10\/images-5.jpeg 281w, https:\/\/clinicaanjosdaguarda.com.br\/wp-content\/uploads\/2024\/10\/images-5-18x12.jpeg 18w, https:\/\/clinicaanjosdaguarda.com.br\/wp-content\/uploads\/2024\/10\/images-5-200x127.jpeg 200w\" sizes=\"(max-width: 281px) 100vw, 281px\" \/>\t\t\t\t\t\t\t\t\t\t\t\t\t\t\t<\/div>\n\t\t\t\t<\/div>\n\t\t\t\t\t<\/div>\n\t\t<\/div>\n\t\t\t\t<div class=\"elementor-column elementor-col-50 elementor-top-column elementor-element elementor-element-1a2df66 elementor-invisible\" data-fullscreen-column-settings=\"{&quot;fullscreen&quot;:&quot;&quot;}\" data-id=\"1a2df66\" data-element_type=\"column\" data-e-type=\"column\" data-settings=\"{&quot;animation&quot;:&quot;fadeInRight&quot;}\">\n\t\t\t<div class=\"elementor-widget-wrap elementor-element-populated\">\n\t\t\t\t\t\t<div class=\"elementor-element elementor-element-9f3b02c elementor-widget elementor-widget-text-editor\" data-id=\"9f3b02c\" data-element_type=\"widget\" data-e-type=\"widget\" data-widget_type=\"text-editor.default\">\n\t\t\t\t<div class=\"elementor-widget-container\">\n\t\t\t\t\t\t\t\t\t<h6 class=\"what-title text-dark my-3\"><strong>Cl\u00ednica Anjos da Guarda Campinas<\/strong><\/h6><p style=\"text-align: justify;\"><b>Endere\u00e7o: <\/b>Rua Concei\u00e7\u00e3o, n\u00ba. 233, Sala 916 &#8211; Centro &#8211; Campinas &#8211; SP<\/p><p><strong>E-mail:<\/strong> <a href=\"mailto:comercialsp@clinicaanjosdaguarda.com.br\">comercialsp@clinicaanjosdaguarda.com.br<\/a><\/p><p style=\"text-align: justify;\"><b>Telefone: <\/b><a href=\"tel:1938007045\">(19) 3800-7045<\/a><br \/><b>WhatsApp\/ Celular:<\/b> <a href=\"https:\/\/api.whatsapp.com\/send?phone=5519994258128\">(19) 99425-8128 <\/a>(24h)<\/p>\t\t\t\t\t\t\t\t<\/div>\n\t\t\t\t<\/div>\n\t\t\t\t\t<\/div>\n\t\t<\/div>\n\t\t\t\t\t<\/div>\n\t\t<\/section>\n\t\t\t\t<\/div>","protected":false},"excerpt":{"rendered":"<p>Cl\u00ednica Anjos da Guarda Campinas Endere\u00e7o: Rua Concei\u00e7\u00e3o, n\u00ba. 233, Sala 916 &#8211; Centro &#8211; Campinas &#8211; SP E-mail: comercialsp@clinicaanjosdaguarda.com.br Telefone: (19) 3800-7045WhatsApp\/ Celular: (19) 99425-8128 (24h)<\/p>","protected":false},"author":1,"featured_media":0,"parent":0,"menu_order":0,"comment_status":"closed","ping_status":"closed","template":"","meta":{"footnotes":""},"class_list":["post-78575","page","type-page","status-publish","hentry"],"_links":{"self":[{"href":"https:\/\/clinicaanjosdaguarda.com.br\/es\/wp-json\/wp\/v2\/pages\/78575","targetHints":{"allow":["GET"]}}],"collection":[{"href":"https:\/\/clinicaanjosdaguarda.com.br\/es\/wp-json\/wp\/v2\/pages"}],"about":[{"href":"https:\/\/clinicaanjosdaguarda.com.br\/es\/wp-json\/wp\/v2\/types\/page"}],"author":[{"embeddable":true,"href":"https:\/\/clinicaanjosdaguarda.com.br\/es\/wp-json\/wp\/v2\/users\/1"}],"replies":[{"embeddable":true,"href":"https:\/\/clinicaanjosdaguarda.com.br\/es\/wp-json\/wp\/v2\/comments?post=78575"}],"version-history":[{"count":6,"href":"https:\/\/clinicaanjosdaguarda.com.br\/es\/wp-json\/wp\/v2\/pages\/78575\/revisions"}],"predecessor-version":[{"id":78583,"href":"https:\/\/clinicaanjosdaguarda.com.br\/es\/wp-json\/wp\/v2\/pages\/78575\/revisions\/78583"}],"wp:attachment":[{"href":"https:\/\/clinicaanjosdaguarda.com.br\/es\/wp-json\/wp\/v2\/media?parent=78575"}],"curies":[{"name":"wp","href":"https:\/\/api.w.org\/{rel}","templated":true}]}}