{"id":78556,"date":"2024-07-18T18:39:43","date_gmt":"2024-07-18T18:39:43","guid":{"rendered":"https:\/\/clinicaanjosdaguarda.com.br\/?page_id=78556"},"modified":"2025-07-03T19:32:26","modified_gmt":"2025-07-03T19:32:26","slug":"brasilia","status":"publish","type":"page","link":"https:\/\/clinicaanjosdaguarda.com.br\/es\/brasilia\/","title":{"rendered":"Bras\u00edlia"},"content":{"rendered":"<div data-elementor-type=\"wp-page\" data-elementor-id=\"78556\" class=\"elementor elementor-78556\" data-elementor-post-type=\"page\">\n\t\t\t\t\t\t<section class=\"elementor-section elementor-top-section elementor-element elementor-element-baa9ddb elementor-section-boxed elementor-section-height-default elementor-section-height-default\" data-id=\"baa9ddb\" data-element_type=\"section\" data-e-type=\"section\">\n\t\t\t\t\t\t<div class=\"elementor-container elementor-column-gap-default\">\n\t\t\t\t\t<div class=\"elementor-column elementor-col-100 elementor-top-column elementor-element elementor-element-64744c0\" data-fullscreen-column-settings=\"{&quot;fullscreen&quot;:&quot;&quot;}\" data-id=\"64744c0\" data-element_type=\"column\" data-e-type=\"column\">\n\t\t\t<div class=\"elementor-widget-wrap elementor-element-populated\">\n\t\t\t\t\t\t<div class=\"elementor-element elementor-element-1c8c938 elementor-widget elementor-widget-spacer\" data-id=\"1c8c938\" data-element_type=\"widget\" data-e-type=\"widget\" data-widget_type=\"spacer.default\">\n\t\t\t\t<div class=\"elementor-widget-container\">\n\t\t\t\t\t\t\t<div class=\"elementor-spacer\">\n\t\t\t<div class=\"elementor-spacer-inner\"><\/div>\n\t\t<\/div>\n\t\t\t\t\t\t<\/div>\n\t\t\t\t<\/div>\n\t\t\t\t\t<\/div>\n\t\t<\/div>\n\t\t\t\t\t<\/div>\n\t\t<\/section>\n\t\t\t\t<section class=\"elementor-section elementor-top-section elementor-element elementor-element-3d3fa7b elementor-section-height-min-height elementor-section-content-middle elementor-section-boxed elementor-section-height-default elementor-section-items-middle\" data-id=\"3d3fa7b\" data-element_type=\"section\" data-e-type=\"section\" data-settings=\"{&quot;background_background&quot;:&quot;classic&quot;}\">\n\t\t\t\t\t\t\t<div class=\"elementor-background-overlay\"><\/div>\n\t\t\t\t\t\t\t<div class=\"elementor-container elementor-column-gap-default\">\n\t\t\t\t\t<div class=\"elementor-column elementor-col-100 elementor-top-column elementor-element elementor-element-ad88ead\" data-fullscreen-column-settings=\"{&quot;fullscreen&quot;:&quot;&quot;}\" data-id=\"ad88ead\" data-element_type=\"column\" data-e-type=\"column\" data-settings=\"{&quot;background_background&quot;:&quot;classic&quot;}\">\n\t\t\t<div class=\"elementor-widget-wrap elementor-element-populated\">\n\t\t\t\t\t\t\t<\/div>\n\t\t<\/div>\n\t\t\t\t\t<\/div>\n\t\t<\/section>\n\t\t\t\t<section class=\"elementor-section elementor-top-section elementor-element elementor-element-444a5b9 elementor-section-boxed elementor-section-height-default elementor-section-height-default\" data-id=\"444a5b9\" data-element_type=\"section\" data-e-type=\"section\">\n\t\t\t\t\t\t<div class=\"elementor-container elementor-column-gap-default\">\n\t\t\t\t\t<div class=\"elementor-column elementor-col-50 elementor-top-column elementor-element elementor-element-d78d1c5 elementor-invisible\" data-fullscreen-column-settings=\"{&quot;fullscreen&quot;:&quot;&quot;}\" data-id=\"d78d1c5\" data-element_type=\"column\" data-e-type=\"column\" data-settings=\"{&quot;background_background&quot;:&quot;classic&quot;,&quot;animation&quot;:&quot;fadeInLeft&quot;}\">\n\t\t\t<div class=\"elementor-widget-wrap elementor-element-populated\">\n\t\t\t\t\t\t<div class=\"elementor-element elementor-element-f0f538c elementor-widget elementor-widget-image\" data-id=\"f0f538c\" data-element_type=\"widget\" data-e-type=\"widget\" data-widget_type=\"image.default\">\n\t\t\t\t<div class=\"elementor-widget-container\">\n\t\t\t\t\t\t\t\t\t\t\t\t\t\t\t<img fetchpriority=\"high\" decoding=\"async\" width=\"540\" height=\"360\" src=\"https:\/\/clinicaanjosdaguarda.com.br\/wp-content\/uploads\/2024\/07\/360_F_417345315_UVrCqtSo6QrxFzfNoQq3jph047xGOUKj.jpg\" class=\"elementor-animation-shrink attachment-large size-large wp-image-78549\" alt=\"\" srcset=\"https:\/\/clinicaanjosdaguarda.com.br\/wp-content\/uploads\/2024\/07\/360_F_417345315_UVrCqtSo6QrxFzfNoQq3jph047xGOUKj.jpg 540w, https:\/\/clinicaanjosdaguarda.com.br\/wp-content\/uploads\/2024\/07\/360_F_417345315_UVrCqtSo6QrxFzfNoQq3jph047xGOUKj-300x200.jpg 300w, https:\/\/clinicaanjosdaguarda.com.br\/wp-content\/uploads\/2024\/07\/360_F_417345315_UVrCqtSo6QrxFzfNoQq3jph047xGOUKj-18x12.jpg 18w, https:\/\/clinicaanjosdaguarda.com.br\/wp-content\/uploads\/2024\/07\/360_F_417345315_UVrCqtSo6QrxFzfNoQq3jph047xGOUKj-200x133.jpg 200w\" sizes=\"(max-width: 540px) 100vw, 540px\" \/>\t\t\t\t\t\t\t\t\t\t\t\t\t\t\t<\/div>\n\t\t\t\t<\/div>\n\t\t\t\t\t<\/div>\n\t\t<\/div>\n\t\t\t\t<div class=\"elementor-column elementor-col-50 elementor-top-column elementor-element elementor-element-acb3011 elementor-invisible\" data-fullscreen-column-settings=\"{&quot;fullscreen&quot;:&quot;&quot;}\" data-id=\"acb3011\" data-element_type=\"column\" data-e-type=\"column\" data-settings=\"{&quot;animation&quot;:&quot;fadeInRight&quot;}\">\n\t\t\t<div class=\"elementor-widget-wrap elementor-element-populated\">\n\t\t\t\t\t\t<div class=\"elementor-element elementor-element-f5dcc15 elementor-widget elementor-widget-text-editor\" data-id=\"f5dcc15\" data-element_type=\"widget\" data-e-type=\"widget\" data-widget_type=\"text-editor.default\">\n\t\t\t\t<div class=\"elementor-widget-container\">\n\t\t\t\t\t\t\t\t\t<h6 class=\"what-title text-dark my-3\"><strong>Cl\u00ednica Anjos da Guarda Bras\u00edlia<\/strong><\/h6><p style=\"text-align: justify;\"><b>Endere\u00e7o: <\/b>Setor Comercial Norte, Quadra 04, Bloco B &#8211; Sala 702, 7\u00ba andar &#8211; Asa Norte, Bras\u00edlia\/DF\u00a0\u00a0 CEP 70.714-900<\/p><p style=\"text-align: justify;\"><b>WhatsApp\/ Celular: <\/b><a href=\"http:\/\/wa.me\/+5562982360142\">(62) 9 8236-0142<\/a><b>(<\/b>24h)<\/p>\t\t\t\t\t\t\t\t<\/div>\n\t\t\t\t<\/div>\n\t\t\t\t\t<\/div>\n\t\t<\/div>\n\t\t\t\t\t<\/div>\n\t\t<\/section>\n\t\t\t\t<section class=\"elementor-section elementor-top-section elementor-element elementor-element-381f8fa elementor-section-boxed elementor-section-height-default elementor-section-height-default elementor-invisible\" data-id=\"381f8fa\" data-element_type=\"section\" data-e-type=\"section\" data-settings=\"{&quot;animation&quot;:&quot;fadeInUp&quot;}\">\n\t\t\t\t\t\t<div class=\"elementor-container elementor-column-gap-default\">\n\t\t\t\t\t<div class=\"elementor-column elementor-col-100 elementor-top-column elementor-element elementor-element-31097ca\" data-fullscreen-column-settings=\"{&quot;fullscreen&quot;:&quot;&quot;}\" data-id=\"31097ca\" data-element_type=\"column\" data-e-type=\"column\">\n\t\t\t<div class=\"elementor-widget-wrap elementor-element-populated\">\n\t\t\t\t\t\t<div class=\"elementor-element elementor-element-477a449 elementor-widget elementor-widget-html\" data-id=\"477a449\" data-element_type=\"widget\" data-e-type=\"widget\" data-widget_type=\"html.default\">\n\t\t\t\t<div class=\"elementor-widget-container\">\n\t\t\t\t\t<iframe src=\"https:\/\/www.google.com\/maps\/embed?pb=!1m18!1m12!1m3!1d3840.2087954131903!2d-47.90363329068838!3d-15.740089984829673!2m3!1f0!2f0!3f0!3m2!1i1024!2i768!4f13.1!3m3!1m2!1s0x935a397e7a25a933%3A0x14264a07ded31fc5!2sAnjos%20da%20Guarda!5e0!3m2!1spt-BR!2sbr!4v1721328166034!5m2!1spt-BR!2sbr\" width=\"600\" height=\"350\" style=\"border:0;\" allowfullscreen=\"\" loading=\"lazy\" referrerpolicy=\"no-referrer-when-downgrade\"><\/iframe>\t\t\t\t<\/div>\n\t\t\t\t<\/div>\n\t\t\t\t\t<\/div>\n\t\t<\/div>\n\t\t\t\t\t<\/div>\n\t\t<\/section>\n\t\t\t\t<\/div>","protected":false},"excerpt":{"rendered":"<p>Cl\u00ednica Anjos da Guarda Bras\u00edlia Endere\u00e7o: Setor Comercial Norte, Quadra 04, Bloco B &#8211; Sala 702, 7\u00ba andar &#8211; Asa Norte, Bras\u00edlia\/DF\u00a0\u00a0 CEP 70.714-900 WhatsApp\/ Celular: (62) 9 8236-0142(24h)<\/p>","protected":false},"author":1,"featured_media":0,"parent":0,"menu_order":0,"comment_status":"closed","ping_status":"closed","template":"","meta":{"footnotes":""},"class_list":["post-78556","page","type-page","status-publish","hentry"],"_links":{"self":[{"href":"https:\/\/clinicaanjosdaguarda.com.br\/es\/wp-json\/wp\/v2\/pages\/78556","targetHints":{"allow":["GET"]}}],"collection":[{"href":"https:\/\/clinicaanjosdaguarda.com.br\/es\/wp-json\/wp\/v2\/pages"}],"about":[{"href":"https:\/\/clinicaanjosdaguarda.com.br\/es\/wp-json\/wp\/v2\/types\/page"}],"author":[{"embeddable":true,"href":"https:\/\/clinicaanjosdaguarda.com.br\/es\/wp-json\/wp\/v2\/users\/1"}],"replies":[{"embeddable":true,"href":"https:\/\/clinicaanjosdaguarda.com.br\/es\/wp-json\/wp\/v2\/comments?post=78556"}],"version-history":[{"count":6,"href":"https:\/\/clinicaanjosdaguarda.com.br\/es\/wp-json\/wp\/v2\/pages\/78556\/revisions"}],"predecessor-version":[{"id":78811,"href":"https:\/\/clinicaanjosdaguarda.com.br\/es\/wp-json\/wp\/v2\/pages\/78556\/revisions\/78811"}],"wp:attachment":[{"href":"https:\/\/clinicaanjosdaguarda.com.br\/es\/wp-json\/wp\/v2\/media?parent=78556"}],"curies":[{"name":"wp","href":"https:\/\/api.w.org\/{rel}","templated":true}]}}