{"id":78342,"date":"2024-07-18T16:43:18","date_gmt":"2024-07-18T16:43:18","guid":{"rendered":"https:\/\/clinicaanjosdaguarda.com.br\/?page_id=78342"},"modified":"2024-07-18T18:02:40","modified_gmt":"2024-07-18T18:02:40","slug":"litoral-gaucho","status":"publish","type":"page","link":"https:\/\/clinicaanjosdaguarda.com.br\/es\/litoral-gaucho\/","title":{"rendered":"Litoral Ga\u00facho"},"content":{"rendered":"<div data-elementor-type=\"wp-page\" data-elementor-id=\"78342\" class=\"elementor elementor-78342\" data-elementor-post-type=\"page\">\n\t\t\t\t\t\t<section class=\"elementor-section elementor-top-section elementor-element elementor-element-43a2367 elementor-section-boxed elementor-section-height-default elementor-section-height-default\" data-id=\"43a2367\" data-element_type=\"section\" data-e-type=\"section\">\n\t\t\t\t\t\t<div class=\"elementor-container elementor-column-gap-default\">\n\t\t\t\t\t<div class=\"elementor-column elementor-col-100 elementor-top-column elementor-element elementor-element-763cfe5\" data-fullscreen-column-settings=\"{&quot;fullscreen&quot;:&quot;&quot;}\" data-id=\"763cfe5\" data-element_type=\"column\" data-e-type=\"column\">\n\t\t\t<div class=\"elementor-widget-wrap elementor-element-populated\">\n\t\t\t\t\t\t<div class=\"elementor-element elementor-element-0b860c7 elementor-widget elementor-widget-spacer\" data-id=\"0b860c7\" data-element_type=\"widget\" data-e-type=\"widget\" data-widget_type=\"spacer.default\">\n\t\t\t\t<div class=\"elementor-widget-container\">\n\t\t\t\t\t\t\t<div class=\"elementor-spacer\">\n\t\t\t<div class=\"elementor-spacer-inner\"><\/div>\n\t\t<\/div>\n\t\t\t\t\t\t<\/div>\n\t\t\t\t<\/div>\n\t\t\t\t\t<\/div>\n\t\t<\/div>\n\t\t\t\t\t<\/div>\n\t\t<\/section>\n\t\t\t\t<section class=\"elementor-section elementor-top-section elementor-element elementor-element-304194c elementor-section-height-min-height elementor-section-content-middle elementor-section-boxed elementor-section-height-default elementor-section-items-middle\" data-id=\"304194c\" data-element_type=\"section\" data-e-type=\"section\" data-settings=\"{&quot;background_background&quot;:&quot;classic&quot;}\">\n\t\t\t\t\t\t\t<div class=\"elementor-background-overlay\"><\/div>\n\t\t\t\t\t\t\t<div class=\"elementor-container elementor-column-gap-default\">\n\t\t\t\t\t<div class=\"elementor-column elementor-col-100 elementor-top-column elementor-element elementor-element-eaf0d16\" data-fullscreen-column-settings=\"{&quot;fullscreen&quot;:&quot;&quot;}\" data-id=\"eaf0d16\" data-element_type=\"column\" data-e-type=\"column\" data-settings=\"{&quot;background_background&quot;:&quot;classic&quot;}\">\n\t\t\t<div class=\"elementor-widget-wrap elementor-element-populated\">\n\t\t\t\t\t\t\t<\/div>\n\t\t<\/div>\n\t\t\t\t\t<\/div>\n\t\t<\/section>\n\t\t\t\t<section class=\"elementor-section elementor-top-section elementor-element elementor-element-c10cab2 elementor-section-boxed elementor-section-height-default elementor-section-height-default\" data-id=\"c10cab2\" data-element_type=\"section\" data-e-type=\"section\">\n\t\t\t\t\t\t<div class=\"elementor-container elementor-column-gap-default\">\n\t\t\t\t\t<div class=\"elementor-column elementor-col-50 elementor-top-column elementor-element elementor-element-406d0e4 elementor-invisible\" data-fullscreen-column-settings=\"{&quot;fullscreen&quot;:&quot;&quot;}\" data-id=\"406d0e4\" data-element_type=\"column\" data-e-type=\"column\" data-settings=\"{&quot;background_background&quot;:&quot;classic&quot;,&quot;animation&quot;:&quot;fadeInLeft&quot;}\">\n\t\t\t<div class=\"elementor-widget-wrap elementor-element-populated\">\n\t\t\t\t\t\t<div class=\"elementor-element elementor-element-6231cbc elementor-widget elementor-widget-image\" data-id=\"6231cbc\" data-element_type=\"widget\" data-e-type=\"widget\" data-widget_type=\"image.default\">\n\t\t\t\t<div class=\"elementor-widget-container\">\n\t\t\t\t\t\t\t\t\t\t\t\t\t\t\t<img fetchpriority=\"high\" decoding=\"async\" width=\"960\" height=\"368\" src=\"https:\/\/clinicaanjosdaguarda.com.br\/wp-content\/uploads\/2024\/07\/praias-do-rio-grande-do-sul-praia-da-cal.jpg\" class=\"elementor-animation-shrink attachment-full size-full wp-image-78335\" alt=\"\" srcset=\"https:\/\/clinicaanjosdaguarda.com.br\/wp-content\/uploads\/2024\/07\/praias-do-rio-grande-do-sul-praia-da-cal.jpg 960w, https:\/\/clinicaanjosdaguarda.com.br\/wp-content\/uploads\/2024\/07\/praias-do-rio-grande-do-sul-praia-da-cal-300x115.jpg 300w, https:\/\/clinicaanjosdaguarda.com.br\/wp-content\/uploads\/2024\/07\/praias-do-rio-grande-do-sul-praia-da-cal-768x294.jpg 768w, https:\/\/clinicaanjosdaguarda.com.br\/wp-content\/uploads\/2024\/07\/praias-do-rio-grande-do-sul-praia-da-cal-18x7.jpg 18w, https:\/\/clinicaanjosdaguarda.com.br\/wp-content\/uploads\/2024\/07\/praias-do-rio-grande-do-sul-praia-da-cal-200x77.jpg 200w\" sizes=\"(max-width: 960px) 100vw, 960px\" \/>\t\t\t\t\t\t\t\t\t\t\t\t\t\t\t<\/div>\n\t\t\t\t<\/div>\n\t\t\t\t\t<\/div>\n\t\t<\/div>\n\t\t\t\t<div class=\"elementor-column elementor-col-50 elementor-top-column elementor-element elementor-element-2768580 elementor-invisible\" data-fullscreen-column-settings=\"{&quot;fullscreen&quot;:&quot;&quot;}\" data-id=\"2768580\" data-element_type=\"column\" data-e-type=\"column\" data-settings=\"{&quot;animation&quot;:&quot;fadeInRight&quot;}\">\n\t\t\t<div class=\"elementor-widget-wrap elementor-element-populated\">\n\t\t\t\t\t\t<div class=\"elementor-element elementor-element-168982a elementor-widget elementor-widget-text-editor\" data-id=\"168982a\" data-element_type=\"widget\" data-e-type=\"widget\" data-widget_type=\"text-editor.default\">\n\t\t\t\t<div class=\"elementor-widget-container\">\n\t\t\t\t\t\t\t\t\t<h6 class=\"what-title text-dark my-3\"><strong>Cl\u00ednica Anjos da Guarda Litoral Ga\u00facho<\/strong><\/h6><p><b>Endere\u00e7o: <\/b>Avenida Paraguass\u00fa, 420 &#8211; Zona Nova, Cap\u00e3o da Canoa\/RS CEP 95555-000<\/p><p><b>Telefone: <\/b><a href=\"tel:+5132098133\">(51)\u00a03209-8133<\/a><b><br \/>WhatsApp \/ Celular: <\/b><a href=\"http:\/\/wa.me\/5551998449466\">(51) 9 9844-9466<\/a>\u00a0(24h)<br \/><br \/><\/p><p><strong>Trabalhe Conosco:<br \/><\/strong><a href=\"mailto:rhmg@clinicaanjosdaguarda.com.br\">(51) 9 9568-4712\u00a0<\/a><strong><br \/><\/strong><\/p>\t\t\t\t\t\t\t\t<\/div>\n\t\t\t\t<\/div>\n\t\t\t\t\t<\/div>\n\t\t<\/div>\n\t\t\t\t\t<\/div>\n\t\t<\/section>\n\t\t\t\t<section class=\"elementor-section elementor-top-section elementor-element elementor-element-440fb09 elementor-section-boxed elementor-section-height-default elementor-section-height-default elementor-invisible\" data-id=\"440fb09\" data-element_type=\"section\" data-e-type=\"section\" data-settings=\"{&quot;animation&quot;:&quot;fadeInUp&quot;}\">\n\t\t\t\t\t\t<div class=\"elementor-container elementor-column-gap-default\">\n\t\t\t\t\t<div class=\"elementor-column elementor-col-100 elementor-top-column elementor-element elementor-element-b66279d\" data-fullscreen-column-settings=\"{&quot;fullscreen&quot;:&quot;&quot;}\" data-id=\"b66279d\" data-element_type=\"column\" data-e-type=\"column\">\n\t\t\t<div class=\"elementor-widget-wrap elementor-element-populated\">\n\t\t\t\t\t\t<div class=\"elementor-element elementor-element-0fbf4ff elementor-widget elementor-widget-html\" data-id=\"0fbf4ff\" data-element_type=\"widget\" data-e-type=\"widget\" data-widget_type=\"html.default\">\n\t\t\t\t<div class=\"elementor-widget-container\">\n\t\t\t\t\t<iframe src=\"https:\/\/www.google.com\/maps\/embed?pb=!1m18!1m12!1m3!1d3464.08769205816!2d-50.01342579013797!3d-29.74617517497115!2m3!1f0!2f0!3f0!3m2!1i1024!2i768!4f13.1!3m3!1m2!1s0x952283e5989260a5%3A0x44a34623c9d1de29!2sAnjos%20da%20Guarda%20Cuidadores%20de%20Idosos%20e%20Enfermagem%20Home%20Care!5e0!3m2!1spt-BR!2sbr!4v1721325739940!5m2!1spt-BR!2sbr\" width=\"600\" height=\"350\" style=\"border:0;\" allowfullscreen=\"\" loading=\"lazy\" referrerpolicy=\"no-referrer-when-downgrade\"><\/iframe>\t\t\t\t<\/div>\n\t\t\t\t<\/div>\n\t\t\t\t\t<\/div>\n\t\t<\/div>\n\t\t\t\t\t<\/div>\n\t\t<\/section>\n\t\t\t\t<\/div>","protected":false},"excerpt":{"rendered":"<p>Cl\u00ednica Anjos da Guarda Litoral Ga\u00facho Endere\u00e7o: Avenida Paraguass\u00fa, 420 &#8211; Zona Nova, Cap\u00e3o da Canoa\/RS CEP 95555-000 Telefone: (51)\u00a03209-8133WhatsApp \/ Celular: (51) 9 9844-9466\u00a0(24h) Trabalhe Conosco:(51) 9 9568-4712\u00a0<\/p>","protected":false},"author":1,"featured_media":0,"parent":0,"menu_order":0,"comment_status":"closed","ping_status":"closed","template":"","meta":{"footnotes":""},"class_list":["post-78342","page","type-page","status-publish","hentry"],"_links":{"self":[{"href":"https:\/\/clinicaanjosdaguarda.com.br\/es\/wp-json\/wp\/v2\/pages\/78342","targetHints":{"allow":["GET"]}}],"collection":[{"href":"https:\/\/clinicaanjosdaguarda.com.br\/es\/wp-json\/wp\/v2\/pages"}],"about":[{"href":"https:\/\/clinicaanjosdaguarda.com.br\/es\/wp-json\/wp\/v2\/types\/page"}],"author":[{"embeddable":true,"href":"https:\/\/clinicaanjosdaguarda.com.br\/es\/wp-json\/wp\/v2\/users\/1"}],"replies":[{"embeddable":true,"href":"https:\/\/clinicaanjosdaguarda.com.br\/es\/wp-json\/wp\/v2\/comments?post=78342"}],"version-history":[{"count":6,"href":"https:\/\/clinicaanjosdaguarda.com.br\/es\/wp-json\/wp\/v2\/pages\/78342\/revisions"}],"predecessor-version":[{"id":78463,"href":"https:\/\/clinicaanjosdaguarda.com.br\/es\/wp-json\/wp\/v2\/pages\/78342\/revisions\/78463"}],"wp:attachment":[{"href":"https:\/\/clinicaanjosdaguarda.com.br\/es\/wp-json\/wp\/v2\/media?parent=78342"}],"curies":[{"name":"wp","href":"https:\/\/api.w.org\/{rel}","templated":true}]}}