{"id":77184,"date":"2021-12-22T05:01:28","date_gmt":"2021-12-22T05:01:28","guid":{"rendered":"https:\/\/clinicaanjosdaguarda.com.br\/?page_id=77184"},"modified":"2024-07-18T17:25:32","modified_gmt":"2024-07-18T17:25:32","slug":"balneario-camboriu","status":"publish","type":"page","link":"https:\/\/clinicaanjosdaguarda.com.br\/es\/balneario-camboriu\/","title":{"rendered":"Balne\u00e1rio Cambori\u00fa"},"content":{"rendered":"<div data-elementor-type=\"wp-page\" data-elementor-id=\"77184\" class=\"elementor elementor-77184\" data-elementor-post-type=\"page\">\n\t\t\t\t\t\t<section class=\"elementor-section elementor-top-section elementor-element elementor-element-fec882f elementor-section-boxed elementor-section-height-default elementor-section-height-default\" data-id=\"fec882f\" data-element_type=\"section\" data-e-type=\"section\">\n\t\t\t\t\t\t<div class=\"elementor-container elementor-column-gap-default\">\n\t\t\t\t\t<div class=\"elementor-column elementor-col-100 elementor-top-column elementor-element elementor-element-9b47855\" data-fullscreen-column-settings=\"{&quot;fullscreen&quot;:&quot;&quot;}\" data-id=\"9b47855\" data-element_type=\"column\" data-e-type=\"column\">\n\t\t\t<div class=\"elementor-widget-wrap elementor-element-populated\">\n\t\t\t\t\t\t<div class=\"elementor-element elementor-element-9b3ebdf elementor-widget elementor-widget-spacer\" data-id=\"9b3ebdf\" data-element_type=\"widget\" data-e-type=\"widget\" data-widget_type=\"spacer.default\">\n\t\t\t\t<div class=\"elementor-widget-container\">\n\t\t\t\t\t\t\t<div class=\"elementor-spacer\">\n\t\t\t<div class=\"elementor-spacer-inner\"><\/div>\n\t\t<\/div>\n\t\t\t\t\t\t<\/div>\n\t\t\t\t<\/div>\n\t\t\t\t\t<\/div>\n\t\t<\/div>\n\t\t\t\t\t<\/div>\n\t\t<\/section>\n\t\t\t\t<section class=\"elementor-section elementor-top-section elementor-element elementor-element-e502535 elementor-section-height-min-height elementor-section-content-middle elementor-section-boxed elementor-section-height-default elementor-section-items-middle\" data-id=\"e502535\" data-element_type=\"section\" data-e-type=\"section\" data-settings=\"{&quot;background_background&quot;:&quot;classic&quot;}\">\n\t\t\t\t\t\t\t<div class=\"elementor-background-overlay\"><\/div>\n\t\t\t\t\t\t\t<div class=\"elementor-container elementor-column-gap-default\">\n\t\t\t\t\t<div class=\"elementor-column elementor-col-100 elementor-top-column elementor-element elementor-element-41bb4ce\" data-fullscreen-column-settings=\"{&quot;fullscreen&quot;:&quot;&quot;}\" data-id=\"41bb4ce\" data-element_type=\"column\" data-e-type=\"column\" data-settings=\"{&quot;background_background&quot;:&quot;classic&quot;}\">\n\t\t\t<div class=\"elementor-widget-wrap elementor-element-populated\">\n\t\t\t\t\t\t\t<\/div>\n\t\t<\/div>\n\t\t\t\t\t<\/div>\n\t\t<\/section>\n\t\t\t\t<section class=\"elementor-section elementor-top-section elementor-element elementor-element-550d40b elementor-section-boxed elementor-section-height-default elementor-section-height-default\" data-id=\"550d40b\" data-element_type=\"section\" data-e-type=\"section\">\n\t\t\t\t\t\t<div class=\"elementor-container elementor-column-gap-default\">\n\t\t\t\t\t<div class=\"elementor-column elementor-col-50 elementor-top-column elementor-element elementor-element-935f72c elementor-invisible\" data-fullscreen-column-settings=\"{&quot;fullscreen&quot;:&quot;&quot;}\" data-id=\"935f72c\" data-element_type=\"column\" data-e-type=\"column\" data-settings=\"{&quot;background_background&quot;:&quot;classic&quot;,&quot;animation&quot;:&quot;fadeInLeft&quot;}\">\n\t\t\t<div class=\"elementor-widget-wrap elementor-element-populated\">\n\t\t\t\t\t\t<div class=\"elementor-element elementor-element-0950799 elementor-widget elementor-widget-image\" data-id=\"0950799\" data-element_type=\"widget\" data-e-type=\"widget\" data-widget_type=\"image.default\">\n\t\t\t\t<div class=\"elementor-widget-container\">\n\t\t\t\t\t\t\t\t\t\t\t\t\t\t\t<img fetchpriority=\"high\" decoding=\"async\" width=\"520\" height=\"450\" src=\"https:\/\/clinicaanjosdaguarda.com.br\/wp-content\/uploads\/2021\/12\/b5.jpg\" class=\"elementor-animation-shrink attachment-large size-large wp-image-77185\" alt=\"\" srcset=\"https:\/\/clinicaanjosdaguarda.com.br\/wp-content\/uploads\/2021\/12\/b5.jpg 520w, https:\/\/clinicaanjosdaguarda.com.br\/wp-content\/uploads\/2021\/12\/b5-300x260.jpg 300w, https:\/\/clinicaanjosdaguarda.com.br\/wp-content\/uploads\/2021\/12\/b5-14x12.jpg 14w, https:\/\/clinicaanjosdaguarda.com.br\/wp-content\/uploads\/2021\/12\/b5-200x173.jpg 200w\" sizes=\"(max-width: 520px) 100vw, 520px\" \/>\t\t\t\t\t\t\t\t\t\t\t\t\t\t\t<\/div>\n\t\t\t\t<\/div>\n\t\t\t\t\t<\/div>\n\t\t<\/div>\n\t\t\t\t<div class=\"elementor-column elementor-col-50 elementor-top-column elementor-element elementor-element-8e64e62 elementor-invisible\" data-fullscreen-column-settings=\"{&quot;fullscreen&quot;:&quot;&quot;}\" data-id=\"8e64e62\" data-element_type=\"column\" data-e-type=\"column\" data-settings=\"{&quot;animation&quot;:&quot;fadeInRight&quot;}\">\n\t\t\t<div class=\"elementor-widget-wrap elementor-element-populated\">\n\t\t\t\t\t\t<div class=\"elementor-element elementor-element-4ff9cb9 elementor-widget elementor-widget-text-editor\" data-id=\"4ff9cb9\" data-element_type=\"widget\" data-e-type=\"widget\" data-widget_type=\"text-editor.default\">\n\t\t\t\t<div class=\"elementor-widget-container\">\n\t\t\t\t\t\t\t\t\t<h6 class=\"what-title text-dark my-3\"><strong>Cl\u00ednica Anjos da Guarda Balne\u00e1rio Cambori\u00fa<\/strong><\/h6><p style=\"text-align: justify;\"><b>Endere\u00e7o: <\/b>Rua Arthur Max Doose, 153, sala 1702, Pioneiros \u2013 Bal. Cambori\u00fa\/SC CEP 88331-085<\/p><p style=\"text-align: justify;\"><b>Telefone: <\/b><a href=\"tel:4130417848\">(47) 3041-7848<\/a><br \/><b>WhatsApp\/ Celular:<\/b> <a href=\"https:\/\/api.whatsapp.com\/send?phone=5547999190212\">(47) 9 9919 0212\u00a0<\/a>(24h)<\/p><p style=\"text-align: justify;\"><b>Trabalhe Conosco:<\/b><br \/><a href=\"tel:+48988198920\">(48) 98819-8920<\/a><\/p>\t\t\t\t\t\t\t\t<\/div>\n\t\t\t\t<\/div>\n\t\t\t\t\t<\/div>\n\t\t<\/div>\n\t\t\t\t\t<\/div>\n\t\t<\/section>\n\t\t\t\t<section class=\"elementor-section elementor-top-section elementor-element elementor-element-373323c elementor-section-boxed elementor-section-height-default elementor-section-height-default elementor-invisible\" data-id=\"373323c\" data-element_type=\"section\" data-e-type=\"section\" data-settings=\"{&quot;animation&quot;:&quot;fadeInUp&quot;}\">\n\t\t\t\t\t\t<div class=\"elementor-container elementor-column-gap-default\">\n\t\t\t\t\t<div class=\"elementor-column elementor-col-100 elementor-top-column elementor-element elementor-element-2c5352f\" data-fullscreen-column-settings=\"{&quot;fullscreen&quot;:&quot;&quot;}\" data-id=\"2c5352f\" data-element_type=\"column\" data-e-type=\"column\">\n\t\t\t<div class=\"elementor-widget-wrap elementor-element-populated\">\n\t\t\t\t\t\t<div class=\"elementor-element elementor-element-8da8832 elementor-widget elementor-widget-html\" data-id=\"8da8832\" data-element_type=\"widget\" data-e-type=\"widget\" data-widget_type=\"html.default\">\n\t\t\t\t<div class=\"elementor-widget-container\">\n\t\t\t\t\t<iframe src=\"https:\/\/www.google.com\/maps\/embed?pb=!1m18!1m12!1m3!1d3555.0983742046647!2d-48.64316728504846!3d-26.99543770316121!2m3!1f0!2f0!3f0!3m2!1i1024!2i768!4f13.1!3m3!1m2!1s0x94d8b5c513de66b3%3A0x1de08fff3d7433ba!2sAnjos%20da%20Guarda%20Cuidadores%20de%20Idosos%20e%20Enfermagem%20Home%20Care!5e0!3m2!1spt-BR!2sbr!4v1640149583058!5m2!1spt-BR!2sbr\" width=\"600\" height=\"300\" style=\"border:0;\" allowfullscreen=\"\" loading=\"lazy\"><\/iframe>\t\t\t\t<\/div>\n\t\t\t\t<\/div>\n\t\t\t\t\t<\/div>\n\t\t<\/div>\n\t\t\t\t\t<\/div>\n\t\t<\/section>\n\t\t\t\t<\/div>","protected":false},"excerpt":{"rendered":"<p>Cl\u00ednica Anjos da Guarda Balne\u00e1rio Cambori\u00fa Endere\u00e7o: Rua Arthur Max Doose, 153, sala 1702, Pioneiros \u2013 Bal. Cambori\u00fa\/SC CEP 88331-085 Telefone: (47) 3041-7848WhatsApp\/ Celular: (47) 9 9919 0212\u00a0(24h) Trabalhe Conosco:(48) 98819-8920<\/p>","protected":false},"author":1,"featured_media":0,"parent":0,"menu_order":0,"comment_status":"closed","ping_status":"closed","template":"","meta":{"footnotes":""},"class_list":["post-77184","page","type-page","status-publish","hentry"],"_links":{"self":[{"href":"https:\/\/clinicaanjosdaguarda.com.br\/es\/wp-json\/wp\/v2\/pages\/77184","targetHints":{"allow":["GET"]}}],"collection":[{"href":"https:\/\/clinicaanjosdaguarda.com.br\/es\/wp-json\/wp\/v2\/pages"}],"about":[{"href":"https:\/\/clinicaanjosdaguarda.com.br\/es\/wp-json\/wp\/v2\/types\/page"}],"author":[{"embeddable":true,"href":"https:\/\/clinicaanjosdaguarda.com.br\/es\/wp-json\/wp\/v2\/users\/1"}],"replies":[{"embeddable":true,"href":"https:\/\/clinicaanjosdaguarda.com.br\/es\/wp-json\/wp\/v2\/comments?post=77184"}],"version-history":[{"count":42,"href":"https:\/\/clinicaanjosdaguarda.com.br\/es\/wp-json\/wp\/v2\/pages\/77184\/revisions"}],"predecessor-version":[{"id":78403,"href":"https:\/\/clinicaanjosdaguarda.com.br\/es\/wp-json\/wp\/v2\/pages\/77184\/revisions\/78403"}],"wp:attachment":[{"href":"https:\/\/clinicaanjosdaguarda.com.br\/es\/wp-json\/wp\/v2\/media?parent=77184"}],"curies":[{"name":"wp","href":"https:\/\/api.w.org\/{rel}","templated":true}]}}