{"id":77150,"date":"2021-12-22T04:30:45","date_gmt":"2021-12-22T04:30:45","guid":{"rendered":"https:\/\/clinicaanjosdaguarda.com.br\/?page_id=77150"},"modified":"2024-10-14T23:11:29","modified_gmt":"2024-10-14T23:11:29","slug":"sao-paulo","status":"publish","type":"page","link":"https:\/\/clinicaanjosdaguarda.com.br\/es\/sao-paulo\/","title":{"rendered":"S\u00e3o Paulo"},"content":{"rendered":"<div data-elementor-type=\"wp-page\" data-elementor-id=\"77150\" class=\"elementor elementor-77150\" data-elementor-post-type=\"page\">\n\t\t\t\t\t\t<section class=\"elementor-section elementor-top-section elementor-element elementor-element-7879648 elementor-section-boxed elementor-section-height-default elementor-section-height-default\" data-id=\"7879648\" data-element_type=\"section\" data-e-type=\"section\">\n\t\t\t\t\t\t<div class=\"elementor-container elementor-column-gap-default\">\n\t\t\t\t\t<div class=\"elementor-column elementor-col-100 elementor-top-column elementor-element elementor-element-56a3316\" data-fullscreen-column-settings=\"{&quot;fullscreen&quot;:&quot;&quot;}\" data-id=\"56a3316\" data-element_type=\"column\" data-e-type=\"column\">\n\t\t\t<div class=\"elementor-widget-wrap elementor-element-populated\">\n\t\t\t\t\t\t<div class=\"elementor-element elementor-element-e7c90b9 elementor-widget elementor-widget-spacer\" data-id=\"e7c90b9\" data-element_type=\"widget\" data-e-type=\"widget\" data-widget_type=\"spacer.default\">\n\t\t\t\t<div class=\"elementor-widget-container\">\n\t\t\t\t\t\t\t<div class=\"elementor-spacer\">\n\t\t\t<div class=\"elementor-spacer-inner\"><\/div>\n\t\t<\/div>\n\t\t\t\t\t\t<\/div>\n\t\t\t\t<\/div>\n\t\t\t\t\t<\/div>\n\t\t<\/div>\n\t\t\t\t\t<\/div>\n\t\t<\/section>\n\t\t\t\t<section class=\"elementor-section elementor-top-section elementor-element elementor-element-e4e019c elementor-section-height-min-height elementor-section-content-middle elementor-section-boxed elementor-section-height-default elementor-section-items-middle\" data-id=\"e4e019c\" data-element_type=\"section\" data-e-type=\"section\" data-settings=\"{&quot;background_background&quot;:&quot;classic&quot;}\">\n\t\t\t\t\t\t\t<div class=\"elementor-background-overlay\"><\/div>\n\t\t\t\t\t\t\t<div class=\"elementor-container elementor-column-gap-default\">\n\t\t\t\t\t<div class=\"elementor-column elementor-col-100 elementor-top-column elementor-element elementor-element-104e4a2\" data-fullscreen-column-settings=\"{&quot;fullscreen&quot;:&quot;&quot;}\" data-id=\"104e4a2\" data-element_type=\"column\" data-e-type=\"column\" data-settings=\"{&quot;background_background&quot;:&quot;classic&quot;}\">\n\t\t\t<div class=\"elementor-widget-wrap elementor-element-populated\">\n\t\t\t\t\t\t\t<\/div>\n\t\t<\/div>\n\t\t\t\t\t<\/div>\n\t\t<\/section>\n\t\t\t\t<section class=\"elementor-section elementor-top-section elementor-element elementor-element-a9f89fc elementor-section-boxed elementor-section-height-default elementor-section-height-default\" data-id=\"a9f89fc\" data-element_type=\"section\" data-e-type=\"section\">\n\t\t\t\t\t\t<div class=\"elementor-container elementor-column-gap-default\">\n\t\t\t\t\t<div class=\"elementor-column elementor-col-50 elementor-top-column elementor-element elementor-element-c1edd65 elementor-invisible\" data-fullscreen-column-settings=\"{&quot;fullscreen&quot;:&quot;&quot;}\" data-id=\"c1edd65\" data-element_type=\"column\" data-e-type=\"column\" data-settings=\"{&quot;background_background&quot;:&quot;classic&quot;,&quot;animation&quot;:&quot;fadeInLeft&quot;}\">\n\t\t\t<div class=\"elementor-widget-wrap elementor-element-populated\">\n\t\t\t\t\t\t<div class=\"elementor-element elementor-element-531a127 elementor-widget elementor-widget-image\" data-id=\"531a127\" data-element_type=\"widget\" data-e-type=\"widget\" data-widget_type=\"image.default\">\n\t\t\t\t<div class=\"elementor-widget-container\">\n\t\t\t\t\t\t\t\t\t\t\t\t\t\t\t<img fetchpriority=\"high\" decoding=\"async\" width=\"520\" height=\"450\" src=\"https:\/\/clinicaanjosdaguarda.com.br\/wp-content\/uploads\/2021\/12\/b4.jpg\" class=\"elementor-animation-shrink attachment-large size-large wp-image-77151\" alt=\"\" srcset=\"https:\/\/clinicaanjosdaguarda.com.br\/wp-content\/uploads\/2021\/12\/b4.jpg 520w, https:\/\/clinicaanjosdaguarda.com.br\/wp-content\/uploads\/2021\/12\/b4-300x260.jpg 300w, https:\/\/clinicaanjosdaguarda.com.br\/wp-content\/uploads\/2021\/12\/b4-14x12.jpg 14w, https:\/\/clinicaanjosdaguarda.com.br\/wp-content\/uploads\/2021\/12\/b4-200x173.jpg 200w\" sizes=\"(max-width: 520px) 100vw, 520px\" \/>\t\t\t\t\t\t\t\t\t\t\t\t\t\t\t<\/div>\n\t\t\t\t<\/div>\n\t\t\t\t\t<\/div>\n\t\t<\/div>\n\t\t\t\t<div class=\"elementor-column elementor-col-50 elementor-top-column elementor-element elementor-element-78c239d elementor-invisible\" data-fullscreen-column-settings=\"{&quot;fullscreen&quot;:&quot;&quot;}\" data-id=\"78c239d\" data-element_type=\"column\" data-e-type=\"column\" data-settings=\"{&quot;animation&quot;:&quot;fadeInRight&quot;}\">\n\t\t\t<div class=\"elementor-widget-wrap elementor-element-populated\">\n\t\t\t\t\t\t<div class=\"elementor-element elementor-element-3563763 elementor-widget elementor-widget-text-editor\" data-id=\"3563763\" data-element_type=\"widget\" data-e-type=\"widget\" data-widget_type=\"text-editor.default\">\n\t\t\t\t<div class=\"elementor-widget-container\">\n\t\t\t\t\t\t\t\t\t<h6 class=\"what-title text-dark my-3\"><strong>Cl\u00ednica Anjos da Guarda S\u00e3o Paulo<\/strong><\/h6><p style=\"text-align: justify;\"><b>Endere\u00e7o: <\/b>Rua Albion, n\u00ba. 229, Conjunto 91\/94 &#8211; Lapa &#8211; S\u00e3o Paulo &#8211; SP\u00a0<br \/>CEP 05077-130<\/p><p style=\"text-align: justify;\"><b>Telefone: <\/b><a href=\"tel:+551125289971\">(11) 2528-9971\u00a0<\/a>\u00a0<br \/><b>WhatsApp \/ Celular:<\/b><a href=\"http:\/\/wa.me\/5511966398706\">(11) 9-6639-8706<\/a>(24h)<\/p><p><strong>Email:<\/strong> <a href=\"mailto:comercialsp@clinicaanjosdaguarda.com.br\">comercialsp@clinicaanjosdaguarda.com.br<\/a><\/p><p style=\"text-align: justify;\"><b>Trabalhe Conosco:<\/b><br \/><a href=\"tel:+5511988719219\">(11) 9 8871-9219<\/a><\/p>\t\t\t\t\t\t\t\t<\/div>\n\t\t\t\t<\/div>\n\t\t\t\t\t<\/div>\n\t\t<\/div>\n\t\t\t\t\t<\/div>\n\t\t<\/section>\n\t\t\t\t<section class=\"elementor-section elementor-top-section elementor-element elementor-element-a1c5735 elementor-section-boxed elementor-section-height-default elementor-section-height-default elementor-invisible\" data-id=\"a1c5735\" data-element_type=\"section\" data-e-type=\"section\" data-settings=\"{&quot;animation&quot;:&quot;fadeInUp&quot;}\">\n\t\t\t\t\t\t<div class=\"elementor-container elementor-column-gap-default\">\n\t\t\t\t\t<div class=\"elementor-column elementor-col-100 elementor-top-column elementor-element elementor-element-4878b87\" data-fullscreen-column-settings=\"{&quot;fullscreen&quot;:&quot;&quot;}\" data-id=\"4878b87\" data-element_type=\"column\" data-e-type=\"column\">\n\t\t\t<div class=\"elementor-widget-wrap elementor-element-populated\">\n\t\t\t\t\t\t<div class=\"elementor-element elementor-element-0a4e39c elementor-widget elementor-widget-html\" data-id=\"0a4e39c\" data-element_type=\"widget\" data-e-type=\"widget\" data-widget_type=\"html.default\">\n\t\t\t\t<div class=\"elementor-widget-container\">\n\t\t\t\t\t<iframe src=\"https:\/\/www.google.com\/maps\/embed?pb=!1m18!1m12!1m3!1d3658.243537635244!2d-46.70885888513491!3d-23.5237415660889!2m3!1f0!2f0!3f0!3m2!1i1024!2i768!4f13.1!3m3!1m2!1s0x94cef9bdeb12bf91%3A0x189100a6162865b2!2sAnjos%20da%20Guarda%20Cuidadores%20de%20Idosos%20e%20Enfermagem%20Home%20Care!5e0!3m2!1spt-BR!2sbr!4v1640147356114!5m2!1spt-BR!2sbr\" width=\"600\" height=\"300\" style=\"border:0;\" allowfullscreen=\"\" loading=\"lazy\"><\/iframe>\t\t\t\t<\/div>\n\t\t\t\t<\/div>\n\t\t\t\t\t<\/div>\n\t\t<\/div>\n\t\t\t\t\t<\/div>\n\t\t<\/section>\n\t\t\t\t<\/div>","protected":false},"excerpt":{"rendered":"<p>Cl\u00ednica Anjos da Guarda S\u00e3o Paulo Endere\u00e7o: Rua Albion, n\u00ba. 229, Conjunto 91\/94 &#8211; Lapa &#8211; S\u00e3o Paulo &#8211; SP\u00a0CEP 05077-130 Telefone: (11) 2528-9971\u00a0\u00a0WhatsApp \/ Celular:(11) 9-6639-8706(24h) Email: comercialsp@clinicaanjosdaguarda.com.br Trabalhe Conosco:(11) 9 8871-9219<\/p>","protected":false},"author":1,"featured_media":0,"parent":0,"menu_order":0,"comment_status":"closed","ping_status":"closed","template":"","meta":{"footnotes":""},"class_list":["post-77150","page","type-page","status-publish","hentry"],"_links":{"self":[{"href":"https:\/\/clinicaanjosdaguarda.com.br\/es\/wp-json\/wp\/v2\/pages\/77150","targetHints":{"allow":["GET"]}}],"collection":[{"href":"https:\/\/clinicaanjosdaguarda.com.br\/es\/wp-json\/wp\/v2\/pages"}],"about":[{"href":"https:\/\/clinicaanjosdaguarda.com.br\/es\/wp-json\/wp\/v2\/types\/page"}],"author":[{"embeddable":true,"href":"https:\/\/clinicaanjosdaguarda.com.br\/es\/wp-json\/wp\/v2\/users\/1"}],"replies":[{"embeddable":true,"href":"https:\/\/clinicaanjosdaguarda.com.br\/es\/wp-json\/wp\/v2\/comments?post=77150"}],"version-history":[{"count":42,"href":"https:\/\/clinicaanjosdaguarda.com.br\/es\/wp-json\/wp\/v2\/pages\/77150\/revisions"}],"predecessor-version":[{"id":78604,"href":"https:\/\/clinicaanjosdaguarda.com.br\/es\/wp-json\/wp\/v2\/pages\/77150\/revisions\/78604"}],"wp:attachment":[{"href":"https:\/\/clinicaanjosdaguarda.com.br\/es\/wp-json\/wp\/v2\/media?parent=77150"}],"curies":[{"name":"wp","href":"https:\/\/api.w.org\/{rel}","templated":true}]}}