{"id":76996,"date":"2021-12-21T23:39:29","date_gmt":"2021-12-21T23:39:29","guid":{"rendered":"https:\/\/clinicaanjosdaguarda.com.br\/?page_id=76996"},"modified":"2021-12-21T23:42:14","modified_gmt":"2021-12-21T23:42:14","slug":"outros-servicos","status":"publish","type":"page","link":"https:\/\/clinicaanjosdaguarda.com.br\/es\/outros-servicos\/","title":{"rendered":"Outros Servi\u00e7os"},"content":{"rendered":"<div data-elementor-type=\"wp-page\" data-elementor-id=\"76996\" class=\"elementor elementor-76996\" data-elementor-post-type=\"page\">\n\t\t\t\t\t\t<section class=\"elementor-section elementor-top-section elementor-element elementor-element-703540f elementor-section-boxed elementor-section-height-default elementor-section-height-default\" data-id=\"703540f\" data-element_type=\"section\" data-e-type=\"section\">\n\t\t\t\t\t\t<div class=\"elementor-container elementor-column-gap-default\">\n\t\t\t\t\t<div class=\"elementor-column elementor-col-100 elementor-top-column elementor-element elementor-element-18b63f5\" data-fullscreen-column-settings=\"{&quot;fullscreen&quot;:&quot;&quot;}\" data-id=\"18b63f5\" data-element_type=\"column\" data-e-type=\"column\">\n\t\t\t<div class=\"elementor-widget-wrap elementor-element-populated\">\n\t\t\t\t\t\t<div class=\"elementor-element elementor-element-d0cf8d7 elementor-widget elementor-widget-spacer\" data-id=\"d0cf8d7\" data-element_type=\"widget\" data-e-type=\"widget\" data-widget_type=\"spacer.default\">\n\t\t\t\t<div class=\"elementor-widget-container\">\n\t\t\t\t\t\t\t<div class=\"elementor-spacer\">\n\t\t\t<div class=\"elementor-spacer-inner\"><\/div>\n\t\t<\/div>\n\t\t\t\t\t\t<\/div>\n\t\t\t\t<\/div>\n\t\t\t\t\t<\/div>\n\t\t<\/div>\n\t\t\t\t\t<\/div>\n\t\t<\/section>\n\t\t\t\t<section class=\"elementor-section elementor-top-section elementor-element elementor-element-a7d3b57 elementor-section-height-min-height elementor-section-content-middle elementor-section-boxed elementor-section-height-default elementor-section-items-middle\" data-id=\"a7d3b57\" data-element_type=\"section\" data-e-type=\"section\" data-settings=\"{&quot;background_background&quot;:&quot;classic&quot;}\">\n\t\t\t\t\t\t\t<div class=\"elementor-background-overlay\"><\/div>\n\t\t\t\t\t\t\t<div class=\"elementor-container elementor-column-gap-default\">\n\t\t\t\t\t<div class=\"elementor-column elementor-col-100 elementor-top-column elementor-element elementor-element-b49f4db\" data-fullscreen-column-settings=\"{&quot;fullscreen&quot;:&quot;&quot;}\" data-id=\"b49f4db\" data-element_type=\"column\" data-e-type=\"column\" data-settings=\"{&quot;background_background&quot;:&quot;classic&quot;}\">\n\t\t\t<div class=\"elementor-widget-wrap elementor-element-populated\">\n\t\t\t\t\t\t\t<\/div>\n\t\t<\/div>\n\t\t\t\t\t<\/div>\n\t\t<\/section>\n\t\t\t\t<section class=\"elementor-section elementor-top-section elementor-element elementor-element-9859f7a elementor-section-boxed elementor-section-height-default elementor-section-height-default\" data-id=\"9859f7a\" data-element_type=\"section\" data-e-type=\"section\">\n\t\t\t\t\t\t<div class=\"elementor-container elementor-column-gap-default\">\n\t\t\t\t\t<div class=\"elementor-column elementor-col-100 elementor-top-column elementor-element elementor-element-74e87fa elementor-invisible\" data-fullscreen-column-settings=\"{&quot;fullscreen&quot;:&quot;&quot;}\" data-id=\"74e87fa\" data-element_type=\"column\" data-e-type=\"column\" data-settings=\"{&quot;animation&quot;:&quot;fadeInUp&quot;}\">\n\t\t\t<div class=\"elementor-widget-wrap elementor-element-populated\">\n\t\t\t\t\t\t<div class=\"elementor-element elementor-element-7402733 elementor-widget elementor-widget-text-editor\" data-id=\"7402733\" data-element_type=\"widget\" data-e-type=\"widget\" data-widget_type=\"text-editor.default\">\n\t\t\t\t<div class=\"elementor-widget-container\">\n\t\t\t\t\t\t\t\t\t<p class=\"text-justify\" style=\"text-align: justify;\">De acordo com as necessidades do paciente oferecemos profissionais especializados, que possam realizar os diversos servi\u00e7os e procedimentos que competem a fun\u00e7\u00e3o, como:<\/p><ul><li class=\"text-justify\" style=\"text-align: justify;\">Cuidados pr\u00e9 e p\u00f3s-operat\u00f3rios;<\/li><li class=\"text-justify\" style=\"text-align: justify;\">Gerenciamento e controle dos medicamentos;<\/li><li class=\"text-justify\" style=\"text-align: justify;\">Realiza\u00e7\u00e3o de curativos e cuidados;<\/li><li class=\"text-justify\" style=\"text-align: justify;\">Registro e controle de temperatura;<\/li><li class=\"text-justify\" style=\"text-align: justify;\">Registro e controle de press\u00e3o arterial;<\/li><li class=\"text-justify\" style=\"text-align: justify;\">Registro e controle de batimentos e frequ\u00eancia card\u00edaca;<\/li><li class=\"text-justify\" style=\"text-align: justify;\">Registro e controle de frequ\u00eancia respirat\u00f3ria;<\/li><li class=\"text-justify\" style=\"text-align: justify;\">Registro e controle de glicose;<\/li><li class=\"text-justify\" style=\"text-align: justify;\">Cuidados, higieniza\u00e7\u00e3o e substitui\u00e7\u00e3o de sondas, traqueostomia, estomia e cateteres de soroterapia;<\/li><li class=\"text-justify\" style=\"text-align: justify;\">Oxigenoterapia;<\/li><li class=\"text-justify\" style=\"text-align: justify;\">Acompanhar o cliente na realiza\u00e7\u00e3o de exames e consultas;<\/li><li class=\"text-justify\" style=\"text-align: justify;\">Acompanhar o cliente em caminhadas, passeios e viagens;<\/li><li class=\"text-justify\" style=\"text-align: justify;\">Entre outros.<\/li><\/ul>\t\t\t\t\t\t\t\t<\/div>\n\t\t\t\t<\/div>\n\t\t\t\t\t<\/div>\n\t\t<\/div>\n\t\t\t\t\t<\/div>\n\t\t<\/section>\n\t\t\t\t<\/div>","protected":false},"excerpt":{"rendered":"<p>De acordo com as necessidades do paciente oferecemos profissionais especializados, que possam realizar os diversos servi\u00e7os e procedimentos que competem a fun\u00e7\u00e3o, como: Cuidados pr\u00e9 e p\u00f3s-operat\u00f3rios; Gerenciamento e controle dos medicamentos; Realiza\u00e7\u00e3o de curativos e cuidados; Registro e controle de temperatura; Registro e controle de press\u00e3o arterial; Registro e controle de batimentos e frequ\u00eancia [&hellip;]<\/p>\n","protected":false},"author":1,"featured_media":0,"parent":0,"menu_order":0,"comment_status":"closed","ping_status":"closed","template":"","meta":{"footnotes":""},"class_list":["post-76996","page","type-page","status-publish","hentry"],"_links":{"self":[{"href":"https:\/\/clinicaanjosdaguarda.com.br\/es\/wp-json\/wp\/v2\/pages\/76996","targetHints":{"allow":["GET"]}}],"collection":[{"href":"https:\/\/clinicaanjosdaguarda.com.br\/es\/wp-json\/wp\/v2\/pages"}],"about":[{"href":"https:\/\/clinicaanjosdaguarda.com.br\/es\/wp-json\/wp\/v2\/types\/page"}],"author":[{"embeddable":true,"href":"https:\/\/clinicaanjosdaguarda.com.br\/es\/wp-json\/wp\/v2\/users\/1"}],"replies":[{"embeddable":true,"href":"https:\/\/clinicaanjosdaguarda.com.br\/es\/wp-json\/wp\/v2\/comments?post=76996"}],"version-history":[{"count":3,"href":"https:\/\/clinicaanjosdaguarda.com.br\/es\/wp-json\/wp\/v2\/pages\/76996\/revisions"}],"predecessor-version":[{"id":77005,"href":"https:\/\/clinicaanjosdaguarda.com.br\/es\/wp-json\/wp\/v2\/pages\/76996\/revisions\/77005"}],"wp:attachment":[{"href":"https:\/\/clinicaanjosdaguarda.com.br\/es\/wp-json\/wp\/v2\/media?parent=76996"}],"curies":[{"name":"wp","href":"https:\/\/api.w.org\/{rel}","templated":true}]}}