{"id":76979,"date":"2021-12-21T23:23:07","date_gmt":"2021-12-21T23:23:07","guid":{"rendered":"https:\/\/clinicaanjosdaguarda.com.br\/?page_id=76979"},"modified":"2021-12-21T23:26:00","modified_gmt":"2021-12-21T23:26:00","slug":"curativos","status":"publish","type":"page","link":"https:\/\/clinicaanjosdaguarda.com.br\/es\/curativos\/","title":{"rendered":"Curativos"},"content":{"rendered":"<div data-elementor-type=\"wp-page\" data-elementor-id=\"76979\" class=\"elementor elementor-76979\" data-elementor-post-type=\"page\">\n\t\t\t\t\t\t<section class=\"elementor-section elementor-top-section elementor-element elementor-element-f6ed8c7 elementor-section-boxed elementor-section-height-default elementor-section-height-default\" data-id=\"f6ed8c7\" data-element_type=\"section\" data-e-type=\"section\">\n\t\t\t\t\t\t<div class=\"elementor-container elementor-column-gap-default\">\n\t\t\t\t\t<div class=\"elementor-column elementor-col-100 elementor-top-column elementor-element elementor-element-c31929c\" data-fullscreen-column-settings=\"{&quot;fullscreen&quot;:&quot;&quot;}\" data-id=\"c31929c\" data-element_type=\"column\" data-e-type=\"column\">\n\t\t\t<div class=\"elementor-widget-wrap elementor-element-populated\">\n\t\t\t\t\t\t<div class=\"elementor-element elementor-element-5c9cd6d elementor-widget elementor-widget-spacer\" data-id=\"5c9cd6d\" data-element_type=\"widget\" data-e-type=\"widget\" data-widget_type=\"spacer.default\">\n\t\t\t\t<div class=\"elementor-widget-container\">\n\t\t\t\t\t\t\t<div class=\"elementor-spacer\">\n\t\t\t<div class=\"elementor-spacer-inner\"><\/div>\n\t\t<\/div>\n\t\t\t\t\t\t<\/div>\n\t\t\t\t<\/div>\n\t\t\t\t\t<\/div>\n\t\t<\/div>\n\t\t\t\t\t<\/div>\n\t\t<\/section>\n\t\t\t\t<section class=\"elementor-section elementor-top-section elementor-element elementor-element-59723f4 elementor-section-height-min-height elementor-section-content-middle elementor-section-boxed elementor-section-height-default elementor-section-items-middle\" data-id=\"59723f4\" data-element_type=\"section\" data-e-type=\"section\" data-settings=\"{&quot;background_background&quot;:&quot;classic&quot;}\">\n\t\t\t\t\t\t\t<div class=\"elementor-background-overlay\"><\/div>\n\t\t\t\t\t\t\t<div class=\"elementor-container elementor-column-gap-default\">\n\t\t\t\t\t<div class=\"elementor-column elementor-col-100 elementor-top-column elementor-element elementor-element-55170f5\" data-fullscreen-column-settings=\"{&quot;fullscreen&quot;:&quot;&quot;}\" data-id=\"55170f5\" data-element_type=\"column\" data-e-type=\"column\" data-settings=\"{&quot;background_background&quot;:&quot;classic&quot;}\">\n\t\t\t<div class=\"elementor-widget-wrap elementor-element-populated\">\n\t\t\t\t\t\t\t<\/div>\n\t\t<\/div>\n\t\t\t\t\t<\/div>\n\t\t<\/section>\n\t\t\t\t<section class=\"elementor-section elementor-top-section elementor-element elementor-element-a5eae60 elementor-section-boxed elementor-section-height-default elementor-section-height-default\" data-id=\"a5eae60\" data-element_type=\"section\" data-e-type=\"section\">\n\t\t\t\t\t\t<div class=\"elementor-container elementor-column-gap-default\">\n\t\t\t\t\t<div class=\"elementor-column elementor-col-100 elementor-top-column elementor-element elementor-element-65214f7 elementor-invisible\" data-fullscreen-column-settings=\"{&quot;fullscreen&quot;:&quot;&quot;}\" data-id=\"65214f7\" data-element_type=\"column\" data-e-type=\"column\" data-settings=\"{&quot;animation&quot;:&quot;fadeInUp&quot;}\">\n\t\t\t<div class=\"elementor-widget-wrap elementor-element-populated\">\n\t\t\t\t\t\t<div class=\"elementor-element elementor-element-6736d14 elementor-widget elementor-widget-text-editor\" data-id=\"6736d14\" data-element_type=\"widget\" data-e-type=\"widget\" data-widget_type=\"text-editor.default\">\n\t\t\t\t<div class=\"elementor-widget-container\">\n\t\t\t\t\t\t\t\t\t<h4 class=\"my-3 text-center\" style=\"color: #0b71af;\"><strong>Curativos no Geral<\/strong><\/h4><p class=\"text-justify\" style=\"text-align: justify;\">O cuidado com ferimentos \u00e9 complexo e de total aten\u00e7\u00e3o. Dispomos de profissionais especializados no tratamento de les\u00f5es, utilizando os melhores recursos e materiais de qualidade. Os mesmos atuar\u00e3o desde o in\u00edcio da avalia\u00e7\u00e3o do ferimento at\u00e9 o fechamento da les\u00e3o. Os principais atendimentos s\u00e3o:<\/p><ul><li class=\"text-justify\" style=\"text-align: justify;\">Curativos simples e especiais;<\/li><li class=\"text-justify\" style=\"text-align: justify;\">Curativos superficiais (cortes, arranh\u00f5es, cuidados com hematomas);<\/li><li class=\"text-justify\" style=\"text-align: justify;\">Curativos complexos (les\u00f5es por press\u00e3o nos diversos est\u00e1gios, les\u00f5es mais profundas);<\/li><li class=\"text-justify\" style=\"text-align: justify;\">Curativos p\u00f3s cir\u00fargicos;<\/li><li class=\"text-justify\" style=\"text-align: justify;\">Verificar, higienizar, medicar e proteger o curativo;<\/li><\/ul>\t\t\t\t\t\t\t\t<\/div>\n\t\t\t\t<\/div>\n\t\t\t\t\t<\/div>\n\t\t<\/div>\n\t\t\t\t\t<\/div>\n\t\t<\/section>\n\t\t\t\t<\/div>","protected":false},"excerpt":{"rendered":"<p>Curativos no Geral O cuidado com ferimentos \u00e9 complexo e de total aten\u00e7\u00e3o. Dispomos de profissionais especializados no tratamento de les\u00f5es, utilizando os melhores recursos e materiais de qualidade. Os mesmos atuar\u00e3o desde o in\u00edcio da avalia\u00e7\u00e3o do ferimento at\u00e9 o fechamento da les\u00e3o. Os principais atendimentos s\u00e3o: Curativos simples e especiais; Curativos superficiais (cortes, [&hellip;]<\/p>\n","protected":false},"author":1,"featured_media":0,"parent":0,"menu_order":0,"comment_status":"closed","ping_status":"closed","template":"","meta":{"footnotes":""},"class_list":["post-76979","page","type-page","status-publish","hentry"],"_links":{"self":[{"href":"https:\/\/clinicaanjosdaguarda.com.br\/es\/wp-json\/wp\/v2\/pages\/76979","targetHints":{"allow":["GET"]}}],"collection":[{"href":"https:\/\/clinicaanjosdaguarda.com.br\/es\/wp-json\/wp\/v2\/pages"}],"about":[{"href":"https:\/\/clinicaanjosdaguarda.com.br\/es\/wp-json\/wp\/v2\/types\/page"}],"author":[{"embeddable":true,"href":"https:\/\/clinicaanjosdaguarda.com.br\/es\/wp-json\/wp\/v2\/users\/1"}],"replies":[{"embeddable":true,"href":"https:\/\/clinicaanjosdaguarda.com.br\/es\/wp-json\/wp\/v2\/comments?post=76979"}],"version-history":[{"count":3,"href":"https:\/\/clinicaanjosdaguarda.com.br\/es\/wp-json\/wp\/v2\/pages\/76979\/revisions"}],"predecessor-version":[{"id":76982,"href":"https:\/\/clinicaanjosdaguarda.com.br\/es\/wp-json\/wp\/v2\/pages\/76979\/revisions\/76982"}],"wp:attachment":[{"href":"https:\/\/clinicaanjosdaguarda.com.br\/es\/wp-json\/wp\/v2\/media?parent=76979"}],"curies":[{"name":"wp","href":"https:\/\/api.w.org\/{rel}","templated":true}]}}