{"id":76975,"date":"2021-12-21T23:21:08","date_gmt":"2021-12-21T23:21:08","guid":{"rendered":"https:\/\/clinicaanjosdaguarda.com.br\/?page_id=76975"},"modified":"2021-12-21T23:22:19","modified_gmt":"2021-12-21T23:22:19","slug":"procedimentos","status":"publish","type":"page","link":"https:\/\/clinicaanjosdaguarda.com.br\/es\/procedimentos\/","title":{"rendered":"Procedimentos"},"content":{"rendered":"<div data-elementor-type=\"wp-page\" data-elementor-id=\"76975\" class=\"elementor elementor-76975\" data-elementor-post-type=\"page\">\n\t\t\t\t\t\t<section class=\"elementor-section elementor-top-section elementor-element elementor-element-4c58e68 elementor-section-boxed elementor-section-height-default elementor-section-height-default\" data-id=\"4c58e68\" data-element_type=\"section\" data-e-type=\"section\">\n\t\t\t\t\t\t<div class=\"elementor-container elementor-column-gap-default\">\n\t\t\t\t\t<div class=\"elementor-column elementor-col-100 elementor-top-column elementor-element elementor-element-70c7cc9\" data-fullscreen-column-settings=\"{&quot;fullscreen&quot;:&quot;&quot;}\" data-id=\"70c7cc9\" data-element_type=\"column\" data-e-type=\"column\">\n\t\t\t<div class=\"elementor-widget-wrap elementor-element-populated\">\n\t\t\t\t\t\t<div class=\"elementor-element elementor-element-98667d4 elementor-widget elementor-widget-spacer\" data-id=\"98667d4\" data-element_type=\"widget\" data-e-type=\"widget\" data-widget_type=\"spacer.default\">\n\t\t\t\t<div class=\"elementor-widget-container\">\n\t\t\t\t\t\t\t<div class=\"elementor-spacer\">\n\t\t\t<div class=\"elementor-spacer-inner\"><\/div>\n\t\t<\/div>\n\t\t\t\t\t\t<\/div>\n\t\t\t\t<\/div>\n\t\t\t\t\t<\/div>\n\t\t<\/div>\n\t\t\t\t\t<\/div>\n\t\t<\/section>\n\t\t\t\t<section class=\"elementor-section elementor-top-section elementor-element elementor-element-13f2968 elementor-section-height-min-height elementor-section-content-middle elementor-section-boxed elementor-section-height-default elementor-section-items-middle\" data-id=\"13f2968\" data-element_type=\"section\" data-e-type=\"section\" data-settings=\"{&quot;background_background&quot;:&quot;classic&quot;}\">\n\t\t\t\t\t\t\t<div class=\"elementor-background-overlay\"><\/div>\n\t\t\t\t\t\t\t<div class=\"elementor-container elementor-column-gap-default\">\n\t\t\t\t\t<div class=\"elementor-column elementor-col-100 elementor-top-column elementor-element elementor-element-00cfd5b\" data-fullscreen-column-settings=\"{&quot;fullscreen&quot;:&quot;&quot;}\" data-id=\"00cfd5b\" data-element_type=\"column\" data-e-type=\"column\" data-settings=\"{&quot;background_background&quot;:&quot;classic&quot;}\">\n\t\t\t<div class=\"elementor-widget-wrap elementor-element-populated\">\n\t\t\t\t\t\t\t<\/div>\n\t\t<\/div>\n\t\t\t\t\t<\/div>\n\t\t<\/section>\n\t\t\t\t<section class=\"elementor-section elementor-top-section elementor-element elementor-element-741abe5 elementor-section-boxed elementor-section-height-default elementor-section-height-default\" data-id=\"741abe5\" data-element_type=\"section\" data-e-type=\"section\">\n\t\t\t\t\t\t<div class=\"elementor-container elementor-column-gap-default\">\n\t\t\t\t\t<div class=\"elementor-column elementor-col-100 elementor-top-column elementor-element elementor-element-e32d775 elementor-invisible\" data-fullscreen-column-settings=\"{&quot;fullscreen&quot;:&quot;&quot;}\" data-id=\"e32d775\" data-element_type=\"column\" data-e-type=\"column\" data-settings=\"{&quot;animation&quot;:&quot;fadeInUp&quot;}\">\n\t\t\t<div class=\"elementor-widget-wrap elementor-element-populated\">\n\t\t\t\t\t\t<div class=\"elementor-element elementor-element-cb4f8eb elementor-widget elementor-widget-text-editor\" data-id=\"cb4f8eb\" data-element_type=\"widget\" data-e-type=\"widget\" data-widget_type=\"text-editor.default\">\n\t\t\t\t<div class=\"elementor-widget-container\">\n\t\t\t\t\t\t\t\t\t<h4 class=\"my-3 text-center\" style=\"color: #0b71af;\"><strong>Procedimentos Espec\u00edficos<\/strong><\/h4><p class=\"my-3\">Nossos profissionais s\u00e3o capacitados para a realiza\u00e7\u00e3o dos seguintes procedimentos:<\/p><ul><li class=\"text-justify\">Procedimentos de enfermagem;<\/li><li class=\"text-justify\">Cuidados, higieniza\u00e7\u00e3o e substitui\u00e7\u00e3o de sondas, traqueostomia;<\/li><li class=\"text-justify\">Introdu\u00e7\u00e3o de sonda vesical;<\/li><li class=\"text-justify\">Cuidados, limpeza e substitui\u00e7\u00e3o de estomias e cateteres;<\/li><li class=\"text-justify\">Aplica\u00e7\u00e3o de vacinas;<\/li><li class=\"text-justify\">Higiene, medica\u00e7\u00e3o e alimenta\u00e7\u00e3o;<\/li><li class=\"text-justify\">Coleta de sangue para hemograma;<\/li><li class=\"text-justify\">Troca de bolsa de colostomia;<\/li><li class=\"text-justify\">Retirada de pontos ap\u00f3s cicatriza\u00e7\u00e3o;<\/li><li class=\"text-justify\">Tratamento pr\u00e9 e p\u00f3s cir\u00fargico.<\/li><\/ul>\t\t\t\t\t\t\t\t<\/div>\n\t\t\t\t<\/div>\n\t\t\t\t\t<\/div>\n\t\t<\/div>\n\t\t\t\t\t<\/div>\n\t\t<\/section>\n\t\t\t\t<\/div>","protected":false},"excerpt":{"rendered":"<p>Procedimentos Espec\u00edficos Nossos profissionais s\u00e3o capacitados para a realiza\u00e7\u00e3o dos seguintes procedimentos: Procedimentos de enfermagem; Cuidados, higieniza\u00e7\u00e3o e substitui\u00e7\u00e3o de sondas, traqueostomia; Introdu\u00e7\u00e3o de sonda vesical; Cuidados, limpeza e substitui\u00e7\u00e3o de estomias e cateteres; Aplica\u00e7\u00e3o de vacinas; Higiene, medica\u00e7\u00e3o e alimenta\u00e7\u00e3o; Coleta de sangue para hemograma; Troca de bolsa de colostomia; Retirada de pontos ap\u00f3s [&hellip;]<\/p>\n","protected":false},"author":1,"featured_media":0,"parent":0,"menu_order":0,"comment_status":"closed","ping_status":"closed","template":"","meta":{"footnotes":""},"class_list":["post-76975","page","type-page","status-publish","hentry"],"_links":{"self":[{"href":"https:\/\/clinicaanjosdaguarda.com.br\/es\/wp-json\/wp\/v2\/pages\/76975","targetHints":{"allow":["GET"]}}],"collection":[{"href":"https:\/\/clinicaanjosdaguarda.com.br\/es\/wp-json\/wp\/v2\/pages"}],"about":[{"href":"https:\/\/clinicaanjosdaguarda.com.br\/es\/wp-json\/wp\/v2\/types\/page"}],"author":[{"embeddable":true,"href":"https:\/\/clinicaanjosdaguarda.com.br\/es\/wp-json\/wp\/v2\/users\/1"}],"replies":[{"embeddable":true,"href":"https:\/\/clinicaanjosdaguarda.com.br\/es\/wp-json\/wp\/v2\/comments?post=76975"}],"version-history":[{"count":3,"href":"https:\/\/clinicaanjosdaguarda.com.br\/es\/wp-json\/wp\/v2\/pages\/76975\/revisions"}],"predecessor-version":[{"id":76978,"href":"https:\/\/clinicaanjosdaguarda.com.br\/es\/wp-json\/wp\/v2\/pages\/76975\/revisions\/76978"}],"wp:attachment":[{"href":"https:\/\/clinicaanjosdaguarda.com.br\/es\/wp-json\/wp\/v2\/media?parent=76975"}],"curies":[{"name":"wp","href":"https:\/\/api.w.org\/{rel}","templated":true}]}}