{"id":76961,"date":"2021-12-21T23:09:06","date_gmt":"2021-12-21T23:09:06","guid":{"rendered":"https:\/\/clinicaanjosdaguarda.com.br\/?page_id=76961"},"modified":"2021-12-21T23:14:09","modified_gmt":"2021-12-21T23:14:09","slug":"empresarial","status":"publish","type":"page","link":"https:\/\/clinicaanjosdaguarda.com.br\/es\/empresarial\/","title":{"rendered":"Empresarial"},"content":{"rendered":"<div data-elementor-type=\"wp-page\" data-elementor-id=\"76961\" class=\"elementor elementor-76961\" data-elementor-post-type=\"page\">\n\t\t\t\t\t\t<section class=\"elementor-section elementor-top-section elementor-element elementor-element-391c888 elementor-section-boxed elementor-section-height-default elementor-section-height-default\" data-id=\"391c888\" data-element_type=\"section\" data-e-type=\"section\">\n\t\t\t\t\t\t<div class=\"elementor-container elementor-column-gap-default\">\n\t\t\t\t\t<div class=\"elementor-column elementor-col-100 elementor-top-column elementor-element elementor-element-2c7fe68\" data-fullscreen-column-settings=\"{&quot;fullscreen&quot;:&quot;&quot;}\" data-id=\"2c7fe68\" data-element_type=\"column\" data-e-type=\"column\">\n\t\t\t<div class=\"elementor-widget-wrap elementor-element-populated\">\n\t\t\t\t\t\t<div class=\"elementor-element elementor-element-6a9962f elementor-widget elementor-widget-spacer\" data-id=\"6a9962f\" data-element_type=\"widget\" data-e-type=\"widget\" data-widget_type=\"spacer.default\">\n\t\t\t\t<div class=\"elementor-widget-container\">\n\t\t\t\t\t\t\t<div class=\"elementor-spacer\">\n\t\t\t<div class=\"elementor-spacer-inner\"><\/div>\n\t\t<\/div>\n\t\t\t\t\t\t<\/div>\n\t\t\t\t<\/div>\n\t\t\t\t\t<\/div>\n\t\t<\/div>\n\t\t\t\t\t<\/div>\n\t\t<\/section>\n\t\t\t\t<section class=\"elementor-section elementor-top-section elementor-element elementor-element-1db8b01 elementor-section-height-min-height elementor-section-content-middle elementor-section-boxed elementor-section-height-default elementor-section-items-middle\" data-id=\"1db8b01\" data-element_type=\"section\" data-e-type=\"section\" data-settings=\"{&quot;background_background&quot;:&quot;classic&quot;}\">\n\t\t\t\t\t\t\t<div class=\"elementor-background-overlay\"><\/div>\n\t\t\t\t\t\t\t<div class=\"elementor-container elementor-column-gap-default\">\n\t\t\t\t\t<div class=\"elementor-column elementor-col-100 elementor-top-column elementor-element elementor-element-c081f74\" data-fullscreen-column-settings=\"{&quot;fullscreen&quot;:&quot;&quot;}\" data-id=\"c081f74\" data-element_type=\"column\" data-e-type=\"column\" data-settings=\"{&quot;background_background&quot;:&quot;classic&quot;}\">\n\t\t\t<div class=\"elementor-widget-wrap elementor-element-populated\">\n\t\t\t\t\t\t\t<\/div>\n\t\t<\/div>\n\t\t\t\t\t<\/div>\n\t\t<\/section>\n\t\t\t\t<section class=\"elementor-section elementor-top-section elementor-element elementor-element-6e9f51c elementor-section-boxed elementor-section-height-default elementor-section-height-default\" data-id=\"6e9f51c\" data-element_type=\"section\" data-e-type=\"section\">\n\t\t\t\t\t\t<div class=\"elementor-container elementor-column-gap-default\">\n\t\t\t\t\t<div class=\"elementor-column elementor-col-100 elementor-top-column elementor-element elementor-element-4832491 elementor-invisible\" data-fullscreen-column-settings=\"{&quot;fullscreen&quot;:&quot;&quot;}\" data-id=\"4832491\" data-element_type=\"column\" data-e-type=\"column\" data-settings=\"{&quot;animation&quot;:&quot;fadeInUp&quot;}\">\n\t\t\t<div class=\"elementor-widget-wrap elementor-element-populated\">\n\t\t\t\t\t\t<div class=\"elementor-element elementor-element-d3c7a1e elementor-widget elementor-widget-text-editor\" data-id=\"d3c7a1e\" data-element_type=\"widget\" data-e-type=\"widget\" data-widget_type=\"text-editor.default\">\n\t\t\t\t<div class=\"elementor-widget-container\">\n\t\t\t\t\t\t\t\t\t<h4 class=\"my-3 text-center\" style=\"color: #0b71af;\"><strong>Os Cuidados Podem Ser Feitos At\u00e9 Mesmo Dentro da Sua Empresa<\/strong><\/h4><p class=\"text-justify\" style=\"text-align: justify;\">Com a inten\u00e7\u00e3o de trazer maior comodidade e praticidade ao servi\u00e7o de cuidados dentro de empresas, n\u00f3s disponibilizamos profissionais que agregam no atendimento ao seu colaborador. Oferecemos atividades como vacina\u00e7\u00e3o, atendimento a seguradoras e planos de sa\u00fade, acompanhamento di\u00e1rio em caso de acidentes internos, primeiros socorros, campanhas e eventos.<\/p><p class=\"text-left\" style=\"text-align: justify;\"><b>BENEF\u00cdCIOS<\/b><\/p><p class=\"text-justify\" style=\"text-align: justify;\">&#8211; Mais agilidade em casos de acidentes internos;<br \/>&#8211; Primeiros socorros;<br \/>&#8211; Melhor qualidade em sa\u00fade ao colaborador;<br \/>&#8211; Personaliza\u00e7\u00e3o ao atendimento;<\/p><p class=\"text-left\" style=\"text-align: justify;\"><b>SERVI\u00c7OS<\/b><\/p><p class=\"text-justify\" style=\"text-align: justify;\">&#8211; Vacina\/ Imuniza\u00e7\u00e3o de seus colaboradores; &#8211; Cuidar do familiar do colaborador; &#8211; Treinamento de sa\u00fade e bem-estar para funcion\u00e1rios; &#8211; Cuidar de um colaborador que tenha sofrido acidente de trabalho ou necessidade de cuidados p\u00f3s interna\u00e7\u00e3o cir\u00fargica;<\/p><p class=\"text-left\" style=\"text-align: justify;\"><b>HOSPITAL<\/b><\/p><p class=\"text-justify\" style=\"text-align: justify;\">Servi\u00e7o de desospitaliza\u00e7\u00e3o n\u00e3o significa dar alta prematuramente para os pacientes, mas continuar com seu tratamento e cuidados de forma humanizada a pacientes em estado cl\u00ednico considerando est\u00e1vel, com atendimento em ala exclusiva em hospitais e cl\u00ednicas (geral), mas com 100% da gest\u00e3o profissional da Cl\u00ednica Anjos da Guarda.<\/p>\t\t\t\t\t\t\t\t<\/div>\n\t\t\t\t<\/div>\n\t\t\t\t\t<\/div>\n\t\t<\/div>\n\t\t\t\t\t<\/div>\n\t\t<\/section>\n\t\t\t\t<\/div>","protected":false},"excerpt":{"rendered":"<p>Os Cuidados Podem Ser Feitos At\u00e9 Mesmo Dentro da Sua Empresa Com a inten\u00e7\u00e3o de trazer maior comodidade e praticidade ao servi\u00e7o de cuidados dentro de empresas, n\u00f3s disponibilizamos profissionais que agregam no atendimento ao seu colaborador. Oferecemos atividades como vacina\u00e7\u00e3o, atendimento a seguradoras e planos de sa\u00fade, acompanhamento di\u00e1rio em caso de acidentes internos, [&hellip;]<\/p>\n","protected":false},"author":1,"featured_media":0,"parent":0,"menu_order":0,"comment_status":"closed","ping_status":"closed","template":"","meta":{"footnotes":""},"class_list":["post-76961","page","type-page","status-publish","hentry"],"_links":{"self":[{"href":"https:\/\/clinicaanjosdaguarda.com.br\/es\/wp-json\/wp\/v2\/pages\/76961","targetHints":{"allow":["GET"]}}],"collection":[{"href":"https:\/\/clinicaanjosdaguarda.com.br\/es\/wp-json\/wp\/v2\/pages"}],"about":[{"href":"https:\/\/clinicaanjosdaguarda.com.br\/es\/wp-json\/wp\/v2\/types\/page"}],"author":[{"embeddable":true,"href":"https:\/\/clinicaanjosdaguarda.com.br\/es\/wp-json\/wp\/v2\/users\/1"}],"replies":[{"embeddable":true,"href":"https:\/\/clinicaanjosdaguarda.com.br\/es\/wp-json\/wp\/v2\/comments?post=76961"}],"version-history":[{"count":9,"href":"https:\/\/clinicaanjosdaguarda.com.br\/es\/wp-json\/wp\/v2\/pages\/76961\/revisions"}],"predecessor-version":[{"id":76970,"href":"https:\/\/clinicaanjosdaguarda.com.br\/es\/wp-json\/wp\/v2\/pages\/76961\/revisions\/76970"}],"wp:attachment":[{"href":"https:\/\/clinicaanjosdaguarda.com.br\/es\/wp-json\/wp\/v2\/media?parent=76961"}],"curies":[{"name":"wp","href":"https:\/\/api.w.org\/{rel}","templated":true}]}}