{"id":76937,"date":"2021-12-21T22:53:53","date_gmt":"2021-12-21T22:53:53","guid":{"rendered":"https:\/\/clinicaanjosdaguarda.com.br\/?page_id=76937"},"modified":"2021-12-21T23:06:18","modified_gmt":"2021-12-21T23:06:18","slug":"domiciliar","status":"publish","type":"page","link":"https:\/\/clinicaanjosdaguarda.com.br\/es\/domiciliar\/","title":{"rendered":"Domiciliar"},"content":{"rendered":"<div data-elementor-type=\"wp-page\" data-elementor-id=\"76937\" class=\"elementor elementor-76937\" data-elementor-post-type=\"page\">\n\t\t\t\t\t\t<section class=\"elementor-section elementor-top-section elementor-element elementor-element-60b41c3 elementor-section-boxed elementor-section-height-default elementor-section-height-default\" data-id=\"60b41c3\" data-element_type=\"section\" data-e-type=\"section\">\n\t\t\t\t\t\t<div class=\"elementor-container elementor-column-gap-default\">\n\t\t\t\t\t<div class=\"elementor-column elementor-col-100 elementor-top-column elementor-element elementor-element-f7c76de\" data-fullscreen-column-settings=\"{&quot;fullscreen&quot;:&quot;&quot;}\" data-id=\"f7c76de\" data-element_type=\"column\" data-e-type=\"column\">\n\t\t\t<div class=\"elementor-widget-wrap elementor-element-populated\">\n\t\t\t\t\t\t<div class=\"elementor-element elementor-element-0d05433 elementor-widget elementor-widget-spacer\" data-id=\"0d05433\" data-element_type=\"widget\" data-e-type=\"widget\" data-widget_type=\"spacer.default\">\n\t\t\t\t<div class=\"elementor-widget-container\">\n\t\t\t\t\t\t\t<div class=\"elementor-spacer\">\n\t\t\t<div class=\"elementor-spacer-inner\"><\/div>\n\t\t<\/div>\n\t\t\t\t\t\t<\/div>\n\t\t\t\t<\/div>\n\t\t\t\t\t<\/div>\n\t\t<\/div>\n\t\t\t\t\t<\/div>\n\t\t<\/section>\n\t\t\t\t<section class=\"elementor-section elementor-top-section elementor-element elementor-element-c44e5b0 elementor-section-height-min-height elementor-section-content-middle elementor-section-boxed elementor-section-height-default elementor-section-items-middle\" data-id=\"c44e5b0\" data-element_type=\"section\" data-e-type=\"section\" data-settings=\"{&quot;background_background&quot;:&quot;classic&quot;}\">\n\t\t\t\t\t\t\t<div class=\"elementor-background-overlay\"><\/div>\n\t\t\t\t\t\t\t<div class=\"elementor-container elementor-column-gap-default\">\n\t\t\t\t\t<div class=\"elementor-column elementor-col-100 elementor-top-column elementor-element elementor-element-f8448ae\" data-fullscreen-column-settings=\"{&quot;fullscreen&quot;:&quot;&quot;}\" data-id=\"f8448ae\" data-element_type=\"column\" data-e-type=\"column\" data-settings=\"{&quot;background_background&quot;:&quot;classic&quot;}\">\n\t\t\t<div class=\"elementor-widget-wrap elementor-element-populated\">\n\t\t\t\t\t\t\t<\/div>\n\t\t<\/div>\n\t\t\t\t\t<\/div>\n\t\t<\/section>\n\t\t\t\t<section class=\"elementor-section elementor-top-section elementor-element elementor-element-9eae00d elementor-section-boxed elementor-section-height-default elementor-section-height-default\" data-id=\"9eae00d\" data-element_type=\"section\" data-e-type=\"section\">\n\t\t\t\t\t\t<div class=\"elementor-container elementor-column-gap-default\">\n\t\t\t\t\t<div class=\"elementor-column elementor-col-100 elementor-top-column elementor-element elementor-element-3fedd4a elementor-invisible\" data-fullscreen-column-settings=\"{&quot;fullscreen&quot;:&quot;&quot;}\" data-id=\"3fedd4a\" data-element_type=\"column\" data-e-type=\"column\" data-settings=\"{&quot;animation&quot;:&quot;fadeInUp&quot;}\">\n\t\t\t<div class=\"elementor-widget-wrap elementor-element-populated\">\n\t\t\t\t\t\t<div class=\"elementor-element elementor-element-d5e814e elementor-widget elementor-widget-text-editor\" data-id=\"d5e814e\" data-element_type=\"widget\" data-e-type=\"widget\" data-widget_type=\"text-editor.default\">\n\t\t\t\t<div class=\"elementor-widget-container\">\n\t\t\t\t\t\t\t\t\t<h4 class=\"my-3 text-center\" style=\"color: #0b71af;\"><strong>Atendimento no Conforto de sua Resid\u00eancia<\/strong><\/h4><p class=\"text-justify\" style=\"text-align: justify;\">O servi\u00e7o domiciliar presta atendimento espec\u00edfico de sa\u00fade no conforto do seu lar, atrav\u00e9s de equipe especializada. Esse servi\u00e7o traz qualidade de vida e exclusividade no atendimento, maior autonomia e humaniza\u00e7\u00e3o. Esse servi\u00e7o \u00e9 realizado pelos nossos profissionais de sa\u00fade que minimiza o risco de contamina\u00e7\u00e3o e agravamento at\u00e9 do quadro do paciente, buscando uma melhor forma de sua recupera\u00e7\u00e3o. Segue abaixo mais caracter\u00edsticas e benef\u00edcios deste atendimento:<\/p><p class=\"text-left\" style=\"text-align: justify;\"><b>DOMICILIAR<\/b><\/p><p class=\"text-justify\" style=\"text-align: justify;\">&#8211; Atendimento a idosos, adultos e crian\u00e7as;<br \/>&#8211; Acompanhamento durante atendimento de equipe multidisciplinar;<br \/>&#8211; Profissionais: auxiliares, t\u00e9cnicos, enfermeiros e cuidadores.<br \/>&#8211; Atendimento para baixa, m\u00e9dia e alta complexidade do quadro de sa\u00fade do paciente;<br \/>&#8211; Cuidados paliativos;<br \/>&#8211; \u00c9 realizado o servi\u00e7o de higieniza\u00e7\u00e3o total do paciente;<\/p><p class=\"text-left\" style=\"text-align: justify;\"><b>BENEF\u00cdCIOS<\/b><\/p><p class=\"text-justify\" style=\"text-align: justify;\">&#8211; Qualidade no atendimento;<br \/>&#8211; Atendimento personalizado;<br \/>&#8211; Melhor suporte a sa\u00fade do paciente;<br \/>&#8211; Mais conforto;<br \/>&#8211; Redu\u00e7\u00e3o no tempo de reabilita\u00e7\u00e3o;<br \/>&#8211; Menor risco de infec\u00e7\u00f5es hospitalares;<br \/>&#8211; Melhor custo benef\u00edcio.<\/p>\t\t\t\t\t\t\t\t<\/div>\n\t\t\t\t<\/div>\n\t\t\t\t\t<\/div>\n\t\t<\/div>\n\t\t\t\t\t<\/div>\n\t\t<\/section>\n\t\t\t\t<\/div>","protected":false},"excerpt":{"rendered":"<p>Atendimento no Conforto de sua Resid\u00eancia O servi\u00e7o domiciliar presta atendimento espec\u00edfico de sa\u00fade no conforto do seu lar, atrav\u00e9s de equipe especializada. Esse servi\u00e7o traz qualidade de vida e exclusividade no atendimento, maior autonomia e humaniza\u00e7\u00e3o. Esse servi\u00e7o \u00e9 realizado pelos nossos profissionais de sa\u00fade que minimiza o risco de contamina\u00e7\u00e3o e agravamento at\u00e9 [&hellip;]<\/p>\n","protected":false},"author":1,"featured_media":0,"parent":0,"menu_order":0,"comment_status":"closed","ping_status":"closed","template":"elementor_header_footer","meta":{"footnotes":""},"class_list":["post-76937","page","type-page","status-publish","hentry"],"_links":{"self":[{"href":"https:\/\/clinicaanjosdaguarda.com.br\/es\/wp-json\/wp\/v2\/pages\/76937","targetHints":{"allow":["GET"]}}],"collection":[{"href":"https:\/\/clinicaanjosdaguarda.com.br\/es\/wp-json\/wp\/v2\/pages"}],"about":[{"href":"https:\/\/clinicaanjosdaguarda.com.br\/es\/wp-json\/wp\/v2\/types\/page"}],"author":[{"embeddable":true,"href":"https:\/\/clinicaanjosdaguarda.com.br\/es\/wp-json\/wp\/v2\/users\/1"}],"replies":[{"embeddable":true,"href":"https:\/\/clinicaanjosdaguarda.com.br\/es\/wp-json\/wp\/v2\/comments?post=76937"}],"version-history":[{"count":12,"href":"https:\/\/clinicaanjosdaguarda.com.br\/es\/wp-json\/wp\/v2\/pages\/76937\/revisions"}],"predecessor-version":[{"id":76953,"href":"https:\/\/clinicaanjosdaguarda.com.br\/es\/wp-json\/wp\/v2\/pages\/76937\/revisions\/76953"}],"wp:attachment":[{"href":"https:\/\/clinicaanjosdaguarda.com.br\/es\/wp-json\/wp\/v2\/media?parent=76937"}],"curies":[{"name":"wp","href":"https:\/\/api.w.org\/{rel}","templated":true}]}}