{"id":76631,"date":"2021-12-21T02:49:59","date_gmt":"2021-12-21T02:49:59","guid":{"rendered":"https:\/\/clinicaanjosdaguarda.com.br\/?page_id=76631"},"modified":"2025-01-31T19:47:46","modified_gmt":"2025-01-31T19:47:46","slug":"sobre-nos","status":"publish","type":"page","link":"https:\/\/clinicaanjosdaguarda.com.br\/es\/sobre-nos\/","title":{"rendered":"Sobre N\u00f3s"},"content":{"rendered":"\t\t<div data-elementor-type=\"wp-page\" data-elementor-id=\"76631\" class=\"elementor elementor-76631\" data-elementor-post-type=\"page\">\n\t\t\t\t\t\t<section class=\"elementor-section elementor-top-section elementor-element elementor-element-0505882 elementor-section-boxed elementor-section-height-default elementor-section-height-default\" data-id=\"0505882\" data-element_type=\"section\" data-e-type=\"section\">\n\t\t\t\t\t\t<div class=\"elementor-container elementor-column-gap-default\">\n\t\t\t\t\t<div class=\" elementor-column elementor-col-100 elementor-top-column elementor-element elementor-element-5ce6c9f\" data-fullscreen-column-settings=\"{&quot;fullscreen&quot;:&quot;&quot;}\" data-id=\"5ce6c9f\" data-element_type=\"column\" data-e-type=\"column\">\n\t\t\t<div class=\"elementor-widget-wrap elementor-element-populated\">\n\t\t\t\t\t\t<div class=\"elementor-element elementor-element-6353e3b elementor-widget elementor-widget-spacer\" data-id=\"6353e3b\" data-element_type=\"widget\" data-e-type=\"widget\" data-widget_type=\"spacer.default\">\n\t\t\t\t<div class=\"elementor-widget-container\">\n\t\t\t\t\t\t\t<div class=\"elementor-spacer\">\n\t\t\t<div class=\"elementor-spacer-inner\"><\/div>\n\t\t<\/div>\n\t\t\t\t\t\t<\/div>\n\t\t\t\t<\/div>\n\t\t\t\t\t<\/div>\n\t\t<\/div>\n\t\t\t\t\t<\/div>\n\t\t<\/section>\n\t\t\t\t<section class=\"elementor-section elementor-top-section elementor-element elementor-element-e5d96d6 elementor-section-full_width elementor-section-height-full elementor-section-content-middle elementor-section-height-default elementor-section-items-middle\" data-id=\"e5d96d6\" data-element_type=\"section\" data-e-type=\"section\" data-settings=\"{&quot;background_background&quot;:&quot;classic&quot;,&quot;background_motion_fx_motion_fx_scrolling&quot;:&quot;yes&quot;,&quot;background_motion_fx_scale_effect&quot;:&quot;yes&quot;,&quot;background_motion_fx_scale_direction&quot;:&quot;in-out-in&quot;,&quot;background_motion_fx_scale_speed&quot;:{&quot;unit&quot;:&quot;px&quot;,&quot;size&quot;:9,&quot;sizes&quot;:[]},&quot;background_motion_fx_scale_range&quot;:{&quot;unit&quot;:&quot;%&quot;,&quot;size&quot;:&quot;&quot;,&quot;sizes&quot;:{&quot;start&quot;:29,&quot;end&quot;:77}},&quot;background_motion_fx_range&quot;:&quot;viewport&quot;,&quot;background_motion_fx_devices&quot;:[&quot;desktop&quot;,&quot;tablet&quot;,&quot;mobile&quot;]}\">\n\t\t\t\t\t\t\t<div class=\"elementor-background-overlay\"><\/div>\n\t\t\t\t\t\t\t<div class=\"elementor-container elementor-column-gap-no\">\n\t\t\t\t\t<div class=\" elementor-column elementor-col-50 elementor-top-column elementor-element elementor-element-5f4edaf\" data-fullscreen-column-settings=\"{&quot;fullscreen&quot;:&quot;&quot;}\" data-id=\"5f4edaf\" data-element_type=\"column\" data-e-type=\"column\">\n\t\t\t<div class=\"elementor-widget-wrap elementor-element-populated\">\n\t\t\t\t\t\t<div class=\"elementor-element elementor-element-222eff7 elementor-invisible elementor-widget elementor-widget-image\" data-id=\"222eff7\" data-element_type=\"widget\" data-e-type=\"widget\" data-settings=\"{&quot;_animation&quot;:&quot;fadeInLeft&quot;}\" data-widget_type=\"image.default\">\n\t\t\t\t<div class=\"elementor-widget-container\">\n\t\t\t\t\t\t\t\t\t\t\t\t\t\t\t<img fetchpriority=\"high\" decoding=\"async\" width=\"600\" height=\"476\" src=\"https:\/\/clinicaanjosdaguarda.com.br\/wp-content\/uploads\/2020\/10\/LOGO.png\" class=\"attachment-large size-large wp-image-76472\" alt=\"\" srcset=\"https:\/\/clinicaanjosdaguarda.com.br\/wp-content\/uploads\/2020\/10\/LOGO.png 600w, https:\/\/clinicaanjosdaguarda.com.br\/wp-content\/uploads\/2020\/10\/LOGO-300x238.png 300w, https:\/\/clinicaanjosdaguarda.com.br\/wp-content\/uploads\/2020\/10\/LOGO-15x12.png 15w, https:\/\/clinicaanjosdaguarda.com.br\/wp-content\/uploads\/2020\/10\/LOGO-200x159.png 200w\" sizes=\"(max-width: 600px) 100vw, 600px\" \/>\t\t\t\t\t\t\t\t\t\t\t\t\t\t\t<\/div>\n\t\t\t\t<\/div>\n\t\t\t\t\t<\/div>\n\t\t<\/div>\n\t\t\t\t<div class=\" elementor-column elementor-col-50 elementor-top-column elementor-element elementor-element-3d953f0\" data-fullscreen-column-settings=\"{&quot;fullscreen&quot;:&quot;&quot;}\" data-id=\"3d953f0\" data-element_type=\"column\" data-e-type=\"column\">\n\t\t\t<div class=\"elementor-widget-wrap elementor-element-populated\">\n\t\t\t\t\t\t<div class=\"elementor-element elementor-element-f056d9c elementor-invisible elementor-widget elementor-widget-heading\" data-id=\"f056d9c\" data-element_type=\"widget\" data-e-type=\"widget\" data-settings=\"{&quot;_animation&quot;:&quot;fadeInRight&quot;}\" data-widget_type=\"heading.default\">\n\t\t\t\t<div class=\"elementor-widget-container\">\n\t\t\t\t\t<h2 class=\"elementor-heading-title elementor-size-default\">Sabemos que nada \u00e9 eterno, por\u00e9m tudo que cuidamos vive mais.<\/h2>\t\t\t\t<\/div>\n\t\t\t\t<\/div>\n\t\t\t\t<div class=\"elementor-element elementor-element-94729cb elementor-invisible elementor-widget elementor-widget-heading\" data-id=\"94729cb\" data-element_type=\"widget\" data-e-type=\"widget\" data-settings=\"{&quot;_animation&quot;:&quot;fadeInRight&quot;}\" data-widget_type=\"heading.default\">\n\t\t\t\t<div class=\"elementor-widget-container\">\n\t\t\t\t\t<h2 class=\"elementor-heading-title elementor-size-default\">Mais de <span class=\"vertical-counter-number\">25.000<\/span> fam\u00edlias atendidas pela Anjos da Guarda.<\/h2>\t\t\t\t<\/div>\n\t\t\t\t<\/div>\n\t\t\t\t\t<\/div>\n\t\t<\/div>\n\t\t\t\t\t<\/div>\n\t\t<\/section>\n\t\t\t\t<section class=\"elementor-section elementor-top-section elementor-element elementor-element-e03bcb9 elementor-section-boxed elementor-section-height-default elementor-section-height-default\" data-id=\"e03bcb9\" data-element_type=\"section\" data-e-type=\"section\">\n\t\t\t\t\t\t<div class=\"elementor-container elementor-column-gap-default\">\n\t\t\t\t\t<div class=\" elementor-column elementor-col-100 elementor-top-column elementor-element elementor-element-becaabc\" data-fullscreen-column-settings=\"{&quot;fullscreen&quot;:&quot;&quot;}\" data-id=\"becaabc\" data-element_type=\"column\" data-e-type=\"column\">\n\t\t\t<div class=\"elementor-widget-wrap\">\n\t\t\t\t\t\t\t<\/div>\n\t\t<\/div>\n\t\t\t\t\t<\/div>\n\t\t<\/section>\n\t\t\t\t<section class=\"elementor-section elementor-top-section elementor-element elementor-element-7134f6b elementor-section-boxed elementor-section-height-default elementor-section-height-default\" data-id=\"7134f6b\" data-element_type=\"section\" data-e-type=\"section\">\n\t\t\t\t\t\t<div class=\"elementor-container elementor-column-gap-default\">\n\t\t\t\t\t<div class=\" elementor-column elementor-col-100 elementor-top-column elementor-element elementor-element-c3c55f0 elementor-invisible\" data-fullscreen-column-settings=\"{&quot;fullscreen&quot;:&quot;&quot;}\" data-id=\"c3c55f0\" data-element_type=\"column\" data-e-type=\"column\" data-settings=\"{&quot;animation&quot;:&quot;fadeInUp&quot;}\">\n\t\t\t<div class=\"elementor-widget-wrap elementor-element-populated\">\n\t\t\t\t\t\t<div class=\"elementor-element elementor-element-a69e06b elementor-widget elementor-widget-text-editor\" data-id=\"a69e06b\" data-element_type=\"widget\" data-e-type=\"widget\" data-widget_type=\"text-editor.default\">\n\t\t\t\t<div class=\"elementor-widget-container\">\n\t\t\t\t\t\t\t\t\t<h4 class=\"my-3 text-center\" style=\"color:#0b71af;\"><strong>QUEM SOMOS<\/strong><\/h4>\n<p class=\"text-justify\" style=\"text-align: justify;\">A Cl\u00ednica Anjos da Guarda \u00e9 a maior institui\u00e7\u00e3o de cuidado humanizado do Brasil. Somos uma empresa especializada em cuidados Home Care que contamos com profissionais capacitados e especializados para atender as mais diversas situa\u00e7\u00f5es e patologias.<\/p>\n<p class=\"text-justify\" style=\"text-align: justify;\">O paciente recebe cuidados como higiene pessoal, alimenta\u00e7\u00e3o administra\u00e7\u00e3o de medicamentos, acompanhamento pr\u00e9 e p\u00f3s cir\u00fargico e consultas, exames, banhos e curativos, entre outros servi\u00e7os dependendo de suas necessidades e de seus familiares. Contamos com uma equipe multidisciplinar, que \u00e9 composta por m\u00e9dicos, cuidadores de pessoas, auxiliares, t\u00e9cnicos, profissionais de enfermagem, fonoaudi\u00f3logos, psic\u00f3logos, nutricionistas e fisioterapeutas.<\/p>\n<p class=\"text-justify\" style=\"text-align: justify;\">Com nosso servi\u00e7o personalizado, atendemos o paciente onde ele estiver, no conforto de sua resid\u00eancia, cl\u00ednica, hospitais e at\u00e9 mesmo acompanhando em passeios. Nosso objetivo \u00e9 cuidar dos nossos pacientes onde eles estiverem, sendo uma cl\u00ednica dentro de sua casa.<\/p>\n<p class=\"text-justify\" style=\"text-align: justify;\">Receber cuidados em casa, traz ao paciente mais conforto, seguran\u00e7a, bem-estar e at\u00e9 mesmo tranquilidade, j\u00e1 que ele se sente mais acolhido por estar pr\u00f3ximo aos seus familiares, sua recupera\u00e7\u00e3o \u00e9 mais r\u00e1pida refletindo positivamente em seu estado de sa\u00fade, tanto f\u00edsica quanto emocional. Por essa e mais tantas raz\u00f5es, muitas pessoas t\u00eam optado por cuidar de seus familiares em casa, com a ajuda de profissionais especializados em Home Care. Tratar o paciente em casa \u00e9 uma alternativa para quando a pessoa necessita de atendimento especializado di\u00e1rio.<\/p>\n<p class=\"text-justify\" style=\"text-align: justify;\">A Anjos da Guarda mant\u00e9m sob gest\u00e3o e responsabilidade todos os profissionais, que s\u00e3o capacitados e habilitados para atender com seguran\u00e7a e qualidade. Nossa equipe multidisciplinar presta suporte 24 horas de atendimento ao cliente atrav\u00e9s da nossa central, a fim de suprir urg\u00eancias e emerg\u00eancias. Caso haja absente\u00edsmo com algum membro da equipe, substitu\u00edmos imediatamente, assim o paciente n\u00e3o fica sem assist\u00eancia. Com essa comodidade a fam\u00edlia pode focar na sa\u00fade e bem-estar do paciente.<\/p>\n<p class=\"text-justify\" style=\"text-align: justify;\">Estamos aqui para proteger e cuidar de quem voc\u00ea mais ama, seja onde ele estiver, dando a tranquilidade e seguran\u00e7a a sua fam\u00edlia. Levamos solu\u00e7\u00f5es em servi\u00e7os de cuidados, acompanhamento e procedimentos de enfermagem, tanto para fam\u00edlias quanto para empresas, oferecendo o melhor custo-benef\u00edcio do mercado!<\/p>\t\t\t\t\t\t\t\t<\/div>\n\t\t\t\t<\/div>\n\t\t\t\t\t<\/div>\n\t\t<\/div>\n\t\t\t\t\t<\/div>\n\t\t<\/section>\n\t\t\t\t<section class=\"elementor-section elementor-top-section elementor-element elementor-element-2e541c9 elementor-section-full_width elementor-section-height-default elementor-section-height-default\" data-id=\"2e541c9\" data-element_type=\"section\" data-e-type=\"section\" data-settings=\"{&quot;background_background&quot;:&quot;classic&quot;}\">\n\t\t\t\t\t\t<div class=\"elementor-container elementor-column-gap-default\">\n\t\t\t\t\t<div class=\" elementor-column elementor-col-100 elementor-top-column elementor-element elementor-element-ade0d47\" data-fullscreen-column-settings=\"{&quot;fullscreen&quot;:&quot;&quot;}\" data-id=\"ade0d47\" data-element_type=\"column\" data-e-type=\"column\">\n\t\t\t<div class=\"elementor-widget-wrap elementor-element-populated\">\n\t\t\t\t\t\t<section class=\"elementor-section elementor-inner-section elementor-element elementor-element-2f45d8e elementor-section-content-middle elementor-section-boxed elementor-section-height-default elementor-section-height-default\" data-id=\"2f45d8e\" data-element_type=\"section\" data-e-type=\"section\" data-settings=\"{&quot;background_background&quot;:&quot;classic&quot;}\">\n\t\t\t\t\t\t<div class=\"elementor-container elementor-column-gap-default\">\n\t\t\t\t\t<div class=\" elementor-column elementor-col-33 elementor-inner-column elementor-element elementor-element-336178c elementor-invisible\" data-fullscreen-column-settings=\"{&quot;fullscreen&quot;:&quot;&quot;}\" data-id=\"336178c\" data-element_type=\"column\" data-e-type=\"column\" data-settings=\"{&quot;animation&quot;:&quot;fadeIn&quot;}\">\n\t\t\t<div class=\"elementor-widget-wrap elementor-element-populated\">\n\t\t\t\t\t\t<div class=\"elementor-element elementor-element-4cb31ca elementor-invisible elementor-widget elementor-widget-litho-progress-step\" data-id=\"4cb31ca\" data-element_type=\"widget\" data-e-type=\"widget\" data-settings=\"{&quot;_animation&quot;:&quot;fadeIn&quot;}\" data-widget_type=\"litho-progress-step.default\">\n\t\t\t\t<div class=\"elementor-widget-container\">\n\t\t\t\t\t\t\t\t\t\t<div class=\"progress-step-box progress-step-style-2\">\n\t\t\t\t\t\t<div class=\"progress-step-icon-box\">\n\t\t\t\t\t\t\t<span class=\"progress-step-item-box-bfr progress-step-separator\"><\/span>\n\t\t\t\t\t\t\t\t\t\t\t\t\t\t\t<div class=\"progress-step-icon\">\n\t\t\t\t\t\t\t\t\t<i aria-hidden=\"true\" class=\" icon-target\"><\/i>\t\t\t\t\t\t\t\t<\/div>\n\t\t\t\t\t\t\t\t\t\t\t\t\t<\/div>\n\t\t\t\t\t\t\t\t\t\t\t\t\t<span class=\"progress-step-title\">MISS\u00c3O<\/span>\n\t\t\t\t\t\t\t\t\t\t\t\t\t\t\t\t\t\t\t<div class=\"progress-step-content\"><p style=\"text-align: justify\">Realizar atendimento humanizado com qualidade em todas as etapas, superando as expectativas e respeitando as necessidades dos nossos clientes e pacientes. Trazendo confian\u00e7a e reconhecimento.<\/p><\/div>\n\t\t\t\t\t\t\t\t\t\t\t<\/div>\n\t\t\t\t\t\t\t\t\t<\/div>\n\t\t\t\t<\/div>\n\t\t\t\t\t<\/div>\n\t\t<\/div>\n\t\t\t\t<div class=\" elementor-column elementor-col-33 elementor-inner-column elementor-element elementor-element-565ebc5 elementor-invisible\" data-fullscreen-column-settings=\"{&quot;fullscreen&quot;:&quot;&quot;}\" data-id=\"565ebc5\" data-element_type=\"column\" data-e-type=\"column\" data-settings=\"{&quot;animation&quot;:&quot;fadeIn&quot;,&quot;animation_delay&quot;:200}\">\n\t\t\t<div class=\"elementor-widget-wrap elementor-element-populated\">\n\t\t\t\t\t\t<div class=\"elementor-element elementor-element-92028b1 elementor-invisible elementor-widget elementor-widget-litho-progress-step\" data-id=\"92028b1\" data-element_type=\"widget\" data-e-type=\"widget\" data-settings=\"{&quot;_animation&quot;:&quot;fadeIn&quot;,&quot;_animation_delay&quot;:700}\" data-widget_type=\"litho-progress-step.default\">\n\t\t\t\t<div class=\"elementor-widget-container\">\n\t\t\t\t\t\t\t\t\t\t<div class=\"progress-step-box progress-step-style-2\">\n\t\t\t\t\t\t<div class=\"progress-step-icon-box\">\n\t\t\t\t\t\t\t<span class=\"progress-step-item-box-bfr progress-step-separator\"><\/span>\n\t\t\t\t\t\t\t\t\t\t\t\t\t\t\t<div class=\"progress-step-icon\">\n\t\t\t\t\t\t\t\t\t<i aria-hidden=\"true\" class=\" line-icon-Medal-2\"><\/i>\t\t\t\t\t\t\t\t<\/div>\n\t\t\t\t\t\t\t\t\t\t\t\t\t<\/div>\n\t\t\t\t\t\t\t\t\t\t\t\t\t<span class=\"progress-step-title\">VIS\u00c3O<\/span>\n\t\t\t\t\t\t\t\t\t\t\t\t\t\t\t\t\t\t\t<div class=\"progress-step-content\"><p style=\"text-align: justify\">Ser refer\u00eancia na presta\u00e7\u00e3o de servi\u00e7os e cuidados de pessoas.<\/p><\/div>\n\t\t\t\t\t\t\t\t\t\t\t<\/div>\n\t\t\t\t\t\t\t\t\t<\/div>\n\t\t\t\t<\/div>\n\t\t\t\t\t<\/div>\n\t\t<\/div>\n\t\t\t\t<div class=\" elementor-column elementor-col-33 elementor-inner-column elementor-element elementor-element-790d177 elementor-invisible\" data-fullscreen-column-settings=\"{&quot;fullscreen&quot;:&quot;&quot;}\" data-id=\"790d177\" data-element_type=\"column\" data-e-type=\"column\" data-settings=\"{&quot;animation&quot;:&quot;fadeIn&quot;,&quot;animation_delay&quot;:400}\">\n\t\t\t<div class=\"elementor-widget-wrap elementor-element-populated\">\n\t\t\t\t\t\t<div class=\"elementor-element elementor-element-659d931 elementor-invisible elementor-widget elementor-widget-litho-progress-step\" data-id=\"659d931\" data-element_type=\"widget\" data-e-type=\"widget\" data-settings=\"{&quot;_animation&quot;:&quot;fadeIn&quot;,&quot;_animation_delay&quot;:1100}\" data-widget_type=\"litho-progress-step.default\">\n\t\t\t\t<div class=\"elementor-widget-container\">\n\t\t\t\t\t\t\t\t\t\t<div class=\"progress-step-box progress-step-style-2\">\n\t\t\t\t\t\t<div class=\"progress-step-icon-box\">\n\t\t\t\t\t\t\t<span class=\"progress-step-item-box-bfr progress-step-separator\"><\/span>\n\t\t\t\t\t\t\t\t\t\t\t\t\t\t\t<div class=\"progress-step-icon\">\n\t\t\t\t\t\t\t\t\t<i aria-hidden=\"true\" class=\" icon-heart\"><\/i>\t\t\t\t\t\t\t\t<\/div>\n\t\t\t\t\t\t\t\t\t\t\t\t\t<\/div>\n\t\t\t\t\t\t\t\t\t\t\t\t\t<span class=\"progress-step-title\">VALORES<\/span>\n\t\t\t\t\t\t\t\t\t\t\t\t\t\t\t\t\t\t\t<div class=\"progress-step-content\"><p style=\"text-align: justify\">Honestidade, respeito, \u00e9tica, responsabilidade, legalidade, dedica\u00e7\u00e3o, solidariedade, qualidade, diversidade cultural e sensibilidade<\/p><\/div>\n\t\t\t\t\t\t\t\t\t\t\t<\/div>\n\t\t\t\t\t\t\t\t\t<\/div>\n\t\t\t\t<\/div>\n\t\t\t\t\t<\/div>\n\t\t<\/div>\n\t\t\t\t\t<\/div>\n\t\t<\/section>\n\t\t\t\t\t<\/div>\n\t\t<\/div>\n\t\t\t\t\t<\/div>\n\t\t<\/section>\n\t\t\t\t<\/div>\n\t\t","protected":false},"excerpt":{"rendered":"<p>Sabemos que nada \u00e9 eterno, por\u00e9m tudo que cuidamos vive mais. Mais de 25.000 fam\u00edlias atendidas pela Anjos da Guarda. QUEM SOMOS A Cl\u00ednica Anjos da Guarda \u00e9 a maior institui\u00e7\u00e3o de cuidado humanizado do Brasil. Somos uma empresa especializada em cuidados Home Care que contamos com profissionais capacitados e especializados para atender as mais [&hellip;]<\/p>\n","protected":false},"author":1,"featured_media":0,"parent":0,"menu_order":0,"comment_status":"closed","ping_status":"closed","template":"","meta":{"footnotes":""},"class_list":["post-76631","page","type-page","status-publish","hentry"],"_links":{"self":[{"href":"https:\/\/clinicaanjosdaguarda.com.br\/es\/wp-json\/wp\/v2\/pages\/76631","targetHints":{"allow":["GET"]}}],"collection":[{"href":"https:\/\/clinicaanjosdaguarda.com.br\/es\/wp-json\/wp\/v2\/pages"}],"about":[{"href":"https:\/\/clinicaanjosdaguarda.com.br\/es\/wp-json\/wp\/v2\/types\/page"}],"author":[{"embeddable":true,"href":"https:\/\/clinicaanjosdaguarda.com.br\/es\/wp-json\/wp\/v2\/users\/1"}],"replies":[{"embeddable":true,"href":"https:\/\/clinicaanjosdaguarda.com.br\/es\/wp-json\/wp\/v2\/comments?post=76631"}],"version-history":[{"count":139,"href":"https:\/\/clinicaanjosdaguarda.com.br\/es\/wp-json\/wp\/v2\/pages\/76631\/revisions"}],"predecessor-version":[{"id":78693,"href":"https:\/\/clinicaanjosdaguarda.com.br\/es\/wp-json\/wp\/v2\/pages\/76631\/revisions\/78693"}],"wp:attachment":[{"href":"https:\/\/clinicaanjosdaguarda.com.br\/es\/wp-json\/wp\/v2\/media?parent=76631"}],"curies":[{"name":"wp","href":"https:\/\/api.w.org\/{rel}","templated":true}]}}