{"id":74989,"date":"2020-02-06T08:17:05","date_gmt":"2020-02-06T08:17:05","guid":{"rendered":"https:\/\/litho.themezaa.com\/?page_id=3"},"modified":"2023-06-27T20:23:44","modified_gmt":"2023-06-27T20:23:44","slug":"politicas-de-privacidade","status":"publish","type":"page","link":"https:\/\/clinicaanjosdaguarda.com.br\/es\/politicas-de-privacidade\/","title":{"rendered":"Pol\u00edticas de Privacidade"},"content":{"rendered":"<div data-elementor-type=\"wp-page\" data-elementor-id=\"74989\" class=\"elementor elementor-74989\" data-elementor-post-type=\"page\">\n\t\t\t\t\t\t<section class=\"elementor-section elementor-top-section elementor-element elementor-element-40c2da8 elementor-section-boxed elementor-section-height-default elementor-section-height-default\" data-id=\"40c2da8\" data-element_type=\"section\" data-e-type=\"section\">\n\t\t\t\t\t\t<div class=\"elementor-container elementor-column-gap-default\">\n\t\t\t\t\t<div class=\"elementor-column elementor-col-100 elementor-top-column elementor-element elementor-element-f5c5ea7\" data-fullscreen-column-settings=\"{&quot;fullscreen&quot;:&quot;&quot;}\" data-id=\"f5c5ea7\" data-element_type=\"column\" data-e-type=\"column\">\n\t\t\t<div class=\"elementor-widget-wrap elementor-element-populated\">\n\t\t\t\t\t\t<div class=\"elementor-element elementor-element-67a47fa elementor-widget elementor-widget-spacer\" data-id=\"67a47fa\" data-element_type=\"widget\" data-e-type=\"widget\" data-widget_type=\"spacer.default\">\n\t\t\t\t<div class=\"elementor-widget-container\">\n\t\t\t\t\t\t\t<div class=\"elementor-spacer\">\n\t\t\t<div class=\"elementor-spacer-inner\"><\/div>\n\t\t<\/div>\n\t\t\t\t\t\t<\/div>\n\t\t\t\t<\/div>\n\t\t\t\t\t<\/div>\n\t\t<\/div>\n\t\t\t\t\t<\/div>\n\t\t<\/section>\n\t\t\t\t<section class=\"elementor-section elementor-top-section elementor-element elementor-element-5089b28 elementor-section-height-min-height elementor-section-content-middle elementor-section-boxed elementor-section-height-default elementor-section-items-middle\" data-id=\"5089b28\" data-element_type=\"section\" data-e-type=\"section\" data-settings=\"{&quot;background_background&quot;:&quot;classic&quot;}\">\n\t\t\t\t\t\t\t<div class=\"elementor-background-overlay\"><\/div>\n\t\t\t\t\t\t\t<div class=\"elementor-container elementor-column-gap-default\">\n\t\t\t\t\t<div class=\"elementor-column elementor-col-100 elementor-top-column elementor-element elementor-element-4917322\" data-fullscreen-column-settings=\"{&quot;fullscreen&quot;:&quot;&quot;}\" data-id=\"4917322\" data-element_type=\"column\" data-e-type=\"column\" data-settings=\"{&quot;background_background&quot;:&quot;classic&quot;}\">\n\t\t\t<div class=\"elementor-widget-wrap elementor-element-populated\">\n\t\t\t\t\t\t\t<\/div>\n\t\t<\/div>\n\t\t\t\t\t<\/div>\n\t\t<\/section>\n\t\t\t\t<section class=\"elementor-section elementor-top-section elementor-element elementor-element-0cc013d elementor-section-boxed elementor-section-height-default elementor-section-height-default\" data-id=\"0cc013d\" data-element_type=\"section\" data-e-type=\"section\">\n\t\t\t\t\t\t<div class=\"elementor-container elementor-column-gap-default\">\n\t\t\t\t\t<div class=\"elementor-column elementor-col-100 elementor-top-column elementor-element elementor-element-fa06882\" data-fullscreen-column-settings=\"{&quot;fullscreen&quot;:&quot;&quot;}\" data-id=\"fa06882\" data-element_type=\"column\" data-e-type=\"column\">\n\t\t\t<div class=\"elementor-widget-wrap elementor-element-populated\">\n\t\t\t\t\t\t<div class=\"elementor-element elementor-element-918e78c elementor-widget elementor-widget-text-editor\" data-id=\"918e78c\" data-element_type=\"widget\" data-e-type=\"widget\" data-widget_type=\"text-editor.default\">\n\t\t\t\t<div class=\"elementor-widget-container\">\n\t\t\t\t\t\t\t\t\t<p><strong>Pol\u00edtica de Privacidade e Uso de Cookies \u2013 Cl\u00ednica Anjos da Guarda<\/strong><\/p><p>\u00a0<\/p><p><em>Defini\u00e7\u00f5es: <\/em><\/p><p><em>Dado Pessoal:<\/em> Informa\u00e7\u00f5es relacionadas \u00e0 pessoa natural, identificada ou identific\u00e1vel;<\/p><p>\u00a0<\/p><p><em>Dado Pessoal Sens\u00edvel<\/em>: Dados pessoais referentes \u00e0 origem racial ou \u00e9tnica, convic\u00e7\u00e3o religiosa, opini\u00f5es pol\u00edticas ou religiosas, vida sexual, sa\u00fade, dados gen\u00e9ticos, biom\u00e9tricos relativos \u00e0 pessoa natural;<\/p><p>\u00a0<\/p><p><em>Titular:<\/em> Pessoa natural a quem se refere os dados pessoais;<\/p><p>\u00a0<\/p><p><em>Terceiro:<\/em> Pessoa f\u00edsica que visita as depend\u00eancias da Empresa;<\/p><p>\u00a0<\/p><p><em>Usu\u00e1rios do site:<\/em> Pessoa f\u00edsica que acessa e\/ou se cadastra no site da Empresa;<\/p><p>\u00a0<\/p><p><em>Tratamento:<\/em> Coleta, produ\u00e7\u00e3o, arquivamento, processamento, armazenamento, elimina\u00e7\u00e3o, modifica\u00e7\u00f5es de dados pessoais;<\/p><p>\u00a0<\/p><p><em>Controlador:<\/em> Pessoa natural ou jur\u00eddica, a quem cabe as decis\u00f5es referentes ao tratamento;<\/p><p>\u00a0<\/p><p><em>Operador:<\/em> Pessoa natural ou jur\u00eddica, a quem realiza o tratamento de dados em nome do Controlador.<\/p><p>\u00a0<\/p><p>A Lei Geral de Prote\u00e7\u00e3o de Dados \u2013 LGPD (Lei 13.709\/2018) entrou em vigor visando proteger os direitos fundamentais da liberdade, da privacidade e da livre informa\u00e7\u00e3o de cada indiv\u00edduo.<\/p><p>\u00a0<\/p><p>Dessa forma, a Cl\u00ednica Anjos da Guarda, se preocupa em oferecer a Voc\u00ea, cliente, o melhor servi\u00e7o poss\u00edvel, demonstrando transpar\u00eancia desde o atendimento inicial at\u00e9 a presta\u00e7\u00e3o dos servi\u00e7os.<\/p><p>A Cl\u00ednica Anjos da Guarda de forma organizada, se preocupa com a privacidade dos Dados Pessoais coletados, utilizando t\u00e3o somente para a referida finalidade descrita abaixo.<\/p><p>A Cl\u00ednica Anjos da Guarda n\u00e3o participa de quaisquer trocas ou compras de Bancos de Dados.<\/p><p>Esta Pol\u00edtica de Privacidade destina-se a informa\u0301-lo sobre o modo como no\u0301s tratamos as informac\u0327o\u0303es coletadas em suas visitas ao nosso site e em mensagens que trocamos com Voc\u00ea.<\/p><p>\u00a0<\/p><p>Ale\u0301m disso, a Poli\u0301tica de Privacidade na\u0303o se aplica a quaisquer aplicativos, produtos, servic\u0327os, site ou recursos de mi\u0301dia social de terceiros que possam ser oferecidos ou acessados por meio do nosso site. O acesso a esses links fara\u0301 com que Voc\u00ea\u0302 deixe o nosso site e podera\u0301 resultar na coleta ou compartilhamento de informac\u0327o\u0303es sobre Voc\u00ea\u0302 por terceiros. No\u0301s na\u0303o controlamos, endossamos ou fazemos quaisquer representa\u00e7\u00f5es sobre sites de terceiros ou suas pr\u00e1ticas de privacidade, que podem ser diferentes das nossas. Recomendamos que voc\u00ea\u0302 revise a pol\u00edtica de privacidade de qualquer site com o qual Voce\u0302 interaja antes de permitir a coleta e o uso de seus Dados Pessoais.<\/p><p>\u00a0<\/p><p><u>Quais Dados coletamos?<\/u><\/p><p>A simples navega\u00e7\u00e3o em nosso Site n\u00e3o coleta quaisquer tipos de Dados Pessoais referentes \u00e0 Voc\u00ea, somente s\u00e3o coletadas as seguintes informa\u00e7\u00f5es:<\/p><ol><li>Dados de cadastro: quando voc\u00ea se cadastra em nosso site, a fim de solicita\u00e7\u00e3o de atendimento em at\u00e9 24h, nos fornece as seguintes informa\u00e7\u00f5es: Nome, telefone e e-mail para contato.<\/li><\/ol><p>1.1. Quando voc\u00ea cria uma conta, para realiza\u00e7\u00e3o de um curso EAD, nos fornece as seguintes informa\u00e7\u00f5es: Nome completo, e-mail, cidade, bairro, munic\u00edpio, pa\u00eds, cep, telefone e n\u00famero de documentos pessoais (RG e CPF).<\/p><ol start=\"2\"><li>Registros de acesso: A Cl\u00ednica Anjos da Guarda coleta, de forma autom\u00e1tica, os registros de acesso \u00e0 aplica\u00e7\u00e3o, que podem incluir o endere\u00e7o IP, com data e hora, utilizado para acessar o presente site. Esses dados s\u00e3o de coleta obrigat\u00f3ria, conforme estipulado pela Lei n\u00ba 12.965\/2014, mas ser\u00e3o fornecidos para terceiros apenas com a sua autoriza\u00e7\u00e3o expressa ou em raz\u00e3o de decis\u00e3o judicial.<\/li><li>Outras informac\u0327o\u0303es que podemos coletar: Informac\u0327o\u0303es que na\u0303o revelem especificamente a sua identidade ou que na\u0303o s\u00e3o diretamente relacionadas a um indiv\u00edduo, tais como informac\u0327o\u0303es sobre navegador e dispositivo; dados de uso do site; e informac\u0327o\u0303es coletadas por meio de cookies, pixel tags e outras tecnologias.<\/li><\/ol><p><u>\u00a0<\/u><\/p><p><u>Quais s\u00e3o as finalidades da Coleta de Dados?<\/u><\/p><p>N\u00f3s prezamos muito pela sua privacidade e \u00e9 justamente por isso que todos os dados e informa\u00e7\u00f5es sobre voc\u00ea s\u00e3o tratadas com a mais alta confidencialidade, sendo usados somente para os fins ora descritos e por voc\u00ea conhecidos e autorizados.<\/p><p>Assim, coletamos e usamos Dados Pessoais para gerenciar seu relacionamento conosco e melhor atende\u0302-lo, personalizando e melhorando sua experi\u00eancia. Exemplos de como usamos os Dados incluem:<\/p><ol><li>Viabilizar que Voc\u00ea\u0302 conhe\u00e7a nossos servi\u00e7os;<\/li><li>Para confirmar ou corrigir as informac\u0327o\u0303es que temos sobre Voce\u0302;<\/li><li>Para enviar informac\u0327o\u0303es que acreditamos ser do seu interesse;<\/li><li>Para personalizar sua experi\u00eancia ao visitar nosso site.<\/li><li>Para entrarmos em contato por um n\u00famero de telefone e\/ou endere\u00e7o de e-mail fornecido. Podemos entrar em contato com Voce\u0302 pessoalmente, por mensagens de voz, atrav\u00e9s de equipamentos de discagem autom\u00e1tica, por mensagens de texto (SMS), por e-mail, ou por qualquer outro meio de comunica\u00e7\u00e3o que seu dispositivo seja capaz de receber, nos termos da lei e para fins comerciais razo\u00e1veis.<\/li><li>Para a presta\u00e7\u00e3o de servi\u00e7o de cursos online. Os dados podem ser usados para fornecer acesso aos cursos, processar pagamentos, responder a perguntas e fornecer suporte t\u00e9cnico.\u00a0<\/li><li>Para identifica\u00e7\u00e3o das pessoas que nos contatam por meio virtual.<\/li><li>Viabilizar a agilidade no atendimento ao solicitante.<\/li><\/ol><p>\u00a0<\/p><p>Al\u00e9m disso, os Dados Pessoais fornecidos tamb\u00e9m podem ser utilizados na forma que julgarmos necess\u00e1ria ou adequada:<\/p><p>(a) Nos termos das Leis de Prote\u00e7\u00e3o de Dados.<\/p><p>(b) Para atender exig\u00eancias de processo judicial.<\/p><p>(c)\u00a0 Para proteger direitos, privacidade, seguran\u00e7a nossos, seus ou de terceiros.<\/p><p>(d) Para detectar e prevenir fraude.<\/p><p>(e) Permitir-nos usar as a\u00e7\u00f5es dispon\u00edveis ou limitar danos que venhamos a sofrer.<\/p><p>(f) De outros modos permitidos por lei.<\/p><p><u>\u00a0<\/u><\/p><p><u>Por quanto tempo os dados pessoais s\u00e3o mantidos? <\/u><\/p><p>Os Dados Pessoais coletados e processados ficar\u00e3o armazenados at\u00e9 atingirmos a finalidade do tratamento ou quando n\u00e3o houver mais um prop\u00f3sito leg\u00edtimo ou um motivo legal e regulat\u00f3rio que permita a Empresa ret\u00ea-los.<\/p><p><u>\u00a0<\/u><\/p><p><u>Podemos compartilhar os seus Dados Pessoais coletados?<\/u><\/p><p>O compartilhamento de Dados Pessoais coletados s\u00f3 acontecer\u00e1 caso sejam terceiros designados por Voc\u00ea e somente com o seu Consentimento.<\/p><p>Al\u00e9m do exposto acima, \u00e9 poss\u00edvel que compartilharemos os Dados Pessoais coletados com prestadores de servi\u00e7os terceirizados, como ag\u00eancia de marketing, an\u00e1lise de Dados, entre outros similares.<\/p><p>\u00a0<\/p><p><u>O que \u00e9 coleta de Dados Autom\u00e1tica?<\/u><\/p><p>Quando Voce\u0302 visita o site, ele pode armazenar ou recuperar informac\u0327o\u0303es em seu navegador, principalmente na forma de cookies. Essas informac\u0327o\u0303es podem ser sobre Voce\u0302, suas prefere\u0302ncias ou seu dispositivo e s\u00e3o usadas principalmente para que o site funcione como voce\u0302 espera. As informac\u0327o\u0303es geralmente na\u0303o o identificam diretamente, mas podem oferecer uma experi\u00eancia na internet mais personalizada. De acordo com esta Poli\u0301tica de Privacidade, no\u0301s e nossos prestadores de servic\u0327os terceirizados, mediante seu consentimento, podemos coletar seus Dados Pessoais de diversas formas, incluindo, entre outros:<\/p><ol><li>Por meio de formul\u00e1rio de contato: nosso site disponibiliza um formul\u00e1rio de contato, onde voc\u00ea nos informa dados como: nome completo, endere\u00e7o de e-mail, telefone, unidade em que deseja atendimento, servi\u00e7o de interesse, entre outros. Os dados coletados por este formul\u00e1rio s\u00e3o enviados via e-mail para a unidade em que foi solicitado atendimento para realiza\u00e7\u00e3o do contato.<\/li><li>Por meio do navegador ou do dispositivo: algumas informa\u00e7\u00f5es s\u00e3o coletadas pela maior parte dos navegadores ou automaticamente por meio de dispositivos de acesso a\u0300 internet, como o tipo de computador, resolu\u00e7\u00e3o da tela, nome e vers\u00e3o do sistema operacional, modelo e fabricante do dispositivo, idioma, tipo e vers\u00e3o do navegador de Internet que esta\u0301 utilizando. Podemos utilizar essas informa\u00e7\u00f5es para assegurar que o site funcione adequadamente.<\/li><li>Uso de cookies: informac\u0327o\u0303es sobre o seu uso do site podem ser coletadas por terceiros a partir de cookies. Cookies s\u00e3o informac\u0327o\u0303es armazenadas diretamente no computador que voce\u0302 esta\u0301 utilizando. Os cookies permitem a coleta de informac\u0327o\u0303es tais como o tipo de navegador, o tempo despendido no site, as p\u00e1ginas visitadas, as prefere\u0302ncias de idioma, e outros dados de tr\u00e1fego an\u00f4nimos. No\u0301s e nossos prestadores de servic\u0327os utilizamos informac\u0327o\u0303es para prote\u00e7\u00e3o de seguran\u00e7a, para facilitar a navega\u00e7\u00e3o, exibir informac\u0327o\u0303es de modo mais eficiente, e personalizar sua experi\u00eancia ao utilizar o site, assim como para rastreamento online. Caso n\u00e3o deseje que suas informac\u0327o\u0303es sejam coletadas por meio de cookies, ha\u0301 um procedimento simples na maior parte dos navegadores que permite que os cookies sejam automaticamente rejeitados, ou oferece a op\u00e7\u00e3o de aceitar ou rejeitar a transfer\u00eancia de um cookie (ou cookies) espec\u00edfico(s) de um site determinado para o seu computador. Entretanto, isso pode gerar inconvenientes no uso do site. As defini\u00e7\u00f5es que escolher podem afetar a sua experi\u00eancia de navega\u00e7\u00e3o e o funcionamento que exige a utiliza\u00e7\u00e3o de cookies. Neste sentido, rejeitamos qualquer responsabilidade pelas consequ\u00eancias resultantes do funcionamento limitado da loja provocado pela desativa\u00e7\u00e3o de cookies no seu dispositivo (incapacidade de definir ou ler um cookie).<\/li><\/ol><p>3.1. Quais os tipos de cookies e suas funcionalidades?<\/p><p>\u00a0<\/p><ul><li>Cookies necess\u00e1rios: s\u00e3o imprescind\u00edveis para o funcionamento adequado do site;<\/li><li>Cookies de estat\u00edsticas: tamb\u00e9m conhecidos como cookies de an\u00e1lise, coletam informa\u00e7\u00f5es sobre as intera\u00e7\u00f5es dos visitantes do site para criar relat\u00f3rios detalhados de comportamento;<\/li><li>Cookies de funcionalidade: permitem que o site seja ajustado para se integrar a servi\u00e7os de terceiros, como vincula\u00e7\u00e3o a perfis em redes sociais, coment\u00e1rios, chatbots, etc.;<\/li><\/ul><p>3.2. Cookies utilizados em nosso site<\/p><p>Em nosso site utilizamos o plug-in GPDR Cookie Consent, que \u00e9 utilizado para incluir o banner de uso de cookies, com a op\u00e7\u00e3o de voc\u00ea aceitar ou rejeitar o armazenamento. Para mais informa\u00e7\u00f5es sobre o plug-in, <a href=\"https:\/\/br.wordpress.org\/plugins\/cookie-law-info\/\">clique aqui<\/a>.<\/p><p>\u00a0<\/p><p>Abaixo relacionamos os cookies armazenados pelo GDPR plug-in:<\/p><ul><li><em>viewed_cookie_policy<\/em>: O cookie \u00e9 definido pelo plug-in GDPR Cookie Consent e utilizado para memorizar a mensagem que j\u00e1 foi exibida de consentimento, armazenando se o usu\u00e1rio consentiu ou n\u00e3o com o uso de cookies. Esse cookie n\u00e3o armazena nenhum dado pessoal;<\/li><li><em>cookielawinfo-checkbox-necessary<\/em>: Este cookie \u00e9 definido pelo plug-in GDPR Cookie Consent. Os cookies s\u00e3o usados para armazenar o consentimento do usu\u00e1rio para os cookies na categoria &#8220;Necess\u00e1rio&#8221;;<\/li><li><em>cookielawinfo-checkbox-functional<\/em>: o objetivo deste cookie \u00e9 armazenar o consentimento do usu\u00e1rio no uso de cookies da categoria &#8220;Funcional&#8221;;<\/li><li><em>cookielawinfo-checkbox-performance<\/em>: Este cookie \u00e9 definido pelo plug-in GDPR Cookie Consent. O objetivo deste cookie \u00e9 armazenar o consentimento do usu\u00e1rio para os cookies na categoria &#8220;Desempenho&#8221;;<\/li><li><em>cookielawinfo-checkbox-analytics:<\/em> Este cookie \u00e9 definido pelo plugin GDPR Cookie Consent.\u00a0O objetivo deste cookie \u00e9 verificar se o usu\u00e1rio deu ou n\u00e3o o consentimento para o uso de cookies na categoria &#8216;Analytics&#8217;;<\/li><li><em>cookielawinfo-checkbox-others<\/em>: Este cookie \u00e9 definido pelo plug-in GDPR Cookie Consent. O objetivo deste cookie \u00e9 armazenar o consentimento do usu\u00e1rio para os cookies na categoria &#8220;Outros.<\/li><li><em>Google Analytics<\/em>: O Google Analytics define esse cookie para calcular dados de visitantes, sess\u00f5es e campanhas e rastrear o uso do site para o relat\u00f3rio anal\u00edtico do site. O cookie armazena informa\u00e7\u00f5es anonimamente e atribui um n\u00famero gerado aleatoriamente para reconhecer visitantes \u00fanicos. O usu\u00e1rio pode obter mais informa\u00e7\u00f5es sobre esses cookies de terceiros, incluindo a descri\u00e7\u00e3o dos cookies utilizados e suas caracter\u00edsticas, acessando o seguinte link: <a href=\"https:\/\/developers.google.com\/analytics\/devguides\/collection\/gajs\/cookie-usage?hl=pt-br\">Google Analytics<\/a>.<\/li><\/ul><p>\u00a0<\/p><p><u>Posso desativar esses cookies? <\/u><\/p><p>Com exce\u00e7\u00e3o do cookie Necess\u00e1rio, que \u00e9 essencial para o funcionamento da nossa p\u00e1gina e permitir que voc\u00ea possa abri-la, os demais cookies podem ser desativados no nosso banner de Gerenciamento de Cookies. Nesse banner, voc\u00ea pode autorizar apenas aqueles que deseja utilizar.<\/p><p>Al\u00e9m disso, voc\u00ea tamb\u00e9m tem a op\u00e7\u00e3o de recusar o registro de cookies pelo site desativando essa op\u00e7\u00e3o no seu pr\u00f3prio navegador ou dispositivo.<\/p><p>No entanto, \u00e9 importante explicar que desativar os cookies pode afetar a disponibilidade de algumas ferramentas e funcionalidades do site, comprometendo seu funcionamento correto e esperado. Outra poss\u00edvel consequ\u00eancia \u00e9 a remo\u00e7\u00e3o das prefer\u00eancias do usu\u00e1rio que eventualmente tenham sido salvas, o que pode prejudicar sua experi\u00eancia.<\/p><p><u>\u00a0<\/u><\/p><p><u>Quais s\u00e3o os Direitos do Usu\u00e1rio? <\/u><\/p><p>Voce\u0302 pode, a qualquer momento, requerer:<\/p><p>(I) Confirma\u00e7\u00e3o de que seus Dados Pessoais est\u00e3o sendo tratados;<\/p><p>(II) Acesso aos seus Dados Pessoais;<\/p><p>(III) Correc\u0327o\u0303es a Dados incompletos, inexatos ou desatualizados;<\/p><p>(IV)Anonimiza\u00e7\u00e3o, bloqueio ou elimina\u00e7\u00e3o de dados desnecessa\u0301rios, excessivos ou tratados em desconformidade com o disposto em lei;<\/p><p>(V) Portabilidade de Dados Pessoais a outro prestador de servic\u0327os, contanto que isso na\u0303o afete nossos segredos industriais e comerciais;<\/p><p>(VI) Elimina\u00e7\u00e3o de Dados Pessoais tratados com seu consentimento, na medida do permitido em lei;<\/p><p>(VII) Informac\u0327o\u0303es sobre as entidades as quais seus Dados Pessoais tenham sido compartilhados;<\/p><p>(VIII) Informac\u0327o\u0303es sobre a possibilidade de n\u00e3o fornecer o consentimento e sobre as consequ\u00eancias da negativa;<\/p><p>(IX) Revoga\u00e7\u00e3o do consentimento. Os seus pedidos ser\u00e3o tratados com especial cuidado de forma a que possamos assegurar a efic\u00e1cia dos seus direitos. Podera\u0301 lhe ser pedido que faca prova da sua identidade de modo a assegurar que a partilha dos Dados Pessoais e\u0301 apenas feita com o seu titular.<\/p><p>\u00a0<\/p><p><u>Como manteremos seguros os dados que processamos e est\u00e3o sob nossa cust\u00f3dia?<\/u><\/p><p>Adotamos padr\u00f5es de seguran\u00e7a estabelecidos nas legisla\u00e7\u00f5es e regulamenta\u00e7\u00f5es aplic\u00e1veis, tais como:<\/p><p>Treinamento<\/p><p>Pol\u00edticas internas de seguran\u00e7a;<\/p><p>Sigilo dos profissionais que tiverem acesso \u00e0s informa\u00e7\u00f5es\/dados;<\/p><p>Aplica\u00e7\u00e3o de san\u00e7\u00f5es administrativas, disciplinares e legais cab\u00edveis \u00e0 colaboradores e pessoas que se utilizarem indevidamente de suas informa\u00e7\u00f5es.<\/p><p>Compromisso com os princ\u00edpios dispostos pela legisla\u00e7\u00e3o aplic\u00e1vel, bem como com o armazenamento, exclus\u00e3o dos dados, esse \u00faltimo quando solicitado;<\/p><p>Acesso do titular dos dados de todas as suas informa\u00e7\u00f5es que est\u00e3o armazenadas.<\/p><p>Ainda que sejam colocados nossos melhores esfor\u00e7os para preservar a sua privacidade e proteger os seus dados pessoais, \u00e9 importante que voc\u00ea saiba que nenhuma transmiss\u00e3o de informa\u00e7\u00f5es \u00e9 totalmente segura.<\/p><p>Por essa raz\u00e3o, a Cl\u00ednica Anjos da Guarda n\u00e3o pode garantir integralmente que todas as informa\u00e7\u00f5es que recebe e\/ou envia n\u00e3o sejam alvo de acessos n\u00e3o autorizados e realizados por meio de m\u00e9todos desenvolvidos para obter informa\u00e7\u00f5es de forma indevida, como v\u00edrus ou invas\u00f5es do banco de dados.<\/p><p>Na hip\u00f3tese de viola\u00e7\u00e3o dos dados pessoais que estejam sob a nossa cust\u00f3dia, garantimos o pleno esfor\u00e7o para remediar as consequ\u00eancias da situa\u00e7\u00e3o.<\/p><p>\u00a0<\/p><p><u>Seguran\u00e7a dos Dados Pessoais<\/u><\/p><p>Buscamos adotar as medidas t\u00e9cnicas e organizacionais adequadas para prote\u00e7\u00e3o dos Dados Pessoais na nossa organiza\u00e7\u00e3o. Infelizmente, nenhuma transmiss\u00e3o ou sistema de armazenamento de dados tem a garantia de serem 100% seguros.<\/p><p>\u00a0<\/p><p><u>Atualiza\u00e7\u00f5es desta Poli\u0301tica de Privacidade<\/u><\/p><p>Se modificarmos nossa Poli\u0301tica de Privacidade, publicaremos o novo texto no site, com a data de revis\u00e3o atualizada. Podemos alterar esta Poli\u0301tica de Privacidade a qualquer momento.<\/p><p>Recordamos que no\u0301s temos como compromisso na\u0303o tratar os seus Dados Pessoais de forma incompat\u00edvel com os objetivos descritos acima, exceto se de outra forma requerido por lei ou ordem judicial.<\/p><p>Sua utiliza\u00e7\u00e3o do site ap\u00f3s as altera\u00e7\u00f5es significa que aceitou as Pol\u00edticas de Privacidade revisadas. Caso, ap\u00f3s a leitura da nova vers\u00e3o, voce\u0302 na\u0303o esteja de acordo com seus termos, favor encerrar o acesso relacionado a\u0300 Cl\u00ednica Anjos da Guarda.<\/p><p>\u00a0<\/p><p><u>Encarregado do tratamento dos Dados Pessoais<\/u><\/p><p>Caso pretenda exercer qualquer um dos direitos previstos, inclusive retirar o seu consentimento, nesta Poli\u0301tica de Privacidade e\/ou nas Leis de Protec\u0327a\u0303o de Dados, ou resolver quaisquer d\u00favidas relacionadas ao Tratamento de seus Dados Pessoais, favor entrar em contato conosco, pelo e-mail <a href=\"mailto:lgpd@clinicaanjosdaguarda.com.br\">lgpd@clinicaanjosdaguarda.com.br<\/a><\/p><p>\u00a0<\/p><p>Para atender as requisi\u00e7\u00f5es acima, empreenderemos todos os esfor\u00e7os razo\u00e1veis no menor tempo poss\u00edvel, mas voc\u00ea deve estar ciente que poder\u00e1 ocorrer:<\/p><p>Eventual atraso no atendimento por fatores justific\u00e1veis, tais como a complexidade da requisi\u00e7\u00e3o;<\/p><p>Rejei\u00e7\u00e3o de sua requisi\u00e7\u00e3o por motivos formais ou legais.<\/p><p>Para qualquer hip\u00f3tese de impossibilidade de atendimento de sua requisi\u00e7\u00e3o, a Empresa apresentar\u00e1 os devidos motivos.<\/p><p>\u00a0<\/p><p>\u00a0<\/p><p>Publicado em: 27\/06\/2023.<\/p><p>\u00a0<\/p><p>\u00a0<\/p><p>\u00a0<\/p><p>\u00a0<\/p><p>\u00a0<\/p>\t\t\t\t\t\t\t\t<\/div>\n\t\t\t\t<\/div>\n\t\t\t\t\t<\/div>\n\t\t<\/div>\n\t\t\t\t\t<\/div>\n\t\t<\/section>\n\t\t\t\t<\/div>","protected":false},"excerpt":{"rendered":"<p>Pol\u00edtica de Privacidade e Uso de Cookies \u2013 Cl\u00ednica Anjos da Guarda \u00a0 Defini\u00e7\u00f5es: Dado Pessoal: Informa\u00e7\u00f5es relacionadas \u00e0 pessoa natural, identificada ou identific\u00e1vel; \u00a0 Dado Pessoal Sens\u00edvel: Dados pessoais referentes \u00e0 origem racial ou \u00e9tnica, convic\u00e7\u00e3o religiosa, opini\u00f5es pol\u00edticas ou religiosas, vida sexual, sa\u00fade, dados gen\u00e9ticos, biom\u00e9tricos relativos \u00e0 pessoa natural; \u00a0 Titular: Pessoa [&hellip;]<\/p>\n","protected":false},"author":1,"featured_media":0,"parent":0,"menu_order":202,"comment_status":"closed","ping_status":"closed","template":"elementor_header_footer","meta":{"footnotes":""},"class_list":["post-74989","page","type-page","status-publish","hentry"],"_links":{"self":[{"href":"https:\/\/clinicaanjosdaguarda.com.br\/es\/wp-json\/wp\/v2\/pages\/74989","targetHints":{"allow":["GET"]}}],"collection":[{"href":"https:\/\/clinicaanjosdaguarda.com.br\/es\/wp-json\/wp\/v2\/pages"}],"about":[{"href":"https:\/\/clinicaanjosdaguarda.com.br\/es\/wp-json\/wp\/v2\/types\/page"}],"author":[{"embeddable":true,"href":"https:\/\/clinicaanjosdaguarda.com.br\/es\/wp-json\/wp\/v2\/users\/1"}],"replies":[{"embeddable":true,"href":"https:\/\/clinicaanjosdaguarda.com.br\/es\/wp-json\/wp\/v2\/comments?post=74989"}],"version-history":[{"count":34,"href":"https:\/\/clinicaanjosdaguarda.com.br\/es\/wp-json\/wp\/v2\/pages\/74989\/revisions"}],"predecessor-version":[{"id":78146,"href":"https:\/\/clinicaanjosdaguarda.com.br\/es\/wp-json\/wp\/v2\/pages\/74989\/revisions\/78146"}],"wp:attachment":[{"href":"https:\/\/clinicaanjosdaguarda.com.br\/es\/wp-json\/wp\/v2\/media?parent=74989"}],"curies":[{"name":"wp","href":"https:\/\/api.w.org\/{rel}","templated":true}]}}