{"id":78844,"date":"2025-07-03T20:38:30","date_gmt":"2025-07-03T20:38:30","guid":{"rendered":"https:\/\/clinicaanjosdaguarda.com.br\/?page_id=78844"},"modified":"2025-07-03T20:38:45","modified_gmt":"2025-07-03T20:38:45","slug":"foz-do-iguacu","status":"publish","type":"page","link":"https:\/\/clinicaanjosdaguarda.com.br\/en\/foz-do-iguacu\/","title":{"rendered":"Foz do Igua\u00e7u"},"content":{"rendered":"<div data-elementor-type=\"wp-page\" data-elementor-id=\"78844\" class=\"elementor elementor-78844\" data-elementor-post-type=\"page\">\n\t\t\t\t\t\t<section class=\"elementor-section elementor-top-section elementor-element elementor-element-06aeb89 elementor-section-height-min-height elementor-section-content-middle elementor-section-boxed elementor-section-height-default elementor-section-items-middle\" data-id=\"06aeb89\" data-element_type=\"section\" data-e-type=\"section\" data-settings=\"{&quot;background_background&quot;:&quot;classic&quot;}\">\n\t\t\t\t\t\t\t<div class=\"elementor-background-overlay\"><\/div>\n\t\t\t\t\t\t\t<div class=\"elementor-container elementor-column-gap-default\">\n\t\t\t\t\t<div class=\"elementor-column elementor-col-100 elementor-top-column elementor-element elementor-element-5d5b3f9\" data-fullscreen-column-settings=\"{&quot;fullscreen&quot;:&quot;&quot;}\" data-id=\"5d5b3f9\" data-element_type=\"column\" data-e-type=\"column\" data-settings=\"{&quot;background_background&quot;:&quot;classic&quot;}\">\n\t\t\t<div class=\"elementor-widget-wrap elementor-element-populated\">\n\t\t\t\t\t\t\t<\/div>\n\t\t<\/div>\n\t\t\t\t\t<\/div>\n\t\t<\/section>\n\t\t\t\t<section class=\"elementor-section elementor-top-section elementor-element elementor-element-76f3809 elementor-section-boxed elementor-section-height-default elementor-section-height-default\" data-id=\"76f3809\" data-element_type=\"section\" data-e-type=\"section\">\n\t\t\t\t\t\t<div class=\"elementor-container elementor-column-gap-default\">\n\t\t\t\t\t<div class=\"elementor-column elementor-col-50 elementor-top-column elementor-element elementor-element-0b49f8e elementor-invisible\" data-fullscreen-column-settings=\"{&quot;fullscreen&quot;:&quot;&quot;}\" data-id=\"0b49f8e\" data-element_type=\"column\" data-e-type=\"column\" data-settings=\"{&quot;background_background&quot;:&quot;classic&quot;,&quot;animation&quot;:&quot;fadeInLeft&quot;}\">\n\t\t\t<div class=\"elementor-widget-wrap elementor-element-populated\">\n\t\t\t\t\t\t<div class=\"elementor-element elementor-element-22038eb elementor-widget elementor-widget-image\" data-id=\"22038eb\" data-element_type=\"widget\" data-e-type=\"widget\" data-widget_type=\"image.default\">\n\t\t\t\t<div class=\"elementor-widget-container\">\n\t\t\t\t\t\t\t\t\t\t\t\t\t\t\t<img fetchpriority=\"high\" decoding=\"async\" width=\"520\" height=\"450\" src=\"https:\/\/clinicaanjosdaguarda.com.br\/wp-content\/uploads\/2021\/12\/b3.jpg\" class=\"elementor-animation-shrink attachment-large size-large wp-image-77124\" alt=\"\" srcset=\"https:\/\/clinicaanjosdaguarda.com.br\/wp-content\/uploads\/2021\/12\/b3.jpg 520w, https:\/\/clinicaanjosdaguarda.com.br\/wp-content\/uploads\/2021\/12\/b3-300x260.jpg 300w, https:\/\/clinicaanjosdaguarda.com.br\/wp-content\/uploads\/2021\/12\/b3-14x12.jpg 14w, https:\/\/clinicaanjosdaguarda.com.br\/wp-content\/uploads\/2021\/12\/b3-200x173.jpg 200w\" sizes=\"(max-width: 520px) 100vw, 520px\" \/>\t\t\t\t\t\t\t\t\t\t\t\t\t\t\t<\/div>\n\t\t\t\t<\/div>\n\t\t\t\t\t<\/div>\n\t\t<\/div>\n\t\t\t\t<div class=\"elementor-column elementor-col-50 elementor-top-column elementor-element elementor-element-6d84de8 elementor-invisible\" data-fullscreen-column-settings=\"{&quot;fullscreen&quot;:&quot;&quot;}\" data-id=\"6d84de8\" data-element_type=\"column\" data-e-type=\"column\" data-settings=\"{&quot;animation&quot;:&quot;fadeInRight&quot;}\">\n\t\t\t<div class=\"elementor-widget-wrap elementor-element-populated\">\n\t\t\t\t\t\t<div class=\"elementor-element elementor-element-a31023d elementor-widget elementor-widget-text-editor\" data-id=\"a31023d\" data-element_type=\"widget\" data-e-type=\"widget\" data-widget_type=\"text-editor.default\">\n\t\t\t\t<div class=\"elementor-widget-container\">\n\t\t\t\t\t\t\t\t\t<h6 class=\"what-title text-dark my-3\"><strong>Cl\u00ednica Anjos da Guarda Foz do Igua\u00e7u<\/strong><\/h6><p style=\"text-align: justify;\"><b>Endere\u00e7o:<\/b>Rua Rosa Cirilo de Castro, n\u00b090 &#8211; 1\u00b0 andar, sala 8 &#8211; Jardim Polo Centro &#8211; Foz do Igua\u00e7u &#8211; PR, 85863-735<\/p><p style=\"text-align: justify;\"><b>Telefone\/ <\/b><b>WhatsApp \/ Celular: <\/b><a href=\"http:\/\/wa.me\/+554599940271\">(45) 9994-0271<\/a><\/p>\t\t\t\t\t\t\t\t<\/div>\n\t\t\t\t<\/div>\n\t\t\t\t\t<\/div>\n\t\t<\/div>\n\t\t\t\t\t<\/div>\n\t\t<\/section>\n\t\t\t\t<\/div>","protected":false},"excerpt":{"rendered":"<p>Cl\u00ednica Anjos da Guarda Foz do Igua\u00e7u Endere\u00e7o:Rua Rosa Cirilo de Castro, n\u00b090 &#8211; 1\u00b0 andar, sala 8 &#8211; Jardim Polo Centro &#8211; Foz do Igua\u00e7u &#8211; PR, 85863-735 Telefone\/ WhatsApp \/ Celular: (45) 9994-0271<\/p>","protected":false},"author":1,"featured_media":0,"parent":0,"menu_order":0,"comment_status":"closed","ping_status":"closed","template":"","meta":{"footnotes":""},"class_list":["post-78844","page","type-page","status-publish","hentry"],"_links":{"self":[{"href":"https:\/\/clinicaanjosdaguarda.com.br\/en\/wp-json\/wp\/v2\/pages\/78844","targetHints":{"allow":["GET"]}}],"collection":[{"href":"https:\/\/clinicaanjosdaguarda.com.br\/en\/wp-json\/wp\/v2\/pages"}],"about":[{"href":"https:\/\/clinicaanjosdaguarda.com.br\/en\/wp-json\/wp\/v2\/types\/page"}],"author":[{"embeddable":true,"href":"https:\/\/clinicaanjosdaguarda.com.br\/en\/wp-json\/wp\/v2\/users\/1"}],"replies":[{"embeddable":true,"href":"https:\/\/clinicaanjosdaguarda.com.br\/en\/wp-json\/wp\/v2\/comments?post=78844"}],"version-history":[{"count":3,"href":"https:\/\/clinicaanjosdaguarda.com.br\/en\/wp-json\/wp\/v2\/pages\/78844\/revisions"}],"predecessor-version":[{"id":78847,"href":"https:\/\/clinicaanjosdaguarda.com.br\/en\/wp-json\/wp\/v2\/pages\/78844\/revisions\/78847"}],"wp:attachment":[{"href":"https:\/\/clinicaanjosdaguarda.com.br\/en\/wp-json\/wp\/v2\/media?parent=78844"}],"curies":[{"name":"wp","href":"https:\/\/api.w.org\/{rel}","templated":true}]}}