{"id":78710,"date":"2025-02-03T16:27:13","date_gmt":"2025-02-03T16:27:13","guid":{"rendered":"https:\/\/clinicaanjosdaguarda.com.br\/?page_id=78710"},"modified":"2025-02-21T17:34:56","modified_gmt":"2025-02-21T17:34:56","slug":"sao-jose-dos-campos","status":"publish","type":"page","link":"https:\/\/clinicaanjosdaguarda.com.br\/en\/sao-jose-dos-campos\/","title":{"rendered":"S\u00e3o Jos\u00e9 dos Campos"},"content":{"rendered":"<div data-elementor-type=\"wp-page\" data-elementor-id=\"78710\" class=\"elementor elementor-78710\" data-elementor-post-type=\"page\">\n\t\t\t\t\t\t<section class=\"elementor-section elementor-top-section elementor-element elementor-element-35e5950 elementor-section-boxed elementor-section-height-default elementor-section-height-default\" data-id=\"35e5950\" data-element_type=\"section\" data-e-type=\"section\">\n\t\t\t\t\t\t<div class=\"elementor-container elementor-column-gap-default\">\n\t\t\t\t\t<div class=\"elementor-column elementor-col-100 elementor-top-column elementor-element elementor-element-d12d13b\" data-fullscreen-column-settings=\"{&quot;fullscreen&quot;:&quot;&quot;}\" data-id=\"d12d13b\" data-element_type=\"column\" data-e-type=\"column\">\n\t\t\t<div class=\"elementor-widget-wrap elementor-element-populated\">\n\t\t\t\t\t\t<div class=\"elementor-element elementor-element-8cadbc6 elementor-widget elementor-widget-spacer\" data-id=\"8cadbc6\" data-element_type=\"widget\" data-e-type=\"widget\" data-widget_type=\"spacer.default\">\n\t\t\t\t<div class=\"elementor-widget-container\">\n\t\t\t\t\t\t\t<div class=\"elementor-spacer\">\n\t\t\t<div class=\"elementor-spacer-inner\"><\/div>\n\t\t<\/div>\n\t\t\t\t\t\t<\/div>\n\t\t\t\t<\/div>\n\t\t\t\t\t<\/div>\n\t\t<\/div>\n\t\t\t\t\t<\/div>\n\t\t<\/section>\n\t\t\t\t<section class=\"elementor-section elementor-top-section elementor-element elementor-element-f869dd2 elementor-section-height-min-height elementor-section-content-middle elementor-section-boxed elementor-section-height-default elementor-section-items-middle\" data-id=\"f869dd2\" data-element_type=\"section\" data-e-type=\"section\" data-settings=\"{&quot;background_background&quot;:&quot;classic&quot;}\">\n\t\t\t\t\t\t\t<div class=\"elementor-background-overlay\"><\/div>\n\t\t\t\t\t\t\t<div class=\"elementor-container elementor-column-gap-default\">\n\t\t\t\t\t<div class=\"elementor-column elementor-col-100 elementor-top-column elementor-element elementor-element-cde269a\" data-fullscreen-column-settings=\"{&quot;fullscreen&quot;:&quot;&quot;}\" data-id=\"cde269a\" data-element_type=\"column\" data-e-type=\"column\" data-settings=\"{&quot;background_background&quot;:&quot;classic&quot;}\">\n\t\t\t<div class=\"elementor-widget-wrap elementor-element-populated\">\n\t\t\t\t\t\t\t<\/div>\n\t\t<\/div>\n\t\t\t\t\t<\/div>\n\t\t<\/section>\n\t\t\t\t<section class=\"elementor-section elementor-top-section elementor-element elementor-element-3be0dff elementor-section-boxed elementor-section-height-default elementor-section-height-default\" data-id=\"3be0dff\" data-element_type=\"section\" data-e-type=\"section\">\n\t\t\t\t\t\t<div class=\"elementor-container elementor-column-gap-default\">\n\t\t\t\t\t<div class=\"elementor-column elementor-col-50 elementor-top-column elementor-element elementor-element-56f088d elementor-invisible\" data-fullscreen-column-settings=\"{&quot;fullscreen&quot;:&quot;&quot;}\" data-id=\"56f088d\" data-element_type=\"column\" data-e-type=\"column\" data-settings=\"{&quot;background_background&quot;:&quot;classic&quot;,&quot;animation&quot;:&quot;fadeInLeft&quot;}\">\n\t\t\t<div class=\"elementor-widget-wrap elementor-element-populated\">\n\t\t\t\t\t\t<div class=\"elementor-element elementor-element-5401787 elementor-widget elementor-widget-image\" data-id=\"5401787\" data-element_type=\"widget\" data-e-type=\"widget\" data-widget_type=\"image.default\">\n\t\t\t\t<div class=\"elementor-widget-container\">\n\t\t\t\t\t\t\t\t\t\t\t\t\t\t\t<img fetchpriority=\"high\" decoding=\"async\" width=\"960\" height=\"518\" src=\"https:\/\/clinicaanjosdaguarda.com.br\/wp-content\/uploads\/2025\/02\/saojosedoscampos.jpg\" class=\"elementor-animation-shrink attachment-large size-large wp-image-78696\" alt=\"\" srcset=\"https:\/\/clinicaanjosdaguarda.com.br\/wp-content\/uploads\/2025\/02\/saojosedoscampos.jpg 960w, https:\/\/clinicaanjosdaguarda.com.br\/wp-content\/uploads\/2025\/02\/saojosedoscampos-300x162.jpg 300w, https:\/\/clinicaanjosdaguarda.com.br\/wp-content\/uploads\/2025\/02\/saojosedoscampos-768x414.jpg 768w, https:\/\/clinicaanjosdaguarda.com.br\/wp-content\/uploads\/2025\/02\/saojosedoscampos-18x10.jpg 18w, https:\/\/clinicaanjosdaguarda.com.br\/wp-content\/uploads\/2025\/02\/saojosedoscampos-200x108.jpg 200w\" sizes=\"(max-width: 960px) 100vw, 960px\" \/>\t\t\t\t\t\t\t\t\t\t\t\t\t\t\t<\/div>\n\t\t\t\t<\/div>\n\t\t\t\t\t<\/div>\n\t\t<\/div>\n\t\t\t\t<div class=\"elementor-column elementor-col-50 elementor-top-column elementor-element elementor-element-5b7e24b elementor-invisible\" data-fullscreen-column-settings=\"{&quot;fullscreen&quot;:&quot;&quot;}\" data-id=\"5b7e24b\" data-element_type=\"column\" data-e-type=\"column\" data-settings=\"{&quot;animation&quot;:&quot;fadeInRight&quot;}\">\n\t\t\t<div class=\"elementor-widget-wrap elementor-element-populated\">\n\t\t\t\t\t\t<div class=\"elementor-element elementor-element-a34a495 elementor-widget elementor-widget-text-editor\" data-id=\"a34a495\" data-element_type=\"widget\" data-e-type=\"widget\" data-widget_type=\"text-editor.default\">\n\t\t\t\t<div class=\"elementor-widget-container\">\n\t\t\t\t\t\t\t\t\t<h6 class=\"what-title text-dark my-3\"><strong>Cl\u00ednica Anjos da Guarda S\u00e3o Jos\u00e9 dos Campos<br \/><\/strong><\/h6><p style=\"text-align: justify;\"><b>Endere\u00e7o: <\/b>Avenida Cassiano Ricardo, 601 &#8211; 12\u00ba Andar &#8211; Jardim Aquarius, S\u00e3o Jos\u00e9 dos Campos \u2013 SP<b><br \/><\/b><\/p><p style=\"text-align: justify;\"><b>WhatsApp\/ Celular: <\/b><a href=\"http:\/\/wa.me\/+5512991993436\">(12) 9-9199-3436<\/a><\/p><p style=\"text-align: justify;\"><b>Operadora de Escalas &#8211; RH <\/b>(12) 9-9199-3290<\/p>\t\t\t\t\t\t\t\t<\/div>\n\t\t\t\t<\/div>\n\t\t\t\t\t<\/div>\n\t\t<\/div>\n\t\t\t\t\t<\/div>\n\t\t<\/section>\n\t\t\t\t<\/div>","protected":false},"excerpt":{"rendered":"<p>Cl\u00ednica Anjos da Guarda S\u00e3o Jos\u00e9 dos Campos Endere\u00e7o: Avenida Cassiano Ricardo, 601 &#8211; 12\u00ba Andar &#8211; Jardim Aquarius, S\u00e3o Jos\u00e9 dos Campos \u2013 SP WhatsApp\/ Celular: (12) 9-9199-3436 Operadora de Escalas &#8211; RH (12) 9-9199-3290<\/p>","protected":false},"author":1,"featured_media":0,"parent":0,"menu_order":0,"comment_status":"closed","ping_status":"closed","template":"","meta":{"footnotes":""},"class_list":["post-78710","page","type-page","status-publish","hentry"],"_links":{"self":[{"href":"https:\/\/clinicaanjosdaguarda.com.br\/en\/wp-json\/wp\/v2\/pages\/78710","targetHints":{"allow":["GET"]}}],"collection":[{"href":"https:\/\/clinicaanjosdaguarda.com.br\/en\/wp-json\/wp\/v2\/pages"}],"about":[{"href":"https:\/\/clinicaanjosdaguarda.com.br\/en\/wp-json\/wp\/v2\/types\/page"}],"author":[{"embeddable":true,"href":"https:\/\/clinicaanjosdaguarda.com.br\/en\/wp-json\/wp\/v2\/users\/1"}],"replies":[{"embeddable":true,"href":"https:\/\/clinicaanjosdaguarda.com.br\/en\/wp-json\/wp\/v2\/comments?post=78710"}],"version-history":[{"count":9,"href":"https:\/\/clinicaanjosdaguarda.com.br\/en\/wp-json\/wp\/v2\/pages\/78710\/revisions"}],"predecessor-version":[{"id":78748,"href":"https:\/\/clinicaanjosdaguarda.com.br\/en\/wp-json\/wp\/v2\/pages\/78710\/revisions\/78748"}],"wp:attachment":[{"href":"https:\/\/clinicaanjosdaguarda.com.br\/en\/wp-json\/wp\/v2\/media?parent=78710"}],"curies":[{"name":"wp","href":"https:\/\/api.w.org\/{rel}","templated":true}]}}