{"id":78378,"date":"2024-07-18T17:12:57","date_gmt":"2024-07-18T17:12:57","guid":{"rendered":"https:\/\/clinicaanjosdaguarda.com.br\/?page_id=78378"},"modified":"2024-07-18T18:05:10","modified_gmt":"2024-07-18T18:05:10","slug":"joinville","status":"publish","type":"page","link":"https:\/\/clinicaanjosdaguarda.com.br\/en\/joinville\/","title":{"rendered":"Joinville"},"content":{"rendered":"<div data-elementor-type=\"wp-page\" data-elementor-id=\"78378\" class=\"elementor elementor-78378\" data-elementor-post-type=\"page\">\n\t\t\t\t\t\t<section class=\"elementor-section elementor-top-section elementor-element elementor-element-66f9d15 elementor-section-boxed elementor-section-height-default elementor-section-height-default\" data-id=\"66f9d15\" data-element_type=\"section\" data-e-type=\"section\">\n\t\t\t\t\t\t<div class=\"elementor-container elementor-column-gap-default\">\n\t\t\t\t\t<div class=\"elementor-column elementor-col-100 elementor-top-column elementor-element elementor-element-3943803\" data-fullscreen-column-settings=\"{&quot;fullscreen&quot;:&quot;&quot;}\" data-id=\"3943803\" data-element_type=\"column\" data-e-type=\"column\">\n\t\t\t<div class=\"elementor-widget-wrap elementor-element-populated\">\n\t\t\t\t\t\t<div class=\"elementor-element elementor-element-57dbc21 elementor-widget elementor-widget-spacer\" data-id=\"57dbc21\" data-element_type=\"widget\" data-e-type=\"widget\" data-widget_type=\"spacer.default\">\n\t\t\t\t<div class=\"elementor-widget-container\">\n\t\t\t\t\t\t\t<div class=\"elementor-spacer\">\n\t\t\t<div class=\"elementor-spacer-inner\"><\/div>\n\t\t<\/div>\n\t\t\t\t\t\t<\/div>\n\t\t\t\t<\/div>\n\t\t\t\t\t<\/div>\n\t\t<\/div>\n\t\t\t\t\t<\/div>\n\t\t<\/section>\n\t\t\t\t<section class=\"elementor-section elementor-top-section elementor-element elementor-element-b47f2fa elementor-section-height-min-height elementor-section-content-middle elementor-section-boxed elementor-section-height-default elementor-section-items-middle\" data-id=\"b47f2fa\" data-element_type=\"section\" data-e-type=\"section\" data-settings=\"{&quot;background_background&quot;:&quot;classic&quot;}\">\n\t\t\t\t\t\t\t<div class=\"elementor-background-overlay\"><\/div>\n\t\t\t\t\t\t\t<div class=\"elementor-container elementor-column-gap-default\">\n\t\t\t\t\t<div class=\"elementor-column elementor-col-100 elementor-top-column elementor-element elementor-element-be4b5a7\" data-fullscreen-column-settings=\"{&quot;fullscreen&quot;:&quot;&quot;}\" data-id=\"be4b5a7\" data-element_type=\"column\" data-e-type=\"column\" data-settings=\"{&quot;background_background&quot;:&quot;classic&quot;}\">\n\t\t\t<div class=\"elementor-widget-wrap elementor-element-populated\">\n\t\t\t\t\t\t\t<\/div>\n\t\t<\/div>\n\t\t\t\t\t<\/div>\n\t\t<\/section>\n\t\t\t\t<section class=\"elementor-section elementor-top-section elementor-element elementor-element-de750b2 elementor-section-boxed elementor-section-height-default elementor-section-height-default\" data-id=\"de750b2\" data-element_type=\"section\" data-e-type=\"section\">\n\t\t\t\t\t\t<div class=\"elementor-container elementor-column-gap-default\">\n\t\t\t\t\t<div class=\"elementor-column elementor-col-50 elementor-top-column elementor-element elementor-element-589bac1 elementor-invisible\" data-fullscreen-column-settings=\"{&quot;fullscreen&quot;:&quot;&quot;}\" data-id=\"589bac1\" data-element_type=\"column\" data-e-type=\"column\" data-settings=\"{&quot;background_background&quot;:&quot;classic&quot;,&quot;animation&quot;:&quot;fadeInLeft&quot;}\">\n\t\t\t<div class=\"elementor-widget-wrap elementor-element-populated\">\n\t\t\t\t\t\t<div class=\"elementor-element elementor-element-314b6d6 elementor-widget elementor-widget-image\" data-id=\"314b6d6\" data-element_type=\"widget\" data-e-type=\"widget\" data-widget_type=\"image.default\">\n\t\t\t\t<div class=\"elementor-widget-container\">\n\t\t\t\t\t\t\t\t\t\t\t\t\t\t\t<img fetchpriority=\"high\" decoding=\"async\" width=\"800\" height=\"534\" src=\"https:\/\/clinicaanjosdaguarda.com.br\/wp-content\/uploads\/2024\/07\/1_1x5P1w6qaPi88Kzdgkbqmw-1.jpg\" class=\"elementor-animation-shrink attachment-large size-large wp-image-78371\" alt=\"\" srcset=\"https:\/\/clinicaanjosdaguarda.com.br\/wp-content\/uploads\/2024\/07\/1_1x5P1w6qaPi88Kzdgkbqmw-1.jpg 800w, https:\/\/clinicaanjosdaguarda.com.br\/wp-content\/uploads\/2024\/07\/1_1x5P1w6qaPi88Kzdgkbqmw-1-300x200.jpg 300w, https:\/\/clinicaanjosdaguarda.com.br\/wp-content\/uploads\/2024\/07\/1_1x5P1w6qaPi88Kzdgkbqmw-1-768x513.jpg 768w, https:\/\/clinicaanjosdaguarda.com.br\/wp-content\/uploads\/2024\/07\/1_1x5P1w6qaPi88Kzdgkbqmw-1-18x12.jpg 18w, https:\/\/clinicaanjosdaguarda.com.br\/wp-content\/uploads\/2024\/07\/1_1x5P1w6qaPi88Kzdgkbqmw-1-200x134.jpg 200w\" sizes=\"(max-width: 800px) 100vw, 800px\" \/>\t\t\t\t\t\t\t\t\t\t\t\t\t\t\t<\/div>\n\t\t\t\t<\/div>\n\t\t\t\t\t<\/div>\n\t\t<\/div>\n\t\t\t\t<div class=\"elementor-column elementor-col-50 elementor-top-column elementor-element elementor-element-d452417 elementor-invisible\" data-fullscreen-column-settings=\"{&quot;fullscreen&quot;:&quot;&quot;}\" data-id=\"d452417\" data-element_type=\"column\" data-e-type=\"column\" data-settings=\"{&quot;animation&quot;:&quot;fadeInRight&quot;}\">\n\t\t\t<div class=\"elementor-widget-wrap elementor-element-populated\">\n\t\t\t\t\t\t<div class=\"elementor-element elementor-element-f2e9802 elementor-widget elementor-widget-text-editor\" data-id=\"f2e9802\" data-element_type=\"widget\" data-e-type=\"widget\" data-widget_type=\"text-editor.default\">\n\t\t\t\t<div class=\"elementor-widget-container\">\n\t\t\t\t\t\t\t\t\t<h6 class=\"what-title text-dark my-3\"><strong>Cl\u00ednica Anjos da Guarda Joinville<\/strong><\/h6><p><b>Endere\u00e7o: <\/b>Rua Doutor Jo\u00e3o Colin, 1285 &#8211; Am\u00e9rica, Joinville\/SC\u00a0 CEP 89204-001<\/p><p><b>Telefone: <\/b><a href=\"tel:+4730417848\">(47) 3041-7848<\/a> <b><br \/>WhatsApp \/ Celular: <\/b><a href=\"http:\/\/wa.me\/47999190212\">(47) 9 9919-0212<\/a>\u00a0(24h)<br \/><br \/><\/p><p><strong>Trabalhe Conosco:<br \/><\/strong><a href=\"mailto:rhsc@clinicaanjosdaguarda.com.br\">rhsc@clinicaanjosdaguarda.com.br<\/a><br \/>(48) 98819-8920<\/p><p><strong>\u00a0<\/strong><\/p>\t\t\t\t\t\t\t\t<\/div>\n\t\t\t\t<\/div>\n\t\t\t\t\t<\/div>\n\t\t<\/div>\n\t\t\t\t\t<\/div>\n\t\t<\/section>\n\t\t\t\t<section class=\"elementor-section elementor-top-section elementor-element elementor-element-80b9e27 elementor-section-boxed elementor-section-height-default elementor-section-height-default elementor-invisible\" data-id=\"80b9e27\" data-element_type=\"section\" data-e-type=\"section\" data-settings=\"{&quot;animation&quot;:&quot;fadeInUp&quot;}\">\n\t\t\t\t\t\t<div class=\"elementor-container elementor-column-gap-default\">\n\t\t\t\t\t<div class=\"elementor-column elementor-col-100 elementor-top-column elementor-element elementor-element-8d1c617\" data-fullscreen-column-settings=\"{&quot;fullscreen&quot;:&quot;&quot;}\" data-id=\"8d1c617\" data-element_type=\"column\" data-e-type=\"column\">\n\t\t\t<div class=\"elementor-widget-wrap elementor-element-populated\">\n\t\t\t\t\t\t<div class=\"elementor-element elementor-element-9dc26d2 elementor-widget elementor-widget-html\" data-id=\"9dc26d2\" data-element_type=\"widget\" data-e-type=\"widget\" data-widget_type=\"html.default\">\n\t\t\t\t<div class=\"elementor-widget-container\">\n\t\t\t\t\t<iframe src=\"https:\/\/www.google.com\/maps\/embed?pb=!1m18!1m12!1m3!1d3577.140676946272!2d-48.85139949030343!3d-26.289539176928244!2m3!1f0!2f0!3f0!3m2!1i1024!2i768!4f13.1!3m3!1m2!1s0x94deb135a5c38a07%3A0xd305a5552a6ddd2!2sAnjos%20da%20Guarda%20Cuidadores%20de%20Idosos%20e%20Enfermagem%20Home%20Care!5e0!3m2!1spt-BR!2sbr!4v1721325886858!5m2!1spt-BR!2sbr\" width=\"600\" height=\"350\" style=\"border:0;\" allowfullscreen=\"\" loading=\"lazy\" referrerpolicy=\"no-referrer-when-downgrade\"><\/iframe>\t\t\t\t<\/div>\n\t\t\t\t<\/div>\n\t\t\t\t\t<\/div>\n\t\t<\/div>\n\t\t\t\t\t<\/div>\n\t\t<\/section>\n\t\t\t\t<\/div>","protected":false},"excerpt":{"rendered":"<p>Cl\u00ednica Anjos da Guarda Joinville Endere\u00e7o: Rua Doutor Jo\u00e3o Colin, 1285 &#8211; Am\u00e9rica, Joinville\/SC\u00a0 CEP 89204-001 Telefone: (47) 3041-7848 WhatsApp \/ Celular: (47) 9 9919-0212\u00a0(24h) Trabalhe Conosco:rhsc@clinicaanjosdaguarda.com.br(48) 98819-8920 \u00a0<\/p>","protected":false},"author":1,"featured_media":0,"parent":0,"menu_order":0,"comment_status":"closed","ping_status":"closed","template":"","meta":{"footnotes":""},"class_list":["post-78378","page","type-page","status-publish","hentry"],"_links":{"self":[{"href":"https:\/\/clinicaanjosdaguarda.com.br\/en\/wp-json\/wp\/v2\/pages\/78378","targetHints":{"allow":["GET"]}}],"collection":[{"href":"https:\/\/clinicaanjosdaguarda.com.br\/en\/wp-json\/wp\/v2\/pages"}],"about":[{"href":"https:\/\/clinicaanjosdaguarda.com.br\/en\/wp-json\/wp\/v2\/types\/page"}],"author":[{"embeddable":true,"href":"https:\/\/clinicaanjosdaguarda.com.br\/en\/wp-json\/wp\/v2\/users\/1"}],"replies":[{"embeddable":true,"href":"https:\/\/clinicaanjosdaguarda.com.br\/en\/wp-json\/wp\/v2\/comments?post=78378"}],"version-history":[{"count":9,"href":"https:\/\/clinicaanjosdaguarda.com.br\/en\/wp-json\/wp\/v2\/pages\/78378\/revisions"}],"predecessor-version":[{"id":78467,"href":"https:\/\/clinicaanjosdaguarda.com.br\/en\/wp-json\/wp\/v2\/pages\/78378\/revisions\/78467"}],"wp:attachment":[{"href":"https:\/\/clinicaanjosdaguarda.com.br\/en\/wp-json\/wp\/v2\/media?parent=78378"}],"curies":[{"name":"wp","href":"https:\/\/api.w.org\/{rel}","templated":true}]}}