{"id":78175,"date":"2023-10-30T21:26:12","date_gmt":"2023-10-30T21:26:12","guid":{"rendered":"https:\/\/clinicaanjosdaguarda.com.br\/?page_id=78175"},"modified":"2024-07-18T18:31:27","modified_gmt":"2024-07-18T18:31:27","slug":"juiz-de-fora","status":"publish","type":"page","link":"https:\/\/clinicaanjosdaguarda.com.br\/en\/juiz-de-fora\/","title":{"rendered":"Juiz de Fora"},"content":{"rendered":"<div data-elementor-type=\"wp-page\" data-elementor-id=\"78175\" class=\"elementor elementor-78175\" data-elementor-post-type=\"page\">\n\t\t\t\t\t\t<section class=\"elementor-section elementor-top-section elementor-element elementor-element-c213d1a elementor-section-boxed elementor-section-height-default elementor-section-height-default\" data-id=\"c213d1a\" data-element_type=\"section\" data-e-type=\"section\">\n\t\t\t\t\t\t<div class=\"elementor-container elementor-column-gap-default\">\n\t\t\t\t\t<div class=\"elementor-column elementor-col-100 elementor-top-column elementor-element elementor-element-bd9153d\" data-fullscreen-column-settings=\"{&quot;fullscreen&quot;:&quot;&quot;}\" data-id=\"bd9153d\" data-element_type=\"column\" data-e-type=\"column\">\n\t\t\t<div class=\"elementor-widget-wrap elementor-element-populated\">\n\t\t\t\t\t\t<div class=\"elementor-element elementor-element-6280983 elementor-widget elementor-widget-spacer\" data-id=\"6280983\" data-element_type=\"widget\" data-e-type=\"widget\" data-widget_type=\"spacer.default\">\n\t\t\t\t<div class=\"elementor-widget-container\">\n\t\t\t\t\t\t\t<div class=\"elementor-spacer\">\n\t\t\t<div class=\"elementor-spacer-inner\"><\/div>\n\t\t<\/div>\n\t\t\t\t\t\t<\/div>\n\t\t\t\t<\/div>\n\t\t\t\t\t<\/div>\n\t\t<\/div>\n\t\t\t\t\t<\/div>\n\t\t<\/section>\n\t\t\t\t<section class=\"elementor-section elementor-top-section elementor-element elementor-element-0bec55a elementor-section-height-min-height elementor-section-content-middle elementor-section-boxed elementor-section-height-default elementor-section-items-middle\" data-id=\"0bec55a\" data-element_type=\"section\" data-e-type=\"section\" data-settings=\"{&quot;background_background&quot;:&quot;classic&quot;}\">\n\t\t\t\t\t\t\t<div class=\"elementor-background-overlay\"><\/div>\n\t\t\t\t\t\t\t<div class=\"elementor-container elementor-column-gap-default\">\n\t\t\t\t\t<div class=\"elementor-column elementor-col-100 elementor-top-column elementor-element elementor-element-260a072\" data-fullscreen-column-settings=\"{&quot;fullscreen&quot;:&quot;&quot;}\" data-id=\"260a072\" data-element_type=\"column\" data-e-type=\"column\" data-settings=\"{&quot;background_background&quot;:&quot;classic&quot;}\">\n\t\t\t<div class=\"elementor-widget-wrap elementor-element-populated\">\n\t\t\t\t\t\t\t<\/div>\n\t\t<\/div>\n\t\t\t\t\t<\/div>\n\t\t<\/section>\n\t\t\t\t<section class=\"elementor-section elementor-top-section elementor-element elementor-element-379cf37 elementor-section-boxed elementor-section-height-default elementor-section-height-default\" data-id=\"379cf37\" data-element_type=\"section\" data-e-type=\"section\">\n\t\t\t\t\t\t<div class=\"elementor-container elementor-column-gap-default\">\n\t\t\t\t\t<div class=\"elementor-column elementor-col-50 elementor-top-column elementor-element elementor-element-4822ce4 elementor-invisible\" data-fullscreen-column-settings=\"{&quot;fullscreen&quot;:&quot;&quot;}\" data-id=\"4822ce4\" data-element_type=\"column\" data-e-type=\"column\" data-settings=\"{&quot;background_background&quot;:&quot;classic&quot;,&quot;animation&quot;:&quot;fadeInLeft&quot;}\">\n\t\t\t<div class=\"elementor-widget-wrap elementor-element-populated\">\n\t\t\t\t\t\t<div class=\"elementor-element elementor-element-7b66ea0 elementor-widget elementor-widget-image\" data-id=\"7b66ea0\" data-element_type=\"widget\" data-e-type=\"widget\" data-widget_type=\"image.default\">\n\t\t\t\t<div class=\"elementor-widget-container\">\n\t\t\t\t\t\t\t\t\t\t\t\t\t\t\t<img fetchpriority=\"high\" decoding=\"async\" width=\"1024\" height=\"578\" src=\"https:\/\/clinicaanjosdaguarda.com.br\/wp-content\/uploads\/2023\/10\/Uberlandia-Reproducao-Prefeitura-Municipal-e1672317777402-1024x578.jpg\" class=\"elementor-animation-shrink attachment-large size-large wp-image-78187\" alt=\"\" srcset=\"https:\/\/clinicaanjosdaguarda.com.br\/wp-content\/uploads\/2023\/10\/Uberlandia-Reproducao-Prefeitura-Municipal-e1672317777402-1024x578.jpg 1024w, https:\/\/clinicaanjosdaguarda.com.br\/wp-content\/uploads\/2023\/10\/Uberlandia-Reproducao-Prefeitura-Municipal-e1672317777402-300x169.jpg 300w, https:\/\/clinicaanjosdaguarda.com.br\/wp-content\/uploads\/2023\/10\/Uberlandia-Reproducao-Prefeitura-Municipal-e1672317777402-768x434.jpg 768w, https:\/\/clinicaanjosdaguarda.com.br\/wp-content\/uploads\/2023\/10\/Uberlandia-Reproducao-Prefeitura-Municipal-e1672317777402-1536x867.jpg 1536w, https:\/\/clinicaanjosdaguarda.com.br\/wp-content\/uploads\/2023\/10\/Uberlandia-Reproducao-Prefeitura-Municipal-e1672317777402-18x10.jpg 18w, https:\/\/clinicaanjosdaguarda.com.br\/wp-content\/uploads\/2023\/10\/Uberlandia-Reproducao-Prefeitura-Municipal-e1672317777402-200x113.jpg 200w, https:\/\/clinicaanjosdaguarda.com.br\/wp-content\/uploads\/2023\/10\/Uberlandia-Reproducao-Prefeitura-Municipal-e1672317777402-1568x885.jpg 1568w, https:\/\/clinicaanjosdaguarda.com.br\/wp-content\/uploads\/2023\/10\/Uberlandia-Reproducao-Prefeitura-Municipal-e1672317777402.jpg 1996w\" sizes=\"(max-width: 1024px) 100vw, 1024px\" \/>\t\t\t\t\t\t\t\t\t\t\t\t\t\t\t<\/div>\n\t\t\t\t<\/div>\n\t\t\t\t\t<\/div>\n\t\t<\/div>\n\t\t\t\t<div class=\"elementor-column elementor-col-50 elementor-top-column elementor-element elementor-element-8598696 elementor-invisible\" data-fullscreen-column-settings=\"{&quot;fullscreen&quot;:&quot;&quot;}\" data-id=\"8598696\" data-element_type=\"column\" data-e-type=\"column\" data-settings=\"{&quot;animation&quot;:&quot;fadeInRight&quot;}\">\n\t\t\t<div class=\"elementor-widget-wrap elementor-element-populated\">\n\t\t\t\t\t\t<div class=\"elementor-element elementor-element-06b743f elementor-widget elementor-widget-text-editor\" data-id=\"06b743f\" data-element_type=\"widget\" data-e-type=\"widget\" data-widget_type=\"text-editor.default\">\n\t\t\t\t<div class=\"elementor-widget-container\">\n\t\t\t\t\t\t\t\t\t<h6 class=\"what-title text-dark my-3\"><strong>Cl\u00ednica Anjos da Guarda Juiz de Fora<\/strong><\/h6><p style=\"text-align: justify;\"><b>Endere\u00e7o: <\/b>Rua Francisco Vaz de Magalh\u00e3es, 301 Cascatinha &#8211; Juiz de Fora\/MG \u00a0CEP 36033-340<\/p><p style=\"text-align: justify;\"><b>WhatsApp\/ Celular:<\/b> <a href=\"http:\/\/wa.me\/5532984199892\">(32) 98419-9892<\/a> (24h)<\/p><p style=\"text-align: justify;\"><b>Trabalhe Conosco:<\/b><br \/><a href=\"tel:+32984192699\">(32) 9 8419-2699<\/a><\/p><p style=\"text-align: justify;\">\u00a0<\/p>\t\t\t\t\t\t\t\t<\/div>\n\t\t\t\t<\/div>\n\t\t\t\t\t<\/div>\n\t\t<\/div>\n\t\t\t\t\t<\/div>\n\t\t<\/section>\n\t\t\t\t<\/div>","protected":false},"excerpt":{"rendered":"<p>Cl\u00ednica Anjos da Guarda Juiz de Fora Endere\u00e7o: Rua Francisco Vaz de Magalh\u00e3es, 301 Cascatinha &#8211; Juiz de Fora\/MG \u00a0CEP 36033-340 WhatsApp\/ Celular: (32) 98419-9892 (24h) Trabalhe Conosco:(32) 9 8419-2699 \u00a0<\/p>","protected":false},"author":1,"featured_media":0,"parent":0,"menu_order":0,"comment_status":"closed","ping_status":"closed","template":"","meta":{"footnotes":""},"class_list":["post-78175","page","type-page","status-publish","hentry"],"_links":{"self":[{"href":"https:\/\/clinicaanjosdaguarda.com.br\/en\/wp-json\/wp\/v2\/pages\/78175","targetHints":{"allow":["GET"]}}],"collection":[{"href":"https:\/\/clinicaanjosdaguarda.com.br\/en\/wp-json\/wp\/v2\/pages"}],"about":[{"href":"https:\/\/clinicaanjosdaguarda.com.br\/en\/wp-json\/wp\/v2\/types\/page"}],"author":[{"embeddable":true,"href":"https:\/\/clinicaanjosdaguarda.com.br\/en\/wp-json\/wp\/v2\/users\/1"}],"replies":[{"embeddable":true,"href":"https:\/\/clinicaanjosdaguarda.com.br\/en\/wp-json\/wp\/v2\/comments?post=78175"}],"version-history":[{"count":19,"href":"https:\/\/clinicaanjosdaguarda.com.br\/en\/wp-json\/wp\/v2\/pages\/78175\/revisions"}],"predecessor-version":[{"id":78538,"href":"https:\/\/clinicaanjosdaguarda.com.br\/en\/wp-json\/wp\/v2\/pages\/78175\/revisions\/78538"}],"wp:attachment":[{"href":"https:\/\/clinicaanjosdaguarda.com.br\/en\/wp-json\/wp\/v2\/media?parent=78175"}],"curies":[{"name":"wp","href":"https:\/\/api.w.org\/{rel}","templated":true}]}}