{"id":77012,"date":"2021-12-22T00:01:46","date_gmt":"2021-12-22T00:01:46","guid":{"rendered":"https:\/\/clinicaanjosdaguarda.com.br\/?page_id=77012"},"modified":"2025-02-21T19:46:27","modified_gmt":"2025-02-21T19:46:27","slug":"atendimento","status":"publish","type":"page","link":"https:\/\/clinicaanjosdaguarda.com.br\/en\/atendimento\/","title":{"rendered":"Atendimento"},"content":{"rendered":"\t\t<div data-elementor-type=\"wp-page\" data-elementor-id=\"77012\" class=\"elementor elementor-77012\" data-elementor-post-type=\"page\">\n\t\t\t\t\t\t<section class=\"elementor-section elementor-top-section elementor-element elementor-element-e4acb2b elementor-section-boxed elementor-section-height-default elementor-section-height-default\" data-id=\"e4acb2b\" data-element_type=\"section\" data-e-type=\"section\">\n\t\t\t\t\t\t<div class=\"elementor-container elementor-column-gap-default\">\n\t\t\t\t\t<div class=\" elementor-column elementor-col-100 elementor-top-column elementor-element elementor-element-d9ba48c\" data-fullscreen-column-settings=\"{&quot;fullscreen&quot;:&quot;&quot;}\" data-id=\"d9ba48c\" data-element_type=\"column\" data-e-type=\"column\">\n\t\t\t<div class=\"elementor-widget-wrap elementor-element-populated\">\n\t\t\t\t\t\t<div class=\"elementor-element elementor-element-7c25e88 elementor-widget elementor-widget-spacer\" data-id=\"7c25e88\" data-element_type=\"widget\" data-e-type=\"widget\" data-widget_type=\"spacer.default\">\n\t\t\t\t<div class=\"elementor-widget-container\">\n\t\t\t\t\t\t\t<div class=\"elementor-spacer\">\n\t\t\t<div class=\"elementor-spacer-inner\"><\/div>\n\t\t<\/div>\n\t\t\t\t\t\t<\/div>\n\t\t\t\t<\/div>\n\t\t\t\t\t<\/div>\n\t\t<\/div>\n\t\t\t\t\t<\/div>\n\t\t<\/section>\n\t\t\t\t<section class=\"elementor-section elementor-top-section elementor-element elementor-element-4728d91 elementor-section-full_width elementor-section-content-middle elementor-section-height-default elementor-section-height-default\" data-id=\"4728d91\" data-element_type=\"section\" data-e-type=\"section\" data-settings=\"{&quot;background_background&quot;:&quot;classic&quot;,&quot;background_motion_fx_motion_fx_scrolling&quot;:&quot;yes&quot;,&quot;background_motion_fx_scale_effect&quot;:&quot;yes&quot;,&quot;background_motion_fx_scale_direction&quot;:&quot;in-out-in&quot;,&quot;background_motion_fx_scale_speed&quot;:{&quot;unit&quot;:&quot;px&quot;,&quot;size&quot;:9,&quot;sizes&quot;:[]},&quot;background_motion_fx_scale_range&quot;:{&quot;unit&quot;:&quot;%&quot;,&quot;size&quot;:&quot;&quot;,&quot;sizes&quot;:{&quot;start&quot;:29,&quot;end&quot;:77}},&quot;background_motion_fx_range&quot;:&quot;viewport&quot;,&quot;background_motion_fx_devices&quot;:[&quot;desktop&quot;,&quot;tablet&quot;,&quot;mobile&quot;]}\">\n\t\t\t\t\t\t\t<div class=\"elementor-background-overlay\"><\/div>\n\t\t\t\t\t\t\t<div class=\"elementor-container elementor-column-gap-no\">\n\t\t\t\t\t<div class=\" elementor-column elementor-col-50 elementor-top-column elementor-element elementor-element-cd68126\" data-fullscreen-column-settings=\"{&quot;fullscreen&quot;:&quot;&quot;}\" data-id=\"cd68126\" data-element_type=\"column\" data-e-type=\"column\">\n\t\t\t<div class=\"elementor-widget-wrap elementor-element-populated\">\n\t\t\t\t\t\t<div class=\"elementor-element elementor-element-db248fe elementor-widget elementor-widget-text-editor\" data-id=\"db248fe\" data-element_type=\"widget\" data-e-type=\"widget\" data-widget_type=\"text-editor.default\">\n\t\t\t\t<div class=\"elementor-widget-container\">\n\t\t\t\t\t\t\t\t\t<h1 style=\"color: #ffffff; text-shadow: 2px 2px rbga(0,0,0); font-size: 54px; font-weight: 900; line-height: 1.2;\">A<span style=\"color: #179ff2;\"> Maior <\/span><br \/>Institui\u00e7\u00e3o de<br \/><span style=\"color: #179ff2;\"> Home Care<\/span> do<br \/>Brasil<\/h1><p style=\"color: #ffffff; text-shadow: 2px 2px rbga(0,0,0); font-size: 20px; font-weight: 600; text-align: justify;\">Conhe\u00e7a nossos servi\u00e7os e escolha<br \/>de acordo com a sua necessidade,<br \/>tendo o cuidado que voc\u00ea merece!<\/p><p>\u00a0<\/p><p><i class=\"far fa-check-circle\" style=\"color: #179ff2;\"><\/i> Gest\u00e3o completa de equipe;<\/p><p><i class=\"far fa-check-circle\" style=\"color: #179ff2;\"><\/i> Sistema inteligente;<\/p><p><i class=\"far fa-check-circle\" style=\"color: #179ff2;\"><\/i> Processo seletivo personalizado (an\u00e1lise comportamental);<\/p><p><i class=\"far fa-check-circle\" style=\"color: #179ff2;\"><\/i> Supervis\u00e3o pela equipe de enfermagem;<\/p><p><i class=\"far fa-check-circle\" style=\"color: #179ff2;\"><\/i> Flexibilidade;<\/p><p><i class=\"far fa-check-circle\" style=\"color: #179ff2;\"><\/i> Atendimento 24h;<\/p>\t\t\t\t\t\t\t\t<\/div>\n\t\t\t\t<\/div>\n\t\t\t\t\t<\/div>\n\t\t<\/div>\n\t\t\t\t<div class=\" elementor-column elementor-col-50 elementor-top-column elementor-element elementor-element-9d6a376\" data-fullscreen-column-settings=\"{&quot;fullscreen&quot;:&quot;&quot;}\" data-id=\"9d6a376\" data-element_type=\"column\" data-e-type=\"column\" data-settings=\"{&quot;background_background&quot;:&quot;classic&quot;}\">\n\t\t\t<div class=\"elementor-widget-wrap elementor-element-populated\">\n\t\t\t\t\t\t<div class=\"elementor-element elementor-element-12a2323 elementor-widget elementor-widget-heading\" data-id=\"12a2323\" data-element_type=\"widget\" data-e-type=\"widget\" data-widget_type=\"heading.default\">\n\t\t\t\t<div class=\"elementor-widget-container\">\n\t\t\t\t\t<div class=\"elementor-heading-title elementor-size-default\">Receba o contato de um de nossos\nAnjos em at\u00e9 24 horas<\/div>\t\t\t\t<\/div>\n\t\t\t\t<\/div>\n\t\t\t\t<div class=\"elementor-element elementor-element-ffddaf9 elementor-button-align-stretch elementor-widget elementor-widget-form\" data-id=\"ffddaf9\" data-element_type=\"widget\" data-e-type=\"widget\" data-settings=\"{&quot;step_next_label&quot;:&quot;Next&quot;,&quot;step_previous_label&quot;:&quot;Previous&quot;,&quot;button_width&quot;:&quot;100&quot;,&quot;step_type&quot;:&quot;number_text&quot;,&quot;step_icon_shape&quot;:&quot;circle&quot;}\" data-widget_type=\"form.default\">\n\t\t\t\t<div class=\"elementor-widget-container\">\n\t\t\t\t\t\t\t<form class=\"elementor-form\" method=\"post\" id=\"Atendimento\" name=\"Atendimento\" aria-label=\"Atendimento\">\n\t\t\t<input type=\"hidden\" name=\"post_id\" value=\"77012\"\/>\n\t\t\t<input type=\"hidden\" name=\"form_id\" value=\"ffddaf9\"\/>\n\t\t\t<input type=\"hidden\" name=\"referer_title\" value=\"Atendimento\" \/>\n\n\t\t\t\t\t\t\t<input type=\"hidden\" name=\"queried_id\" value=\"77012\"\/>\n\t\t\t\n\t\t\t<div class=\"elementor-form-fields-wrapper elementor-labels-\">\n\t\t\t\t\t\t\t\t<div class=\"elementor-field-type-text elementor-field-group elementor-column elementor-field-group-Nome01 elementor-col-100 elementor-field-required\">\n\t\t\t\t\t\t\t\t\t\t\t\t<label for=\"form-field-Nome01\" class=\"elementor-field-label elementor-screen-only\">\n\t\t\t\t\t\t\t\tNome\t\t\t\t\t\t\t<\/label>\n\t\t\t\t\t\t\t\t\t\t\t\t\t\t<input size=\"1\" type=\"text\" name=\"form_fields[Nome01]\" id=\"form-field-Nome01\" class=\"elementor-field elementor-size-xs  elementor-field-textual\" placeholder=\"Nome\" required=\"required\">\n\t\t\t\t\t\t\t\t\t\t\t<\/div>\n\t\t\t\t\t\t\t\t<div class=\"elementor-field-type-email elementor-field-group elementor-column elementor-field-group-Email01 elementor-col-100 elementor-field-required\">\n\t\t\t\t\t\t\t\t\t\t\t\t<label for=\"form-field-Email01\" class=\"elementor-field-label elementor-screen-only\">\n\t\t\t\t\t\t\t\tE-mail\t\t\t\t\t\t\t<\/label>\n\t\t\t\t\t\t\t\t\t\t\t\t\t\t<input size=\"1\" type=\"email\" name=\"form_fields[Email01]\" id=\"form-field-Email01\" class=\"elementor-field elementor-size-xs  elementor-field-textual\" placeholder=\"E-mail\" required=\"required\">\n\t\t\t\t\t\t\t\t\t\t\t<\/div>\n\t\t\t\t\t\t\t\t<div class=\"elementor-field-type-text elementor-field-group elementor-column elementor-field-group-Telefone01 elementor-col-100 elementor-field-required\">\n\t\t\t\t\t\t\t\t\t\t\t\t<label for=\"form-field-Telefone01\" class=\"elementor-field-label elementor-screen-only\">\n\t\t\t\t\t\t\t\tTelefone\t\t\t\t\t\t\t<\/label>\n\t\t\t\t\t\t\t\t\t\t\t\t\t\t<input size=\"1\" type=\"text\" name=\"form_fields[Telefone01]\" id=\"form-field-Telefone01\" class=\"elementor-field elementor-size-xs  elementor-field-textual\" placeholder=\"Telefone\" required=\"required\">\n\t\t\t\t\t\t\t\t\t\t\t<\/div>\n\t\t\t\t\t\t\t\t<div class=\"elementor-field-type-select elementor-field-group elementor-column elementor-field-group-Unidade01 elementor-col-100 elementor-field-required\">\n\t\t\t\t\t\t\t\t\t\t\t\t<label for=\"form-field-Unidade01\" class=\"elementor-field-label elementor-screen-only\">\n\t\t\t\t\t\t\t\tUnidade de Atendimento:\t\t\t\t\t\t\t<\/label>\n\t\t\t\t\t\t\t\t<div class=\"elementor-field elementor-select-wrapper remove-before \">\n\t\t\t<div class=\"select-caret-down-wrapper\">\n\t\t\t\t<i aria-hidden=\"true\" class=\"eicon-caret-down\"><\/i>\t\t\t<\/div>\n\t\t\t<select name=\"form_fields[Unidade01]\" id=\"form-field-Unidade01\" class=\"elementor-field-textual elementor-size-xs\" required=\"required\">\n\t\t\t\t\t\t\t\t\t<option value=\"Unidade de Atendimento\" selected=\"selected\">Unidade de Atendimento<\/option>\n\t\t\t\t\t\t\t\t\t<option value=\"ediney@clinicaanjosdaguarda.com.br\">Porto Alegre<\/option>\n\t\t\t\t\t\t\t\t\t<option value=\"ediney@clinicaanjosdaguarda.com.br\">Caxias do Sul<\/option>\n\t\t\t\t\t\t\t\t\t<option value=\"ediney@clinicaanjosdaguarda.com.br\">Litoral Ga\u00facho<\/option>\n\t\t\t\t\t\t\t\t\t<option value=\"sergio@clinicaanjosdaguarda.com.br\">Florian\u00f3polis<\/option>\n\t\t\t\t\t\t\t\t\t<option value=\"sergio@clinicaanjosdaguarda.com.br\">Balne\u00e1rio Cambori\u00fa<\/option>\n\t\t\t\t\t\t\t\t\t<option value=\"sergio@clinicaanjosdaguarda.com.br\">Blumenau<\/option>\n\t\t\t\t\t\t\t\t\t<option value=\"sergio@clinicaanjosdaguarda.com.br\">Joinville<\/option>\n\t\t\t\t\t\t\t\t\t<option value=\"comercial@clinicaanjosdaguarda.com.br\">Curitiba<\/option>\n\t\t\t\t\t\t\t\t\t<option value=\"comercialpg@clinicaanjosdaguarda.com.br\">Ponta Grossa<\/option>\n\t\t\t\t\t\t\t\t\t<option value=\"roberto@clinicaanjosdaguarda.com.br\">Londrina<\/option>\n\t\t\t\t\t\t\t\t\t<option value=\"roberto@clinicaanjosdaguarda.com.br\">Maring\u00e1<\/option>\n\t\t\t\t\t\t\t\t\t<option value=\"comercialsp@clinicaanjosdaguarda.com.br\">S\u00e3o Paulo<\/option>\n\t\t\t\t\t\t\t\t\t<option value=\"comercialsp@clinicaanjosdaguarda.com.br\">Campinas<\/option>\n\t\t\t\t\t\t\t\t\t<option value=\"comercialsp@clinicaanjosdaguarda.com.br\">S\u00e3o Jos\u00e9 dos Campos<\/option>\n\t\t\t\t\t\t\t\t\t<option value=\"comercialsp@clinicaanjosdaguarda.com.br \">Santos<\/option>\n\t\t\t\t\t\t\t\t\t<option value=\"comercialrj@clinicaanjosdaguarda.com.br\">Rio de Janeiro<\/option>\n\t\t\t\t\t\t\t\t\t<option value=\"comercialrio@clinicaanjosdaguarda.com.br\">Regi\u00e3o dos Lagos<\/option>\n\t\t\t\t\t\t\t\t\t<option value=\"thiago@clinicaanjosdaguarda.com.br\">Belo Horizonte <\/option>\n\t\t\t\t\t\t\t\t\t<option value=\"thiago@clinicaanjosdaguarda.com.br\">Juiz de Fora<\/option>\n\t\t\t\t\t\t\t\t\t<option value=\"bernardo@clinicaanjosdaguarda.com.br\">Goi\u00e2nia<\/option>\n\t\t\t\t\t\t\t\t\t<option value=\"bernardo@clinicaanjosdaguarda.com.br\">Bras\u00edlia<\/option>\n\t\t\t\t\t\t\t<\/select>\n\t\t<\/div>\n\t\t\t\t\t\t<\/div>\n\t\t\t\t\t\t\t\t<div class=\"elementor-field-type-select elementor-field-group elementor-column elementor-field-group-Servico01 elementor-col-100 elementor-field-required\">\n\t\t\t\t\t\t\t\t\t\t\t\t<label for=\"form-field-Servico01\" class=\"elementor-field-label elementor-screen-only\">\n\t\t\t\t\t\t\t\tServi\u00e7o de Interesse:\t\t\t\t\t\t\t<\/label>\n\t\t\t\t\t\t\t\t<div class=\"elementor-field elementor-select-wrapper remove-before \">\n\t\t\t<div class=\"select-caret-down-wrapper\">\n\t\t\t\t<i aria-hidden=\"true\" class=\"eicon-caret-down\"><\/i>\t\t\t<\/div>\n\t\t\t<select name=\"form_fields[Servico01]\" id=\"form-field-Servico01\" class=\"elementor-field-textual elementor-size-xs\" required=\"required\">\n\t\t\t\t\t\t\t\t\t<option value=\"Servi\u00e7o de Interesse\" selected=\"selected\">Servi\u00e7o de Interesse<\/option>\n\t\t\t\t\t\t\t\t\t<option value=\"Atendimento Domiciliar\">Atendimento Domiciliar<\/option>\n\t\t\t\t\t\t\t\t\t<option value=\"Atendimento Hospitalar\">Atendimento Hospitalar<\/option>\n\t\t\t\t\t\t\t\t\t<option value=\"Atendimento Empresarial\">Atendimento Empresarial<\/option>\n\t\t\t\t\t\t\t\t\t<option value=\"Acompanhamento a consultas, exames, passeios e viagens\">Acompanhamento a consultas, exames, passeios e viagens<\/option>\n\t\t\t\t\t\t\t\t\t<option value=\"Procedimentos\">Procedimentos<\/option>\n\t\t\t\t\t\t\t\t\t<option value=\"Curso de Cuidador\">Curso de Cuidador<\/option>\n\t\t\t\t\t\t\t\t\t<option value=\"Outros Servi\u00e7os\">Outros Servi\u00e7os<\/option>\n\t\t\t\t\t\t\t<\/select>\n\t\t<\/div>\n\t\t\t\t\t\t<\/div>\n\t\t\t\t\t\t\t\t<div class=\"elementor-field-type-select elementor-field-group elementor-column elementor-field-group-Periodo01 elementor-col-100 elementor-field-required\">\n\t\t\t\t\t\t\t\t\t\t\t\t<label for=\"form-field-Periodo01\" class=\"elementor-field-label elementor-screen-only\">\n\t\t\t\t\t\t\t\tQual per\u00edodo deseja que entrem em contato?\t\t\t\t\t\t\t<\/label>\n\t\t\t\t\t\t\t\t<div class=\"elementor-field elementor-select-wrapper remove-before \">\n\t\t\t<div class=\"select-caret-down-wrapper\">\n\t\t\t\t<i aria-hidden=\"true\" class=\"eicon-caret-down\"><\/i>\t\t\t<\/div>\n\t\t\t<select name=\"form_fields[Periodo01]\" id=\"form-field-Periodo01\" class=\"elementor-field-textual elementor-size-xs\" required=\"required\">\n\t\t\t\t\t\t\t\t\t<option value=\"Qual per\u00edodo podemos entrar em contato?\">Qual per\u00edodo podemos entrar em contato?<\/option>\n\t\t\t\t\t\t\t\t\t<option value=\"Manh\u00e3\">Manh\u00e3<\/option>\n\t\t\t\t\t\t\t\t\t<option value=\"Tarde\">Tarde<\/option>\n\t\t\t\t\t\t\t\t\t<option value=\"Noite\">Noite<\/option>\n\t\t\t\t\t\t\t<\/select>\n\t\t<\/div>\n\t\t\t\t\t\t<\/div>\n\t\t\t\t\t\t\t\t<div class=\"elementor-field-type-acceptance elementor-field-group elementor-column elementor-field-group-field_61de336 elementor-col-100 elementor-field-required\">\n\t\t\t\t\t\t\t\t\t\t\t\t<label for=\"form-field-field_61de336\" class=\"elementor-field-label elementor-screen-only\">\n\t\t\t\t\t\t\t\tAceita\u00e7\u00e3o\t\t\t\t\t\t\t<\/label>\n\t\t\t\t\t\t\t\t<div class=\"elementor-field-subgroup\">\n\t\t\t<span class=\"elementor-field-option\">\n\t\t\t\t<input type=\"checkbox\" name=\"form_fields[field_61de336]\" id=\"form-field-field_61de336\" class=\"elementor-field elementor-size-xs  elementor-acceptance-field\" required=\"required\">\n\t\t\t\t<label for=\"form-field-field_61de336\">Concordo com o armazenamento e tratamento de dados de acordo com a <a href=\"https:\/\/clinicaanjosdaguarda.com.br\/politicas-de-privacidade\/\" style=\"color:#ffffff\"> Pol\u00edtica de Privacidade e Cookies.<\/><\/label>\t\t\t<\/span>\n\t\t<\/div>\n\t\t\t\t\t\t<\/div>\n\t\t\t\t\t\t\t\t<div class=\"elementor-field-type-text\">\n\t\t\t\t\t<input size=\"1\" type=\"text\" name=\"form_fields[field_2f4653a]\" id=\"form-field-field_2f4653a\" class=\"elementor-field elementor-size-xs \" style=\"display:none !important;\">\t\t\t\t<\/div>\n\t\t\t\t\t\t\t\t<div class=\"elementor-field-type-recaptcha elementor-field-group elementor-column elementor-field-group-field_31fd56d elementor-col-100\">\n\t\t\t\t\t<div class=\"elementor-field\" id=\"form-field-field_31fd56d\"><div class=\"elementor-g-recaptcha\" data-sitekey=\"6LfEtX8kAAAAAEIzQardaxPj_xGBSxmeE3BfBOME\" data-type=\"v2_checkbox\" data-theme=\"light\" data-size=\"normal\"><\/div><\/div>\t\t\t\t<\/div>\n\t\t\t\t\t\t\t\t<div class=\"elementor-field-type-text\">\n\t\t\t\t\t<input size=\"1\" type=\"text\" name=\"form_fields[field_699afa2]\" id=\"form-field-field_699afa2\" class=\"elementor-field elementor-size-xs \" style=\"display:none !important;\">\t\t\t\t<\/div>\n\t\t\t\t\t\t\t\t<div class=\"elementor-field-group elementor-column elementor-field-type-submit elementor-col-100 e-form__buttons\">\n\t\t\t\t\t<button class=\"elementor-button elementor-size-sm elementor-animation-grow\" type=\"submit\">\n\t\t\t\t\t\t<span class=\"elementor-button-content-wrapper\">\n\t\t\t\t\t\t\t\t\t\t\t\t\t\t\t<span class=\"elementor-button-icon\">\n\t\t\t\t\t\t\t\t\t<i aria-hidden=\"true\" class=\"fas fa-phone-alt\"><\/i>\t\t\t\t\t\t\t\t\t\t\t\t\t\t\t\t\t<\/span>\n\t\t\t\t\t\t\t\t\t\t\t\t\t\t\t\t\t\t\t\t\t\t<span class=\"elementor-button-text\">Desejo Receber Atendimento<\/span>\n\t\t\t\t\t\t\t\t\t\t\t\t\t<\/span>\n\t\t\t\t\t<\/button>\n\t\t\t\t<\/div>\n\t\t\t<\/div>\n\t\t<\/form>\n\t\t\t\t\t\t<\/div>\n\t\t\t\t<\/div>\n\t\t\t\t\t<\/div>\n\t\t<\/div>\n\t\t\t\t\t<\/div>\n\t\t<\/section>\n\t\t\t\t<\/div>\n\t\t","protected":false},"excerpt":{"rendered":"<p>A Maior Institui\u00e7\u00e3o de Home Care doBrasil Conhe\u00e7a nossos servi\u00e7os e escolhade acordo com a sua necessidade,tendo o cuidado que voc\u00ea merece! \u00a0 Gest\u00e3o completa de equipe; Sistema inteligente; Processo seletivo personalizado (an\u00e1lise comportamental); Supervis\u00e3o pela equipe de enfermagem; Flexibilidade; Atendimento 24h; Receba o contato de um de nossos Anjos em at\u00e9 24 horas<\/p>","protected":false},"author":1,"featured_media":0,"parent":0,"menu_order":0,"comment_status":"closed","ping_status":"closed","template":"elementor_header_footer","meta":{"footnotes":""},"class_list":["post-77012","page","type-page","status-publish","hentry"],"_links":{"self":[{"href":"https:\/\/clinicaanjosdaguarda.com.br\/en\/wp-json\/wp\/v2\/pages\/77012","targetHints":{"allow":["GET"]}}],"collection":[{"href":"https:\/\/clinicaanjosdaguarda.com.br\/en\/wp-json\/wp\/v2\/pages"}],"about":[{"href":"https:\/\/clinicaanjosdaguarda.com.br\/en\/wp-json\/wp\/v2\/types\/page"}],"author":[{"embeddable":true,"href":"https:\/\/clinicaanjosdaguarda.com.br\/en\/wp-json\/wp\/v2\/users\/1"}],"replies":[{"embeddable":true,"href":"https:\/\/clinicaanjosdaguarda.com.br\/en\/wp-json\/wp\/v2\/comments?post=77012"}],"version-history":[{"count":177,"href":"https:\/\/clinicaanjosdaguarda.com.br\/en\/wp-json\/wp\/v2\/pages\/77012\/revisions"}],"predecessor-version":[{"id":78770,"href":"https:\/\/clinicaanjosdaguarda.com.br\/en\/wp-json\/wp\/v2\/pages\/77012\/revisions\/78770"}],"wp:attachment":[{"href":"https:\/\/clinicaanjosdaguarda.com.br\/en\/wp-json\/wp\/v2\/media?parent=77012"}],"curies":[{"name":"wp","href":"https:\/\/api.w.org\/{rel}","templated":true}]}}