{"id":76983,"date":"2021-12-21T23:27:44","date_gmt":"2021-12-21T23:27:44","guid":{"rendered":"https:\/\/clinicaanjosdaguarda.com.br\/?page_id=76983"},"modified":"2025-03-28T18:31:53","modified_gmt":"2025-03-28T18:31:53","slug":"curso-de-cuidador","status":"publish","type":"page","link":"https:\/\/clinicaanjosdaguarda.com.br\/en\/curso-de-cuidador\/","title":{"rendered":"Curso de Cuidador"},"content":{"rendered":"<div data-elementor-type=\"wp-page\" data-elementor-id=\"76983\" class=\"elementor elementor-76983\" data-elementor-post-type=\"page\">\n\t\t\t\t\t\t<section class=\"elementor-section elementor-top-section elementor-element elementor-element-655c8d1 elementor-section-boxed elementor-section-height-default elementor-section-height-default\" data-id=\"655c8d1\" data-element_type=\"section\" data-e-type=\"section\">\n\t\t\t\t\t\t<div class=\"elementor-container elementor-column-gap-default\">\n\t\t\t\t\t<div class=\"elementor-column elementor-col-100 elementor-top-column elementor-element elementor-element-edf0d80\" data-fullscreen-column-settings=\"{&quot;fullscreen&quot;:&quot;&quot;}\" data-id=\"edf0d80\" data-element_type=\"column\" data-e-type=\"column\">\n\t\t\t<div class=\"elementor-widget-wrap elementor-element-populated\">\n\t\t\t\t\t\t<div class=\"elementor-element elementor-element-0c947b0 elementor-widget elementor-widget-spacer\" data-id=\"0c947b0\" data-element_type=\"widget\" data-e-type=\"widget\" data-widget_type=\"spacer.default\">\n\t\t\t\t<div class=\"elementor-widget-container\">\n\t\t\t\t\t\t\t<div class=\"elementor-spacer\">\n\t\t\t<div class=\"elementor-spacer-inner\"><\/div>\n\t\t<\/div>\n\t\t\t\t\t\t<\/div>\n\t\t\t\t<\/div>\n\t\t\t\t\t<\/div>\n\t\t<\/div>\n\t\t\t\t\t<\/div>\n\t\t<\/section>\n\t\t\t\t<section class=\"elementor-section elementor-top-section elementor-element elementor-element-e992534 elementor-section-height-min-height elementor-section-content-middle elementor-section-boxed elementor-section-height-default elementor-section-items-middle\" data-id=\"e992534\" data-element_type=\"section\" data-e-type=\"section\" data-settings=\"{&quot;background_background&quot;:&quot;classic&quot;}\">\n\t\t\t\t\t\t\t<div class=\"elementor-background-overlay\"><\/div>\n\t\t\t\t\t\t\t<div class=\"elementor-container elementor-column-gap-default\">\n\t\t\t\t\t<div class=\"elementor-column elementor-col-100 elementor-top-column elementor-element elementor-element-87835a9\" data-fullscreen-column-settings=\"{&quot;fullscreen&quot;:&quot;&quot;}\" data-id=\"87835a9\" data-element_type=\"column\" data-e-type=\"column\">\n\t\t\t<div class=\"elementor-widget-wrap elementor-element-populated\">\n\t\t\t\t\t\t<div class=\"elementor-element elementor-element-5ec88f2 elementor-widget elementor-widget-spacer\" data-id=\"5ec88f2\" data-element_type=\"widget\" data-e-type=\"widget\" data-widget_type=\"spacer.default\">\n\t\t\t\t<div class=\"elementor-widget-container\">\n\t\t\t\t\t\t\t<div class=\"elementor-spacer\">\n\t\t\t<div class=\"elementor-spacer-inner\"><\/div>\n\t\t<\/div>\n\t\t\t\t\t\t<\/div>\n\t\t\t\t<\/div>\n\t\t\t\t<div class=\"elementor-element elementor-element-e3f03d5 elementor-widget elementor-widget-text-editor\" data-id=\"e3f03d5\" data-element_type=\"widget\" data-e-type=\"widget\" data-widget_type=\"text-editor.default\">\n\t\t\t\t<div class=\"elementor-widget-container\">\n\t\t\t\t\t\t\t\t\t<p>Anjos da Guarda &#8211; Curso EAD de Cuidadores de Idosos<\/p>\t\t\t\t\t\t\t\t<\/div>\n\t\t\t\t<\/div>\n\t\t\t\t<div class=\"elementor-element elementor-element-4901c94 elementor-widget elementor-widget-heading\" data-id=\"4901c94\" data-element_type=\"widget\" data-e-type=\"widget\" data-widget_type=\"heading.default\">\n\t\t\t\t<div class=\"elementor-widget-container\">\n\t\t\t\t\t<h2 class=\"elementor-heading-title elementor-size-default\">Curso de Cuidadores<\/h2>\t\t\t\t<\/div>\n\t\t\t\t<\/div>\n\t\t\t\t<div class=\"elementor-element elementor-element-d35128d elementor-widget elementor-widget-text-editor\" data-id=\"d35128d\" data-element_type=\"widget\" data-e-type=\"widget\" data-widget_type=\"text-editor.default\">\n\t\t\t\t<div class=\"elementor-widget-container\">\n\t\t\t\t\t\t\t\t\t<h2 style=\"color: #39ff14;\">R$199,90<\/h2>\t\t\t\t\t\t\t\t<\/div>\n\t\t\t\t<\/div>\n\t\t\t\t<div class=\"elementor-element elementor-element-b840843 elementor-widget elementor-widget-text-editor\" data-id=\"b840843\" data-element_type=\"widget\" data-e-type=\"widget\" data-widget_type=\"text-editor.default\">\n\t\t\t\t<div class=\"elementor-widget-container\">\n\t\t\t\t\t\t\t\t\t<strong>Fa\u00e7a o seu curso de cuidador de idosos com direito a certificado da maior institui\u00e7\u00e3o de cuidado humanizado do Brasil.<\/strong>\t\t\t\t\t\t\t\t<\/div>\n\t\t\t\t<\/div>\n\t\t\t\t<div class=\"elementor-element elementor-element-77b0c4e elementor-widget elementor-widget-litho-button\" data-id=\"77b0c4e\" data-element_type=\"widget\" data-e-type=\"widget\" data-widget_type=\"litho-button.default\">\n\t\t\t\t<div class=\"elementor-widget-container\">\n\t\t\t\t\t\t\t\t\t<div class=\"elementor-button-wrapper litho-button-wrapper\">\n\t\t\t\t\t<a class=\"elementor-button-link elementor-button elementor-size-lg\" href=\"https:\/\/pay.hotmart.com\/T80439402V\" target=\"_blank\" rel=\"nofollow\" role=\"button\">\n\t\t\t\t\t\t\t\t\t<span class=\"elementor-button-content-wrapper\">\n\t\t\t\t\t\t\t\t<span class=\"elementor-button-icon elementor-align-icon-left\">\n\t\t\t\t\t<i aria-hidden=\"true\" class=\"fas fa-angle-double-right\"><\/i>\t\t\t\t<\/span>\n\t\t\t\t\t\t\t\t\t\t\t\t\t<span class=\"elementor-button-text\">Comprar Agora<\/span>\n\t\t\t\t\t\t\t<\/span>\n\t\t\t\t\t\t\t\t<\/a>\n\t\t\t\t<\/div>\n\t\t\t\t\t\t\t<\/div>\n\t\t\t\t<\/div>\n\t\t\t\t\t<\/div>\n\t\t<\/div>\n\t\t\t\t\t<\/div>\n\t\t<\/section>\n\t\t\t\t<section class=\"elementor-section elementor-top-section elementor-element elementor-element-5046ea5 elementor-section-boxed elementor-section-height-default elementor-section-height-default\" data-id=\"5046ea5\" data-element_type=\"section\" data-e-type=\"section\">\n\t\t\t\t\t\t<div class=\"elementor-container elementor-column-gap-default\">\n\t\t\t\t\t<div class=\"elementor-column elementor-col-100 elementor-top-column elementor-element elementor-element-a99c793 elementor-invisible\" data-fullscreen-column-settings=\"{&quot;fullscreen&quot;:&quot;&quot;}\" data-id=\"a99c793\" data-element_type=\"column\" data-e-type=\"column\" data-settings=\"{&quot;animation&quot;:&quot;fadeInUp&quot;}\">\n\t\t\t<div class=\"elementor-widget-wrap elementor-element-populated\">\n\t\t\t\t\t\t<section class=\"elementor-section elementor-inner-section elementor-element elementor-element-9ffe76b elementor-section-boxed elementor-section-height-default elementor-section-height-default\" data-id=\"9ffe76b\" data-element_type=\"section\" data-e-type=\"section\">\n\t\t\t\t\t\t<div class=\"elementor-container elementor-column-gap-default\">\n\t\t\t\t\t<div class=\"elementor-column elementor-col-50 elementor-inner-column elementor-element elementor-element-8a3fbf5\" data-fullscreen-column-settings=\"{&quot;fullscreen&quot;:&quot;&quot;}\" data-id=\"8a3fbf5\" data-element_type=\"column\" data-e-type=\"column\">\n\t\t\t<div class=\"elementor-widget-wrap\">\n\t\t\t\t\t\t\t<\/div>\n\t\t<\/div>\n\t\t\t\t<div class=\"elementor-column elementor-col-50 elementor-inner-column elementor-element elementor-element-9a92651\" data-fullscreen-column-settings=\"{&quot;fullscreen&quot;:&quot;&quot;}\" data-id=\"9a92651\" data-element_type=\"column\" data-e-type=\"column\">\n\t\t\t<div class=\"elementor-widget-wrap\">\n\t\t\t\t\t\t\t<\/div>\n\t\t<\/div>\n\t\t\t\t\t<\/div>\n\t\t<\/section>\n\t\t\t\t<div class=\"elementor-element elementor-element-54bd318 elementor-widget elementor-widget-spacer\" data-id=\"54bd318\" data-element_type=\"widget\" data-e-type=\"widget\" data-widget_type=\"spacer.default\">\n\t\t\t\t<div class=\"elementor-widget-container\">\n\t\t\t\t\t\t\t<div class=\"elementor-spacer\">\n\t\t\t<div class=\"elementor-spacer-inner\"><\/div>\n\t\t<\/div>\n\t\t\t\t\t\t<\/div>\n\t\t\t\t<\/div>\n\t\t\t\t<div class=\"elementor-element elementor-element-3e7c438 elementor-widget elementor-widget-text-editor\" data-id=\"3e7c438\" data-element_type=\"widget\" data-e-type=\"widget\" data-widget_type=\"text-editor.default\">\n\t\t\t\t<div class=\"elementor-widget-container\">\n\t\t\t\t\t\t\t\t\t<p style=\"text-align: justify;\">O curso de Cuidador de Idosos da Cl\u00ednica Anjos da Guarda (EAD) proporcionar\u00e1 a voc\u00ea, que deseja atuar na \u00e1rea ou que j\u00e1 esteja atuando, o conhecimento necess\u00e1rio e capacita\u00e7\u00e3o para oferecer um trabalho eficiente e seguro, e ao final do curso voc\u00ea receber\u00e1 seu certificado.<\/p><p style=\"text-align: justify;\">Nosso objetivo \u00e9 que com o curso, os alunos saiam preparados e capacitados para atender os pacientes independentemente da sua idade, patologia e condi\u00e7\u00f5es de sa\u00fade f\u00edsica ou mental, em situa\u00e7\u00e3o de vulnerabilidade ou risco, zelando sempre pela qualidade de vida e bem-estar.<\/p><p class=\"text-left\" style=\"text-align: justify;\"><b>O QUE IR\u00c1 APRENDER?<\/b><\/p><p class=\"text-justify\">&#8211; Introdu\u00e7\u00e3o ao conceito de cuidado;<br \/>&#8211; Qual o papel do cuidador;<br \/>&#8211; \u00c9tica e leis que o profissional deve seguir;<br \/>&#8211; Direito das pessoas idosas;<br \/>&#8211; Quais as doen\u00e7as mais frequentes;<br \/>&#8211; O cuidado devido com a higieniza\u00e7\u00e3o do idoso;<br \/>&#8211; Cuidados ao transportar idosos;<br \/>&#8211; Administra\u00e7\u00e3o de medicamentos;<br \/>&#8211; Como registrar e controlar a temperatura, a press\u00e3o arterial, os batimentos e frequ\u00eancia card\u00edaca, respirat\u00f3ria e de glicose;<br \/>&#8211; Como aferir a satura\u00e7\u00e3o;<br \/>&#8211; Quais os devidos cuidados com um ferimento;<br \/>&#8211; Primeiros socorros;<br \/>&#8211; Cuidados paliativos;<br \/>&#8211; Cuidados relacionados ao Covid-19.<\/p><p style=\"text-align: justify;\">Esses s\u00e3o alguns dos principais temas abordados durante o curso, que tem dura\u00e7\u00e3o final de 160 horas (EAD).<\/p><p style=\"text-align: justify;\">O aluno ter\u00e1 acesso aos materiais disponibilizados na plataforma como a apostila, materiais complementares e v\u00eddeo aulas at\u00e9 a emiss\u00e3o do certificado de conclus\u00e3o de curso ou por um per\u00edodo m\u00e1ximo de at\u00e9 3 meses. Esses materiais ser\u00e3o divididos em 10 m\u00f3dulos onde o aluno receber\u00e1 informa\u00e7\u00f5es completas, e ao final de cada m\u00f3dulo, realizar\u00e1 uma avalia\u00e7\u00e3o testando seus conhecimentos. Chegando ao final do curso ele receber\u00e1 seu certificado digital de conclus\u00e3o de curso.<\/p>\t\t\t\t\t\t\t\t<\/div>\n\t\t\t\t<\/div>\n\t\t\t\t<div class=\"elementor-element elementor-element-c968282 elementor-widget elementor-widget-litho-button\" data-id=\"c968282\" data-element_type=\"widget\" data-e-type=\"widget\" data-widget_type=\"litho-button.default\">\n\t\t\t\t<div class=\"elementor-widget-container\">\n\t\t\t\t\t\t\t\t\t<div class=\"elementor-button-wrapper litho-button-wrapper\">\n\t\t\t\t\t<a class=\"elementor-button-link elementor-button elementor-size-lg\" href=\"https:\/\/go.hotmart.com\/T80439402V\" target=\"_blank\" rel=\"nofollow\" role=\"button\">\n\t\t\t\t\t\t\t\t\t<span class=\"elementor-button-content-wrapper\">\n\t\t\t\t\t\t\t\t<span class=\"elementor-button-icon elementor-align-icon-left\">\n\t\t\t\t\t<i aria-hidden=\"true\" class=\"fas fa-angle-double-right\"><\/i>\t\t\t\t<\/span>\n\t\t\t\t\t\t\t\t\t\t\t\t\t<span class=\"elementor-button-text\">Informa\u00e7\u00f5es sobre o curso<\/span>\n\t\t\t\t\t\t\t<\/span>\n\t\t\t\t\t\t\t\t<\/a>\n\t\t\t\t<\/div>\n\t\t\t\t\t\t\t<\/div>\n\t\t\t\t<\/div>\n\t\t\t\t<div class=\"elementor-element elementor-element-fff543e elementor-widget elementor-widget-litho-button\" data-id=\"fff543e\" data-element_type=\"widget\" data-e-type=\"widget\" data-widget_type=\"litho-button.default\">\n\t\t\t\t<div class=\"elementor-widget-container\">\n\t\t\t\t\t\t\t\t\t<div class=\"elementor-button-wrapper litho-button-wrapper\">\n\t\t\t\t\t<a class=\"elementor-button-link elementor-button elementor-size-lg\" href=\"https:\/\/pay.hotmart.com\/T80439402V\" target=\"_blank\" rel=\"nofollow\" role=\"button\">\n\t\t\t\t\t\t\t\t\t<span class=\"elementor-button-content-wrapper\">\n\t\t\t\t\t\t\t\t<span class=\"elementor-button-icon elementor-align-icon-left\">\n\t\t\t\t\t<i aria-hidden=\"true\" class=\"fas fa-angle-double-right\"><\/i>\t\t\t\t<\/span>\n\t\t\t\t\t\t\t\t\t\t\t\t\t<span class=\"elementor-button-text\">Comprar Agora<\/span>\n\t\t\t\t\t\t\t<\/span>\n\t\t\t\t\t\t\t\t<\/a>\n\t\t\t\t<\/div>\n\t\t\t\t\t\t\t<\/div>\n\t\t\t\t<\/div>\n\t\t\t\t\t<\/div>\n\t\t<\/div>\n\t\t\t\t\t<\/div>\n\t\t<\/section>\n\t\t\t\t<\/div>","protected":false},"excerpt":{"rendered":"<p>Anjos da Guarda &#8211; Curso EAD de Cuidadores de Idosos Curso de Cuidadores R$199,90 Fa\u00e7a o seu curso de cuidador de idosos com direito a certificado da maior institui\u00e7\u00e3o de cuidado humanizado do Brasil. Comprar Agora O curso de Cuidador de Idosos da Cl\u00ednica Anjos da Guarda (EAD) proporcionar\u00e1 a voc\u00ea, que deseja atuar na [&hellip;]<\/p>\n","protected":false},"author":1,"featured_media":0,"parent":0,"menu_order":0,"comment_status":"closed","ping_status":"closed","template":"","meta":{"footnotes":""},"class_list":["post-76983","page","type-page","status-publish","hentry"],"_links":{"self":[{"href":"https:\/\/clinicaanjosdaguarda.com.br\/en\/wp-json\/wp\/v2\/pages\/76983","targetHints":{"allow":["GET"]}}],"collection":[{"href":"https:\/\/clinicaanjosdaguarda.com.br\/en\/wp-json\/wp\/v2\/pages"}],"about":[{"href":"https:\/\/clinicaanjosdaguarda.com.br\/en\/wp-json\/wp\/v2\/types\/page"}],"author":[{"embeddable":true,"href":"https:\/\/clinicaanjosdaguarda.com.br\/en\/wp-json\/wp\/v2\/users\/1"}],"replies":[{"embeddable":true,"href":"https:\/\/clinicaanjosdaguarda.com.br\/en\/wp-json\/wp\/v2\/comments?post=76983"}],"version-history":[{"count":72,"href":"https:\/\/clinicaanjosdaguarda.com.br\/en\/wp-json\/wp\/v2\/pages\/76983\/revisions"}],"predecessor-version":[{"id":78788,"href":"https:\/\/clinicaanjosdaguarda.com.br\/en\/wp-json\/wp\/v2\/pages\/76983\/revisions\/78788"}],"wp:attachment":[{"href":"https:\/\/clinicaanjosdaguarda.com.br\/en\/wp-json\/wp\/v2\/media?parent=76983"}],"curies":[{"name":"wp","href":"https:\/\/api.w.org\/{rel}","templated":true}]}}